{"id":785117,"date":"2026-03-19T03:35:02","date_gmt":"2026-03-19T00:35:02","guid":{"rendered":"https:\/\/roveyayinevi.com.tr\/index.php\/urun\/yolda-ozgurlesmek\/"},"modified":"2026-04-15T03:48:37","modified_gmt":"2026-04-15T00:48:37","slug":"yolda-ozgurlesmek","status":"publish","type":"product","link":"https:\/\/roveyayinevi.com.tr\/index.php\/urun\/yolda-ozgurlesmek\/","title":{"rendered":"Yolda \u00d6zg\u00fcrle\u015fmek"},"content":{"rendered":"<p>Duygular bast\u0131r\u0131ld\u0131\u011f\u0131nda beden konu\u015fur, zihin susmaz, ruh yorulur. G\u00fcn\u00fcm\u00fczde bir\u00e7ok fiziksel belirti, asl\u0131nda duygusal y\u00fcklerin sessiz d\u0131\u015favurumudur: bast\u0131r\u0131lm\u0131\u015f \u00f6fke, kronik gerginlik\u2026 Tutulamam\u0131\u015f yas, i\u00e7e \u00e7\u00f6ken bir donukluk\u2026 S\u00fcrekli endi\u015fe, kontrol ihtiyac\u0131, de\u011fersizlik hissi\u2026 Dr. Murat Balanl\u0131\u2019n\u0131n B\u00fct\u00fcnc\u00fcl Ar\u0131nma Serisi, Yolda Olmak kitab\u0131ndan sonra Yolda \u00d6zg\u00fcrle\u015fmek ile devam ediyor. Duygular\u0131n n\u00f6robiyolojik, psikolojik ve beden-zihin b\u00fct\u00fcnl\u00fc\u011f\u00fc i\u00e7inde nas\u0131l bir etki yaratt\u0131\u011f\u0131n\u0131 ad\u0131m ad\u0131m a\u00e7\u0131klarken, ayn\u0131 zamanda iyile\u015ftirici yollar da sunuyor. Yaz\u0131l\u0131 her sat\u0131r, hem bir fark\u0131ndal\u0131k penceresi hem de bir \u015fefkatli e\u015flik niteli\u011finde. Klinik uygulamalardan, travma terapilerinden ve b\u00fct\u00fcnc\u00fcl sa\u011fl\u0131k yakla\u015f\u0131m\u0131ndan beslenerek yap\u0131land\u0131r\u0131lan Yolda \u00d6zg\u00fcrle\u015fmek, kendi duygusal iyilik haline do\u011fru ataca\u011f\u0131n somut ad\u0131mlar i\u00e7in bir rehber niteli\u011finde<\/p>\n","protected":false},"excerpt":{"rendered":"<p>Duygular bast\u0131r\u0131ld\u0131\u011f\u0131nda beden konu\u015fur, zihin susmaz, ruh yorulur. G\u00fcn\u00fcm\u00fczde bir\u00e7ok fiziksel belirti, asl\u0131nda duygusal y\u00fcklerin sessiz d\u0131\u015favurumudur: bast\u0131r\u0131lm\u0131\u015f \u00f6fke, kronik gerginlik\u2026 Tutulamam\u0131\u015f yas, i\u00e7e \u00e7\u00f6ken bir<span class=\"excerpt-hellip\"> [\u2026]<\/span><\/p>\n","protected":false},"featured_media":0,"template":"","meta":{"_monsterinsights_skip_tracking":false,"_monsterinsights_sitenote_active":false,"_monsterinsights_sitenote_note":"","_monsterinsights_sitenote_category":0},"product_brand":[],"product_cat":[12364,12376],"product_tag":[],"class_list":{"0":"post-785117","1":"product","2":"type-product","3":"status-publish","5":"product_cat-genel-konular","6":"product_cat-kisisel-gelisim","7":"pa_cilt-ciltsiz","8":"pa_tur-kitap","9":"pa_yayinevi-nemesis-kitap","10":"pa_yazar-murat-balanli","12":"first","13":"instock","14":"sale","15":"shipping-taxable","16":"purchasable","17":"product-type-simple"},"_links":{"self":[{"href":"https:\/\/roveyayinevi.com.tr\/index.php\/wp-json\/wp\/v2\/product\/785117","targetHints":{"allow":["GET"]}}],"collection":[{"href":"https:\/\/roveyayinevi.com.tr\/index.php\/wp-json\/wp\/v2\/product"}],"about":[{"href":"https:\/\/roveyayinevi.com.tr\/index.php\/wp-json\/wp\/v2\/types\/product"}],"wp:attachment":[{"href":"https:\/\/roveyayinevi.com.tr\/index.php\/wp-json\/wp\/v2\/media?parent=785117"}],"wp:term":[{"taxonomy":"product_brand","embeddable":true,"href":"https:\/\/roveyayinevi.com.tr\/index.php\/wp-json\/wp\/v2\/product_brand?post=785117"},{"taxonomy":"product_cat","embeddable":true,"href":"https:\/\/roveyayinevi.com.tr\/index.php\/wp-json\/wp\/v2\/product_cat?post=785117"},{"taxonomy":"product_tag","embeddable":true,"href":"https:\/\/roveyayinevi.com.tr\/index.php\/wp-json\/wp\/v2\/product_tag?post=785117"}],"curies":[{"name":"wp","href":"https:\/\/api.w.org\/{rel}","templated":true}]}}