{"id":785116,"date":"2026-03-19T03:34:59","date_gmt":"2026-03-19T00:34:59","guid":{"rendered":"https:\/\/roveyayinevi.com.tr\/index.php\/urun\/ayaklarimin-altindaki-dunya\/"},"modified":"2026-04-15T03:48:36","modified_gmt":"2026-04-15T00:48:36","slug":"ayaklarimin-altindaki-dunya","status":"publish","type":"product","link":"https:\/\/roveyayinevi.com.tr\/index.php\/urun\/ayaklarimin-altindaki-dunya\/","title":{"rendered":"Ayaklar\u0131m\u0131n Alt\u0131ndaki D\u00fcnya"},"content":{"rendered":"<p>Ellie i\u00e7in d\u00fcnya, ayaklar\u0131n\u0131n alt\u0131ndaki toprakla s\u0131n\u0131rl\u0131d\u0131r. Bah\u00e7e kap\u0131s\u0131n\u0131n \u00f6tesindeyse ad\u0131n\u0131 koyamad\u0131\u011f\u0131 bir korku vard\u0131r. Ge\u00e7mi\u015ften s\u0131zan r\u00fcyalar ve bast\u0131r\u0131lm\u0131\u015f hat\u0131ralar, onu y\u0131llard\u0131r sakland\u0131\u011f\u0131 bah\u00e7esine hapsetmi\u015ftir. Y\u0131llar \u00f6nce, Harriet i\u00e7inse d\u00fcnya \u00e7ok daha serttir. 1990\u2019larda sava\u015f muhabiri olarak Romanya\u2019ya g\u00f6nderildi\u011finde, t\u00fcm d\u00fcnya \u00c7avu\u015fesku rejiminin ard\u0131ndan g\u00fcn y\u00fcz\u00fcne \u00e7\u0131kan devlet yetimhanelerindeki \u00e7ocuklar\u0131n g\u00f6r\u00fcnt\u00fclerini konu\u015fmaktad\u0131r. Harriet, kapal\u0131 kap\u0131lar\u0131n ard\u0131nda tan\u0131k oldu\u011fu ihmali, sessizli\u011fi ve kay\u0131plar\u0131 yaln\u0131zca haberle\u015ftirmekle kalmaz, onlar\u0131 hayat\u0131na da ta\u015f\u0131r. Bu deneyim, onun anneli\u011fini ve se\u00e7imlerini de geri d\u00f6n\u00fclmez bi\u00e7imde \u015fekillendirir. Ayaklar\u0131m\u0131n Alt\u0131ndaki D\u00fcnya, iki kad\u0131n\u0131n, iki ku\u015fa\u011f\u0131n ve iki farkl\u0131 cesaret bi\u00e7iminin roman\u0131. Romanya\u2019daki bir yetimhaneden \u0130ngiliz k\u0131rsal\u0131ndaki bir bah\u00e7eye uzanan bu hik\u00e2ye; ge\u00e7mi\u015fle y\u00fczle\u015fmenin ve yeniden ba\u015flaman\u0131n m\u00fcmk\u00fcn olup olmad\u0131\u011f\u0131n\u0131 sorgularken, bir kad\u0131n\u0131n kendini ke\u015ffetme yolculu\u011funda sevginin ve umudun iyile\u015ftirici g\u00fcc\u00fcn\u00fc anlat\u0131yor.<\/p>\n","protected":false},"excerpt":{"rendered":"<p>Ellie i\u00e7in d\u00fcnya, ayaklar\u0131n\u0131n alt\u0131ndaki toprakla s\u0131n\u0131rl\u0131d\u0131r. Bah\u00e7e kap\u0131s\u0131n\u0131n \u00f6tesindeyse ad\u0131n\u0131 koyamad\u0131\u011f\u0131 bir korku vard\u0131r. Ge\u00e7mi\u015ften s\u0131zan r\u00fcyalar ve bast\u0131r\u0131lm\u0131\u015f hat\u0131ralar, onu y\u0131llard\u0131r sakland\u0131\u011f\u0131 bah\u00e7esine hapsetmi\u015ftir.<span class=\"excerpt-hellip\"> [\u2026]<\/span><\/p>\n","protected":false},"featured_media":0,"template":"","meta":{"_monsterinsights_skip_tracking":false,"_monsterinsights_sitenote_active":false,"_monsterinsights_sitenote_note":"","_monsterinsights_sitenote_category":0},"product_brand":[],"product_cat":[12291,12711],"product_tag":[],"class_list":{"0":"post-785116","1":"product","2":"type-product","3":"status-publish","5":"product_cat-edebiyat","6":"product_cat-roman-oyku","7":"pa_cilt-ciltsiz","8":"pa_tur-kitap","9":"pa_yayinevi-epsilon-yayinlari","10":"pa_yazar-catherine-isaac","12":"first","13":"instock","14":"sale","15":"shipping-taxable","16":"purchasable","17":"product-type-simple"},"_links":{"self":[{"href":"https:\/\/roveyayinevi.com.tr\/index.php\/wp-json\/wp\/v2\/product\/785116","targetHints":{"allow":["GET"]}}],"collection":[{"href":"https:\/\/roveyayinevi.com.tr\/index.php\/wp-json\/wp\/v2\/product"}],"about":[{"href":"https:\/\/roveyayinevi.com.tr\/index.php\/wp-json\/wp\/v2\/types\/product"}],"wp:attachment":[{"href":"https:\/\/roveyayinevi.com.tr\/index.php\/wp-json\/wp\/v2\/media?parent=785116"}],"wp:term":[{"taxonomy":"product_brand","embeddable":true,"href":"https:\/\/roveyayinevi.com.tr\/index.php\/wp-json\/wp\/v2\/product_brand?post=785116"},{"taxonomy":"product_cat","embeddable":true,"href":"https:\/\/roveyayinevi.com.tr\/index.php\/wp-json\/wp\/v2\/product_cat?post=785116"},{"taxonomy":"product_tag","embeddable":true,"href":"https:\/\/roveyayinevi.com.tr\/index.php\/wp-json\/wp\/v2\/product_tag?post=785116"}],"curies":[{"name":"wp","href":"https:\/\/api.w.org\/{rel}","templated":true}]}}