{"id":785114,"date":"2026-03-19T03:34:54","date_gmt":"2026-03-19T00:34:54","guid":{"rendered":"https:\/\/roveyayinevi.com.tr\/index.php\/urun\/erkek-ve-kadindegisen-bir-dunyada-cinsiyetler-uzerine\/"},"modified":"2026-04-15T03:48:35","modified_gmt":"2026-04-15T00:48:35","slug":"erkek-ve-kadindegisen-bir-dunyada-cinsiyetler-uzerine","status":"publish","type":"product","link":"https:\/\/roveyayinevi.com.tr\/index.php\/urun\/erkek-ve-kadindegisen-bir-dunyada-cinsiyetler-uzerine\/","title":{"rendered":"Erkek ve Kad\u0131n;De\u011fi\u015fen Bir D\u00fcnyada Cinsiyetler \u00dczerine"},"content":{"rendered":"<p>Erkek ve Kad\u0131n, Margaret Mead\u2019in antropoloji alan\u0131nda \u00e7\u0131\u011f\u0131r a\u00e7an \u00e7al\u0131\u015fmalar\u0131ndan biridir. Bu \u00f6nemli eser, farkl\u0131 k\u00fclt\u00fcrlerde toplumsal cinsiyet rollerinin nas\u0131l in\u015fa edildi\u011fini kapsaml\u0131 bir bi\u00e7imde ele almaktad\u0131r. Mead bu \u00e7al\u0131\u015fmas\u0131nda, cinsiyet farkl\u0131l\u0131klar\u0131n\u0131 yaln\u0131zca k\u00fclt\u00fcrel etkilerle a\u00e7\u0131klayan \u00f6nceki g\u00f6r\u00fc\u015flerinden ayr\u0131larak, toplumsal cinsiyet kimli\u011fi ve rollerinin temelinde yer alabilecek biyolojik sabitleri de sorgular. Analizinde Freudyen psikanalitik kuramdan yararlanarak biyoloji ile k\u00fclt\u00fcr aras\u0131ndaki karma\u015f\u0131k etkile\u015fimi derinlemesine inceler.Mead\u2019in anlat\u0131s\u0131, anneli\u011fi kad\u0131nlar i\u00e7in ya\u015famsal ve doyurucu bir rol olarak konumland\u0131r\u0131rken, her iki cinsin de kendine \u00f6zg\u00fc \u201c\u00fcst\u00fcnl\u00fckler\u201d ta\u015f\u0131d\u0131\u011f\u0131na i\u015faret eder. Bu yakla\u015f\u0131m, feminist d\u00fc\u015f\u00fcnce i\u00e7inde farkl\u0131 tepkilere yol a\u00e7m\u0131\u015f; baz\u0131 ele\u015ftirmenler Mead\u2019in kimi noktalarda s\u0131n\u0131rlay\u0131c\u0131 cinsiyet kal\u0131plar\u0131n\u0131 yeniden \u00fcretebilece\u011fini \u00f6ne s\u00fcrm\u00fc\u015ft\u00fcr.Yay\u0131mland\u0131\u011f\u0131 d\u00f6nemde kamusal tart\u0131\u015fmalar\u0131 derinden etkileyen eser; 20. y\u00fczy\u0131l\u0131n ortas\u0131nda erkeklik ve kad\u0131nl\u0131k kavray\u0131\u015flar\u0131n\u0131n yeniden d\u00fc\u015f\u00fcn\u00fclmesine katk\u0131da bulunmu\u015ftur. Erkek ve Kad\u0131n, okuru toplumsal cinsiyet kimli\u011finin olu\u015fumunda hem biyolojik hem de k\u00fclt\u00fcrel etkenleri birlikte de\u011ferlendirmeye davet ediyor. G\u00fcncelli\u011fini koruyan s\u0131rad\u0131\u015f\u0131 bir belge olmay\u0131 s\u00fcrd\u00fcr\u00fcrken; Mead\u2019in ara\u015ft\u0131rma y\u00f6ntemleri ve saha \u00e7al\u0131\u015fmalar\u0131, gelecek ku\u015fak akademisyenler i\u00e7in ilham verici bir yol haritas\u0131 sunuyor.<\/p>\n","protected":false},"excerpt":{"rendered":"<p>Erkek ve Kad\u0131n, Margaret Mead\u2019in antropoloji alan\u0131nda \u00e7\u0131\u011f\u0131r a\u00e7an \u00e7al\u0131\u015fmalar\u0131ndan biridir. Bu \u00f6nemli eser, farkl\u0131 k\u00fclt\u00fcrlerde toplumsal cinsiyet rollerinin nas\u0131l in\u015fa edildi\u011fini kapsaml\u0131 bir bi\u00e7imde ele<span class=\"excerpt-hellip\"> [\u2026]<\/span><\/p>\n","protected":false},"featured_media":0,"template":"","meta":{"_monsterinsights_skip_tracking":false,"_monsterinsights_sitenote_active":false,"_monsterinsights_sitenote_note":"","_monsterinsights_sitenote_category":0},"product_brand":[],"product_cat":[26396,13488],"product_tag":[],"class_list":{"0":"post-785114","1":"product","2":"type-product","3":"status-publish","5":"product_cat-kadin-erkek-iliskileri","6":"product_cat-toplum-ve-insan","7":"pa_cilt-ciltsiz","8":"pa_tur-kitap","9":"pa_yayinevi-minotor-kitap","10":"pa_yazar-margaret-mead","12":"first","13":"instock","14":"sale","15":"shipping-taxable","16":"purchasable","17":"product-type-simple"},"_links":{"self":[{"href":"https:\/\/roveyayinevi.com.tr\/index.php\/wp-json\/wp\/v2\/product\/785114","targetHints":{"allow":["GET"]}}],"collection":[{"href":"https:\/\/roveyayinevi.com.tr\/index.php\/wp-json\/wp\/v2\/product"}],"about":[{"href":"https:\/\/roveyayinevi.com.tr\/index.php\/wp-json\/wp\/v2\/types\/product"}],"wp:attachment":[{"href":"https:\/\/roveyayinevi.com.tr\/index.php\/wp-json\/wp\/v2\/media?parent=785114"}],"wp:term":[{"taxonomy":"product_brand","embeddable":true,"href":"https:\/\/roveyayinevi.com.tr\/index.php\/wp-json\/wp\/v2\/product_brand?post=785114"},{"taxonomy":"product_cat","embeddable":true,"href":"https:\/\/roveyayinevi.com.tr\/index.php\/wp-json\/wp\/v2\/product_cat?post=785114"},{"taxonomy":"product_tag","embeddable":true,"href":"https:\/\/roveyayinevi.com.tr\/index.php\/wp-json\/wp\/v2\/product_tag?post=785114"}],"curies":[{"name":"wp","href":"https:\/\/api.w.org\/{rel}","templated":true}]}}