{"id":785113,"date":"2026-03-19T03:34:52","date_gmt":"2026-03-19T00:34:52","guid":{"rendered":"https:\/\/roveyayinevi.com.tr\/index.php\/urun\/kurma-kiz\/"},"modified":"2026-04-15T03:48:35","modified_gmt":"2026-04-15T00:48:35","slug":"kurma-kiz","status":"publish","type":"product","link":"https:\/\/roveyayinevi.com.tr\/index.php\/urun\/kurma-kiz\/","title":{"rendered":"Kurma K\u0131z"},"content":{"rendered":"<p>\u201cKurma K\u0131z, bilimkurgu tarihinde \u00e7ok farkl\u0131 bir yerde duruyor.\u201d \u2013GEORGE R. R. MARTIN Petrol \u00e7a\u011f\u0131 kapand\u0131; geriye sadece h\u0131r\u00e7\u0131n okyanuslar\u0131n yuttu\u011fu bir d\u00fcnya kald\u0131. Fosil yak\u0131tlar\u0131n yerini devasa yaylar\u0131n mekanik g\u0131c\u0131rt\u0131\u00acs\u0131, elektri\u011fin yerini laboratuvarlarda \u00fcretilen \u201ckaloriler\u201d ald\u0131. Art\u0131k haritalar m\u00fcrekkeple de\u011fil, y\u00fckselen tuzlu sularla ve dev \u015firketle\u00acrin a\u00e7g\u00f6zl\u00fcl\u00fc\u011f\u00fcyle \u00e7iziliyor. 23. y\u00fczy\u0131l\u0131n Bangkok\u2019unda hava a\u011f\u0131r, biyoter\u00f6r ise g\u00fcnl\u00fck hayat\u0131n bir par\u00e7as\u0131d\u0131r. Dev g\u0131da \u015firketleri, geneti\u011fiyle oynad\u0131klar\u0131 tohum\u00aclar ve kas\u0131tl\u0131 yayd\u0131klar\u0131 salg\u0131nlar arac\u0131l\u0131\u011f\u0131yla d\u00fcnyaya diz \u00e7\u00f6kt\u00fcr\u00acm\u00fc\u015ft\u00fcr. Sahte kimli\u011finin ard\u0131nda insanl\u0131\u011f\u0131n kay\u0131p genetik miras\u0131n\u0131 arayan Anderson Lake\u2019in yolu Emiko ile kesi\u015fir. Emiko, laboratu\u00acvarlarda \u00fcretilen, efendilerine itaat etmesi i\u00e7in programlanan ve toplum taraf\u0131ndan \u201cruhsuz\u201d kabul edilip a\u015fa\u011f\u0131lanan bir \u201cKurma K\u0131z\u201dd\u0131r. Efendisi taraf\u0131ndan terk edilen Emiko, Bangkok\u2019un tekin\u00acsiz sokaklar\u0131nda hayatta kalmaya \u00e7al\u0131\u015f\u0131rken kurulu d\u00fczenin asla hesaba katmad\u0131\u011f\u0131 bir tehdit h\u00e2line gelir. Kalorinin iktidar arac\u0131na d\u00f6n\u00fc\u015ft\u00fc\u011f\u00fc, biyoteknolojik salg\u0131nlar\u0131n medeniyeti u\u00e7urumun e\u015fi\u011fine s\u00fcr\u00fckledi\u011fi bir gelecekte insan\u0131 in\u00acsan yapan \u015fey genleri midir, yoksa se\u00e7imleri mi? Hugo, Nebula ve Locus dahil olmak \u00fczere \u00e7ok say\u0131da \u00f6d\u00fcle lay\u0131k g\u00f6r\u00fclen Kurma K\u0131z, Paolo Bacigalupi\u2019nin kaleminden bug\u00fcn\u00fcn h\u0131rslar\u0131na ve yar\u0131n\u0131n felaketlerine dair karanl\u0131k, g\u00f6rkemli ve sars\u0131c\u0131 bir kehanet.<\/p>\n","protected":false},"excerpt":{"rendered":"<p>\u201cKurma K\u0131z, bilimkurgu tarihinde \u00e7ok farkl\u0131 bir yerde duruyor.\u201d \u2013GEORGE R. R. MARTIN Petrol \u00e7a\u011f\u0131 kapand\u0131; geriye sadece h\u0131r\u00e7\u0131n okyanuslar\u0131n yuttu\u011fu bir d\u00fcnya kald\u0131. Fosil yak\u0131tlar\u0131n<span class=\"excerpt-hellip\"> [\u2026]<\/span><\/p>\n","protected":false},"featured_media":0,"template":"","meta":{"_monsterinsights_skip_tracking":false,"_monsterinsights_sitenote_active":false,"_monsterinsights_sitenote_note":"","_monsterinsights_sitenote_category":0},"product_brand":[],"product_cat":[12540,12291],"product_tag":[],"class_list":{"0":"post-785113","1":"product","2":"type-product","3":"status-publish","5":"product_cat-bilim-kurgu","6":"product_cat-edebiyat","7":"pa_cilt-ciltsiz","8":"pa_tur-kitap","9":"pa_yayinevi-ithaki-yayinlari","10":"pa_yazar-paolo-bacigalupi","12":"first","13":"instock","14":"sale","15":"shipping-taxable","16":"purchasable","17":"product-type-simple"},"_links":{"self":[{"href":"https:\/\/roveyayinevi.com.tr\/index.php\/wp-json\/wp\/v2\/product\/785113","targetHints":{"allow":["GET"]}}],"collection":[{"href":"https:\/\/roveyayinevi.com.tr\/index.php\/wp-json\/wp\/v2\/product"}],"about":[{"href":"https:\/\/roveyayinevi.com.tr\/index.php\/wp-json\/wp\/v2\/types\/product"}],"wp:attachment":[{"href":"https:\/\/roveyayinevi.com.tr\/index.php\/wp-json\/wp\/v2\/media?parent=785113"}],"wp:term":[{"taxonomy":"product_brand","embeddable":true,"href":"https:\/\/roveyayinevi.com.tr\/index.php\/wp-json\/wp\/v2\/product_brand?post=785113"},{"taxonomy":"product_cat","embeddable":true,"href":"https:\/\/roveyayinevi.com.tr\/index.php\/wp-json\/wp\/v2\/product_cat?post=785113"},{"taxonomy":"product_tag","embeddable":true,"href":"https:\/\/roveyayinevi.com.tr\/index.php\/wp-json\/wp\/v2\/product_tag?post=785113"}],"curies":[{"name":"wp","href":"https:\/\/api.w.org\/{rel}","templated":true}]}}