{"id":785110,"date":"2026-03-19T03:34:38","date_gmt":"2026-03-19T00:34:38","guid":{"rendered":"https:\/\/roveyayinevi.com.tr\/index.php\/urun\/gencler-icin-peygamberlerin-hayatlari\/"},"modified":"2026-04-15T03:47:38","modified_gmt":"2026-04-15T00:47:38","slug":"gencler-icin-peygamberlerin-hayatlari","status":"publish","type":"product","link":"https:\/\/roveyayinevi.com.tr\/index.php\/urun\/gencler-icin-peygamberlerin-hayatlari\/","title":{"rendered":"Gen\u00e7ler \u0130\u00e7in Peygamberlerin Hayatlar\u0131"},"content":{"rendered":"<p>TAM manada rehber olma, peygamberlerde hayat bulmu\u015ftur. Onlar, Allah\u2019a kar\u015f\u0131 kullukta anlayamayaca\u011f\u0131m\u0131z kadar derin, insanlara kar\u015f\u0131 ise affedici ve kucaklay\u0131c\u0131 olmu\u015flard\u0131r. \u00c7\u0131rp\u0131n\u0131rcas\u0131na, kendilerini t\u00fcketircesine hak ve hakikati anlatmak i\u00e7in \u00e7abalam\u0131\u015flard\u0131r. G\u00fcn\u00fcm\u00fczde onlar\u0131n hayatlar\u0131n\u0131 anlamaya \u00e7ok ihtiyac\u0131m\u0131z oldu\u011funu d\u00fc\u015f\u00fcn\u00fcyorum. Yunus aleyhisselam\u0131n bal\u0131\u011f\u0131n karn\u0131ndaki hali gibi samimiyetle Allah\u2019a y\u00f6nelmeye, Ey\u00fcp aleyhisselam gibi ba\u015f\u0131m\u0131za gelenlere sabretmeye, kuyudaki Yusuf aleyhisselam gibi umut etmeye, \u00c2dem aleyhisselam gibi t\u00f6vbe etmeye, \u0130brahim aleyhisselam gibi k\u00fcf\u00fcr kar\u015f\u0131s\u0131nda dimdik durmaya, Nuh aleyhisselam gibi y\u00fczlerce y\u0131l anlatmaktan usanmamaya, \u0130sa aleyhisselam gibi affedici olmaya ve K\u00e2inat\u0131n Efendisi Muhammed Mustafa (sav) gibi sevmeye ne \u00e7ok ihtiyac\u0131m\u0131z var.<\/p>\n","protected":false},"excerpt":{"rendered":"<p>TAM manada rehber olma, peygamberlerde hayat bulmu\u015ftur. Onlar, Allah\u2019a kar\u015f\u0131 kullukta anlayamayaca\u011f\u0131m\u0131z kadar derin, insanlara kar\u015f\u0131 ise affedici ve kucaklay\u0131c\u0131 olmu\u015flard\u0131r. \u00c7\u0131rp\u0131n\u0131rcas\u0131na, kendilerini t\u00fcketircesine hak ve<span class=\"excerpt-hellip\"> [\u2026]<\/span><\/p>\n","protected":false},"featured_media":0,"template":"","meta":{"_monsterinsights_skip_tracking":false,"_monsterinsights_sitenote_active":false,"_monsterinsights_sitenote_note":"","_monsterinsights_sitenote_category":0},"product_brand":[],"product_cat":[12718,12719],"product_tag":[],"class_list":{"0":"post-785110","1":"product","2":"type-product","3":"status-publish","5":"product_cat-din","6":"product_cat-islam","7":"pa_cilt-ciltsiz","8":"pa_tur-kitap","9":"pa_yayinevi-ugurbocegi-yayinlari","10":"pa_yazar-zehra-aygul","12":"first","13":"instock","14":"sale","15":"shipping-taxable","16":"purchasable","17":"product-type-simple"},"_links":{"self":[{"href":"https:\/\/roveyayinevi.com.tr\/index.php\/wp-json\/wp\/v2\/product\/785110","targetHints":{"allow":["GET"]}}],"collection":[{"href":"https:\/\/roveyayinevi.com.tr\/index.php\/wp-json\/wp\/v2\/product"}],"about":[{"href":"https:\/\/roveyayinevi.com.tr\/index.php\/wp-json\/wp\/v2\/types\/product"}],"wp:attachment":[{"href":"https:\/\/roveyayinevi.com.tr\/index.php\/wp-json\/wp\/v2\/media?parent=785110"}],"wp:term":[{"taxonomy":"product_brand","embeddable":true,"href":"https:\/\/roveyayinevi.com.tr\/index.php\/wp-json\/wp\/v2\/product_brand?post=785110"},{"taxonomy":"product_cat","embeddable":true,"href":"https:\/\/roveyayinevi.com.tr\/index.php\/wp-json\/wp\/v2\/product_cat?post=785110"},{"taxonomy":"product_tag","embeddable":true,"href":"https:\/\/roveyayinevi.com.tr\/index.php\/wp-json\/wp\/v2\/product_tag?post=785110"}],"curies":[{"name":"wp","href":"https:\/\/api.w.org\/{rel}","templated":true}]}}