{"id":785106,"date":"2026-03-19T03:32:01","date_gmt":"2026-03-19T00:32:01","guid":{"rendered":"https:\/\/roveyayinevi.com.tr\/index.php\/urun\/dunya-kardesligi-atlantisin-cocuklari-3\/"},"modified":"2026-04-15T03:44:55","modified_gmt":"2026-04-15T00:44:55","slug":"dunya-kardesligi-atlantisin-cocuklari-3","status":"publish","type":"product","link":"https:\/\/roveyayinevi.com.tr\/index.php\/urun\/dunya-kardesligi-atlantisin-cocuklari-3\/","title":{"rendered":"D\u00fcnya Karde\u015fli\u011fi &#8211; Atlantis&#8217;in \u00c7ocuklar\u0131 3"},"content":{"rendered":"<p>\u00c7evre Karde\u015fli\u011fi ekibi s\u0131n\u0131r tan\u0131m\u0131yor, onlar\u0131 yeni \u00f6d\u00fcller bekliyor!\u00c7evre Karde\u015fli\u011fi, gezegene \u00e7a\u011fr\u0131 yapt\u0131\u011f\u0131 acil \u00e7\u00f6z\u00fcm gerektiren konular hakk\u0131nda birlik olup D\u00fcnya \u00c7ocuk Cumhuriyeti alt\u0131nda birle\u015fti. \u201cBirimiz hepimiz, hepimiz d\u00fcnyam\u0131z i\u00e7in!\u201d dedi. S\u0131n\u0131rlar \u00e7ocuklar\u0131n birle\u015ftirici g\u00fcc\u00fcyle ortadan kalkt\u0131. Ba\u015flang\u0131\u00e7ta k\u00fc\u00e7\u00fck bir mahallede ba\u015flayan \u00c7evre Karde\u015fli\u011fi Tak\u0131m\u0131\u2019n\u0131n \u00e7al\u0131\u015fmalar\u0131 t\u00fcm gezegene yay\u0131ld\u0131. Bu macera, hepimizi bir kez daha gezegenimiz i\u00e7in ad\u0131m atmaya davet ediyor.Kitaplar\u0131nda okurlar\u0131n\u0131 farkl\u0131 \u00e7a\u011flarda yolculuklara \u00e7\u0131karan Bilgin Adal\u0131&#8217;n\u0131n \u00e7ok sevilen Atlantis\u2019in \u00c7ocuklar\u0131 serisi G\u00f6zde Bitir\u2019in resimleriyle yeniden canlan\u0131yor. Adal\u0131\u2019n\u0131n \u00e7evre \u00fczerine macera ve fark\u0131ndal\u0131kla \u00f6r\u00fcl\u00fc sevilen bu serisi \u00fc\u00e7\u00fcnc\u00fc kitapla sonlan\u0131yor!<\/p>\n","protected":false},"excerpt":{"rendered":"<p>\u00c7evre Karde\u015fli\u011fi ekibi s\u0131n\u0131r tan\u0131m\u0131yor, onlar\u0131 yeni \u00f6d\u00fcller bekliyor!\u00c7evre Karde\u015fli\u011fi, gezegene \u00e7a\u011fr\u0131 yapt\u0131\u011f\u0131 acil \u00e7\u00f6z\u00fcm gerektiren konular hakk\u0131nda birlik olup D\u00fcnya \u00c7ocuk Cumhuriyeti alt\u0131nda birle\u015fti. \u201cBirimiz<span class=\"excerpt-hellip\"> [\u2026]<\/span><\/p>\n","protected":false},"featured_media":0,"template":"","meta":{"_monsterinsights_skip_tracking":false,"_monsterinsights_sitenote_active":false,"_monsterinsights_sitenote_note":"","_monsterinsights_sitenote_category":0},"product_brand":[],"product_cat":[12274,12284],"product_tag":[],"class_list":{"0":"post-785106","1":"product","2":"type-product","3":"status-publish","5":"product_cat-cocuk-ve-genclik-kitaplari","6":"product_cat-hikayeler","7":"pa_cilt-ciltsiz","8":"pa_tur-kitap","9":"pa_yayinevi-can-cocuk-yayinlari","10":"pa_yazar-bilgin-adali","12":"first","13":"instock","14":"sale","15":"shipping-taxable","16":"purchasable","17":"product-type-simple"},"_links":{"self":[{"href":"https:\/\/roveyayinevi.com.tr\/index.php\/wp-json\/wp\/v2\/product\/785106","targetHints":{"allow":["GET"]}}],"collection":[{"href":"https:\/\/roveyayinevi.com.tr\/index.php\/wp-json\/wp\/v2\/product"}],"about":[{"href":"https:\/\/roveyayinevi.com.tr\/index.php\/wp-json\/wp\/v2\/types\/product"}],"wp:attachment":[{"href":"https:\/\/roveyayinevi.com.tr\/index.php\/wp-json\/wp\/v2\/media?parent=785106"}],"wp:term":[{"taxonomy":"product_brand","embeddable":true,"href":"https:\/\/roveyayinevi.com.tr\/index.php\/wp-json\/wp\/v2\/product_brand?post=785106"},{"taxonomy":"product_cat","embeddable":true,"href":"https:\/\/roveyayinevi.com.tr\/index.php\/wp-json\/wp\/v2\/product_cat?post=785106"},{"taxonomy":"product_tag","embeddable":true,"href":"https:\/\/roveyayinevi.com.tr\/index.php\/wp-json\/wp\/v2\/product_tag?post=785106"}],"curies":[{"name":"wp","href":"https:\/\/api.w.org\/{rel}","templated":true}]}}