{"id":785105,"date":"2026-03-19T03:20:49","date_gmt":"2026-03-19T00:20:49","guid":{"rendered":"https:\/\/roveyayinevi.com.tr\/index.php\/urun\/kriminolojiye-giris\/"},"modified":"2026-04-15T03:31:41","modified_gmt":"2026-04-15T00:31:41","slug":"kriminolojiye-giris","status":"publish","type":"product","link":"https:\/\/roveyayinevi.com.tr\/index.php\/urun\/kriminolojiye-giris\/","title":{"rendered":"Kriminolojiye Giri\u015f"},"content":{"rendered":"<p>Kriminoloji, su\u00e7 ve sapma olgular\u0131n\u0131n kavramsalla\u015ft\u0131r\u0131lmas\u0131, bu iki olgunun ortaya \u00e7\u0131k\u0131\u015f nedenleri ve olu\u015fum s\u00fcre\u00e7leri, su\u00e7lu davran\u0131\u015f\u0131n\u0131n sosyal, psikolojik ve ekonomik etkileri, su\u00e7 desenlerinin analizi ve su\u00e7 \u00f6nleme stratejileri gibi sosyal hayat\u0131m\u0131zla yak\u0131ndan ili\u015fkili \u00f6nemli konular\u0131 ele alan \u00e7ok disiplinli bir yakla\u015f\u0131md\u0131r. T\u00fcrk\u00e7e kriminoloji ve su\u00e7 ara\u015ft\u0131rmalar\u0131 literat\u00fcr\u00fcnde su\u00e7 ve sapma olgular\u0131n\u0131 farkl\u0131 teorik ve uygulamal\u0131 perspektiflerden inceleyerek, su\u00e7 problemlerinin ara\u015ft\u0131r\u0131lmas\u0131na yol g\u00f6sterecek kaynaklar\u0131n eksikli\u011fi bu kitab\u0131 kaleme almak i\u00e7in bize ilham kayna\u011f\u0131 olmu\u015ftur. Kitap, Kriminolojiye Giri\u015f, Su\u00e7 Teorileri ve Su\u00e7 Problemleri olmak \u00fczere \u00fc\u00e7 ana b\u00f6l\u00fcmden olu\u015fmaktad\u0131r. \u0130lk b\u00f6l\u00fcmde kriminolojinin temel kavramlar\u0131 ve su\u00e7un sosyal dinamikleri incelenmi\u015f; ard\u0131ndan su\u00e7un nedenleri ve kontrol\u00fc \u00fczerine farkl\u0131 teoriler ve perspektifler detayl\u0131 bir \u015fekilde ele al\u0131nm\u0131\u015ft\u0131r. Son b\u00f6l\u00fcmde ise su\u00e7 t\u00fcrleri ve bu su\u00e7lar\u0131n yap\u0131s\u0131, yasal d\u00fczenlemeler ve su\u00e7lar\u0131n yayg\u0131nl\u0131klar\u0131 incelenerek okuyuculara derinlemesine bir bak\u0131\u015f sunulmu\u015ftur. Su\u00e7 ve su\u00e7luluk kavramlar\u0131n\u0131 anlama, a\u00e7\u0131klama ve ele\u015ftirme yolunda \u00f6nemli bir rehber olan bu kitap, kriminolojiye ve su\u00e7 ara\u015ft\u0131rmalar\u0131na ilgi duyan akademisyenler, lisans ve lisans\u00fcst\u00fc e\u011fitim alan \u00f6\u011frenciler ve ilgili profesyoneller i\u00e7in de\u011ferli bir kaynak niteli\u011findedir. Kitab\u0131m\u0131z\u0131n T\u00fcrkiye\u2019deki kriminoloji ve su\u00e7 ara\u015ft\u0131rmalar\u0131 literat\u00fcr\u00fcne katk\u0131 sa\u011flamas\u0131 dile\u011fiyle. <\/p>\n","protected":false},"excerpt":{"rendered":"<p>Kriminoloji, su\u00e7 ve sapma olgular\u0131n\u0131n kavramsalla\u015ft\u0131r\u0131lmas\u0131, bu iki olgunun ortaya \u00e7\u0131k\u0131\u015f nedenleri ve olu\u015fum s\u00fcre\u00e7leri, su\u00e7lu davran\u0131\u015f\u0131n\u0131n sosyal, psikolojik ve ekonomik etkileri, su\u00e7 desenlerinin analizi ve<span class=\"excerpt-hellip\"> [\u2026]<\/span><\/p>\n","protected":false},"featured_media":0,"template":"","meta":{"_monsterinsights_skip_tracking":false,"_monsterinsights_sitenote_active":false,"_monsterinsights_sitenote_note":"","_monsterinsights_sitenote_category":0},"product_brand":[],"product_cat":[52477],"product_tag":[],"class_list":{"0":"post-785105","1":"product","2":"type-product","3":"status-publish","5":"product_cat-arastirma","6":"pa_cilt-ciltsiz","7":"pa_tur-kitap","8":"pa_yayinevi-berikan-yayinlari","9":"pa_yazar-naci-akdemir-cem-eroglu-cansel-akyuz","11":"first","12":"instock","13":"sale","14":"shipping-taxable","15":"purchasable","16":"product-type-simple"},"_links":{"self":[{"href":"https:\/\/roveyayinevi.com.tr\/index.php\/wp-json\/wp\/v2\/product\/785105","targetHints":{"allow":["GET"]}}],"collection":[{"href":"https:\/\/roveyayinevi.com.tr\/index.php\/wp-json\/wp\/v2\/product"}],"about":[{"href":"https:\/\/roveyayinevi.com.tr\/index.php\/wp-json\/wp\/v2\/types\/product"}],"wp:attachment":[{"href":"https:\/\/roveyayinevi.com.tr\/index.php\/wp-json\/wp\/v2\/media?parent=785105"}],"wp:term":[{"taxonomy":"product_brand","embeddable":true,"href":"https:\/\/roveyayinevi.com.tr\/index.php\/wp-json\/wp\/v2\/product_brand?post=785105"},{"taxonomy":"product_cat","embeddable":true,"href":"https:\/\/roveyayinevi.com.tr\/index.php\/wp-json\/wp\/v2\/product_cat?post=785105"},{"taxonomy":"product_tag","embeddable":true,"href":"https:\/\/roveyayinevi.com.tr\/index.php\/wp-json\/wp\/v2\/product_tag?post=785105"}],"curies":[{"name":"wp","href":"https:\/\/api.w.org\/{rel}","templated":true}]}}