{"id":785104,"date":"2026-03-19T02:52:40","date_gmt":"2026-03-18T23:52:40","guid":{"rendered":"https:\/\/roveyayinevi.com.tr\/index.php\/urun\/gecis-ritleri\/"},"modified":"2026-04-15T03:00:20","modified_gmt":"2026-04-15T00:00:20","slug":"gecis-ritleri","status":"publish","type":"product","link":"https:\/\/roveyayinevi.com.tr\/index.php\/urun\/gecis-ritleri\/","title":{"rendered":"Ge\u00e7i\u015f Ritleri"},"content":{"rendered":"<p>\u201cBireyin hayat\u0131, hangi tip toplumda olursa olsun, bir ya\u015ftan di\u011ferine, bir u\u011fra\u015ftan di\u011ferine ba\u015far\u0131yla ge\u00e7mekten ibarettir.\u201d   Arnold van Gennep antropoloji alan\u0131nda klasikle\u015fmi\u015f eseri Ge\u00e7i\u015f Ritleri\u2019nde tabular, bat\u0131l inan\u00e7lar, b\u00fcy\u00fcler, ayinler ve t\u00f6renler \u00fczerinden insan ya\u015fam\u0131n\u0131 be\u015fikten mezara kadar ku\u015fatan ge\u00e7i\u015f rit\u00fcellerinin sistematik incelemesini yap\u0131yor. Ayn\u0131 zamanda \u00e2det ve al\u0131\u015fkanl\u0131klar\u0131n evrendeki d\u00fczenle ili\u015fkilendirildi\u011fini g\u00f6steriyor. Yer, durum, meslek, ya\u015f, konum de\u011fi\u015fimine ve ay, y\u0131l, mevsim d\u00f6ng\u00fcs\u00fcne e\u015flik eden ritlerin izini s\u00fcr\u00fcyor.   Antropoloji alan\u0131nda ba\u015fvuru kayna\u011f\u0131 olan bu k\u00fclt eser ritlerin, de\u011fi\u015fimin yaratt\u0131\u011f\u0131 belirsizli\u011fe kar\u015f\u0131 geli\u015ftirilen bir pratik oldu\u011funu anlat\u0131yor. Ge\u00e7i\u015f Ritleri toplumsal hayat\u0131n ak\u0131\u015f\u0131n\u0131 belirleyen kurallar ile do\u011fal hayat\u0131n ve kozmik \u00e2lemin ak\u0131\u015f\u0131n\u0131 d\u00fczenleyen d\u00f6ng\u00fcler aras\u0131nda kurulan benzerliklerin bir \u015f\u00f6leni.<\/p>\n","protected":false},"excerpt":{"rendered":"<p>\u201cBireyin hayat\u0131, hangi tip toplumda olursa olsun, bir ya\u015ftan di\u011ferine, bir u\u011fra\u015ftan di\u011ferine ba\u015far\u0131yla ge\u00e7mekten ibarettir.\u201d Arnold van Gennep antropoloji alan\u0131nda klasikle\u015fmi\u015f eseri Ge\u00e7i\u015f Ritleri\u2019nde tabular,<span class=\"excerpt-hellip\"> [\u2026]<\/span><\/p>\n","protected":false},"featured_media":0,"template":"","meta":{"_monsterinsights_skip_tracking":false,"_monsterinsights_sitenote_active":false,"_monsterinsights_sitenote_note":"","_monsterinsights_sitenote_category":0},"product_brand":[],"product_cat":[13072,12291],"product_tag":[],"class_list":{"0":"post-785104","1":"product","2":"type-product","3":"status-publish","5":"product_cat-arastirma-inceleme-referans","6":"product_cat-edebiyat","7":"pa_cilt-ciltsiz","8":"pa_tur-kitap","9":"pa_yayinevi-nora-kitap","10":"pa_yazar-arnold-van-gennep","12":"first","13":"instock","14":"sale","15":"shipping-taxable","16":"purchasable","17":"product-type-simple"},"_links":{"self":[{"href":"https:\/\/roveyayinevi.com.tr\/index.php\/wp-json\/wp\/v2\/product\/785104","targetHints":{"allow":["GET"]}}],"collection":[{"href":"https:\/\/roveyayinevi.com.tr\/index.php\/wp-json\/wp\/v2\/product"}],"about":[{"href":"https:\/\/roveyayinevi.com.tr\/index.php\/wp-json\/wp\/v2\/types\/product"}],"wp:attachment":[{"href":"https:\/\/roveyayinevi.com.tr\/index.php\/wp-json\/wp\/v2\/media?parent=785104"}],"wp:term":[{"taxonomy":"product_brand","embeddable":true,"href":"https:\/\/roveyayinevi.com.tr\/index.php\/wp-json\/wp\/v2\/product_brand?post=785104"},{"taxonomy":"product_cat","embeddable":true,"href":"https:\/\/roveyayinevi.com.tr\/index.php\/wp-json\/wp\/v2\/product_cat?post=785104"},{"taxonomy":"product_tag","embeddable":true,"href":"https:\/\/roveyayinevi.com.tr\/index.php\/wp-json\/wp\/v2\/product_tag?post=785104"}],"curies":[{"name":"wp","href":"https:\/\/api.w.org\/{rel}","templated":true}]}}