{"id":785103,"date":"2026-03-19T02:39:05","date_gmt":"2026-03-18T23:39:05","guid":{"rendered":"https:\/\/roveyayinevi.com.tr\/index.php\/urun\/osmanli-tarihinin-maddesi\/"},"modified":"2026-04-16T02:31:55","modified_gmt":"2026-04-15T23:31:55","slug":"osmanli-tarihinin-maddesi","status":"publish","type":"product","link":"https:\/\/roveyayinevi.com.tr\/index.php\/urun\/osmanli-tarihinin-maddesi\/","title":{"rendered":"Osmanl\u0131 Tarihinin Maddesi"},"content":{"rendered":"<p>Dr. Hikmet K\u0131v\u0131lc\u0131ml\u0131\u2019n\u0131n siyasal kimli\u011fi, kuramsal ve y\u00f6ntemsel pozisyonu nedeniyle (\u00dcmit Hassan bir istisna) gerek Bat\u0131\u2019dan, gerekse de T\u00fcrkiye\u2019den Osmanl\u0131 tarih\u00e7ileri taraf\u0131ndan g\u00f6z ard\u0131 edilen ya da g\u00f6rmezden gelinen Osmanl\u0131 Tarihinin Maddesi, tarihe yakla\u015f\u0131m\u0131, olgular\u0131 ele al\u0131\u015f bi\u00e7imi, y\u00f6ntemi ve ruhuyla \u00f6nc\u00fc bir yap\u0131tt\u0131r. Eser, ayn\u0131 zamanda T\u00fcrkiye\u2019de sosyalist d\u00fc\u015f\u00fcncenin \u00f6zg\u00fcn yap\u0131tlar\u0131ndan biridir. Engin bilgi birikimi, s\u0131ra d\u0131\u015f\u0131 g\u00f6zlem yetene\u011fi ve kendine \u00f6zg\u00fc \u00fcslubuyla modern T\u00fcrkiye\u2019den Osmanl\u0131 tarihine bakan Dr. Hikmet K\u0131v\u0131lc\u0131ml\u0131, \u201cg\u0131rtla\u011f\u0131m\u0131za dek Osmanl\u0131 tarihinin maddesi ve ruhu i\u00e7indeyiz\u201d der. Bu nedenle o koca tarihe yar\u0131nlar\u0131n T\u00fcrkiye\u2019si i\u00e7in yeni bir bak\u0131\u015f a\u00e7\u0131s\u0131, yeni bir izah kazand\u0131rmak ister. Doktor a\u00e7\u0131s\u0131ndan Osmanl\u0131 \u0130mparatorlu\u011fu\u2019nun tarih zinciri i\u00e7inde tuttu\u011fu yer \u2018kolay Marksizm\u2019le anla\u015f\u0131lamayaca\u011f\u0131 gibi Marksizm olmadan da anla\u015f\u0131lamaz. K\u0131v\u0131lc\u0131ml\u0131, bu magnum opus\u2019unda Marksizmin yakla\u015f\u0131m\u0131 ve y\u00f6ntemiyle Osmanl\u0131 \u0130mparatorlu\u011fu\u2019nun kendine \u00f6zg\u00fcl\u00fckleri aras\u0131nda uygun bir etkile\u015fim kurmaya \u00f6zen g\u00f6stermi\u015f, Osmanl\u0131 tarihine ili\u015fkin tart\u0131\u015fmaya ve d\u00fc\u015f\u00fcnmeye de\u011fer s\u0131ra d\u0131\u015f\u0131 kuramsal ve pratik a\u00e7\u0131klamalar getirmi\u015ftir. Dr. Hikmet K\u0131v\u0131lc\u0131ml\u0131\u2019n\u0131n s\u00fcrg\u00fcnler, i\u015fkenceler, hapisler, m\u00fcsadereler, angaryalar, kovu\u015fturmalar aras\u0131nda  ve pratik m\u00fccadelenin nank\u00f6rl\u00fc\u011f\u00fc ra\u011fm\u0131na inatla, kararl\u0131l\u0131kla, titizlik ve \u00f6zenle tamamlayabildi\u011fi bu b\u00fcy\u00fck eser, g\u00fc\u00e7l\u00fckler ve belalar a\u015f\u0131larak bug\u00fcne aktar\u0131labilmi\u015ftir. Y\u0131llar boyunca siyasal planda oldu\u011fu kadar entelekt\u00fcel-akademik planda da kesif bir \u2018susu\u015f kumkumas\u0131\u2019na maruz b\u0131rak\u0131lm\u0131\u015f olan Osmanl\u0131 Tarihinin Maddesi, \u015fimdi Necmi Erdo\u011fan\u2019\u0131n \u201cSunu\u015f\u201duyla yeniden okurlar\u0131n\u0131n kar\u015f\u0131s\u0131ndad\u0131r. <\/p>\n","protected":false},"excerpt":{"rendered":"<p>Dr. Hikmet K\u0131v\u0131lc\u0131ml\u0131\u2019n\u0131n siyasal kimli\u011fi, kuramsal ve y\u00f6ntemsel pozisyonu nedeniyle (\u00dcmit Hassan bir istisna) gerek Bat\u0131\u2019dan, gerekse de T\u00fcrkiye\u2019den Osmanl\u0131 tarih\u00e7ileri taraf\u0131ndan g\u00f6z ard\u0131 edilen ya<span class=\"excerpt-hellip\"> [\u2026]<\/span><\/p>\n","protected":false},"featured_media":0,"template":"","meta":{"_monsterinsights_skip_tracking":false,"_monsterinsights_sitenote_active":false,"_monsterinsights_sitenote_note":"","_monsterinsights_sitenote_category":0},"product_brand":[],"product_cat":[13517,12304],"product_tag":[],"class_list":{"0":"post-785103","1":"product","2":"type-product","3":"status-publish","5":"product_cat-osmanli-tarihi","6":"product_cat-tarih","7":"pa_cilt-ciltsiz","8":"pa_tur-kitap","9":"pa_yayinevi-yordam-kitap","10":"pa_yazar-hikmet-kivilcimli","12":"first","13":"instock","14":"sale","15":"shipping-taxable","16":"purchasable","17":"product-type-simple"},"_links":{"self":[{"href":"https:\/\/roveyayinevi.com.tr\/index.php\/wp-json\/wp\/v2\/product\/785103","targetHints":{"allow":["GET"]}}],"collection":[{"href":"https:\/\/roveyayinevi.com.tr\/index.php\/wp-json\/wp\/v2\/product"}],"about":[{"href":"https:\/\/roveyayinevi.com.tr\/index.php\/wp-json\/wp\/v2\/types\/product"}],"wp:attachment":[{"href":"https:\/\/roveyayinevi.com.tr\/index.php\/wp-json\/wp\/v2\/media?parent=785103"}],"wp:term":[{"taxonomy":"product_brand","embeddable":true,"href":"https:\/\/roveyayinevi.com.tr\/index.php\/wp-json\/wp\/v2\/product_brand?post=785103"},{"taxonomy":"product_cat","embeddable":true,"href":"https:\/\/roveyayinevi.com.tr\/index.php\/wp-json\/wp\/v2\/product_cat?post=785103"},{"taxonomy":"product_tag","embeddable":true,"href":"https:\/\/roveyayinevi.com.tr\/index.php\/wp-json\/wp\/v2\/product_tag?post=785103"}],"curies":[{"name":"wp","href":"https:\/\/api.w.org\/{rel}","templated":true}]}}