{"id":785102,"date":"2026-03-19T02:24:46","date_gmt":"2026-03-18T23:24:46","guid":{"rendered":"https:\/\/roveyayinevi.com.tr\/index.php\/urun\/karanliktan-once-mu-ve-atlantisten-kalanlar\/"},"modified":"2026-04-16T02:18:49","modified_gmt":"2026-04-15T23:18:49","slug":"karanliktan-once-mu-ve-atlantisten-kalanlar","status":"publish","type":"product","link":"https:\/\/roveyayinevi.com.tr\/index.php\/urun\/karanliktan-once-mu-ve-atlantisten-kalanlar\/","title":{"rendered":"Karanl\u0131ktan \u00d6nce &#8211; Mu ve Atlantis\u2019ten Kalanlar"},"content":{"rendered":"<p>Atlantis ve Mu milyonlarca insan\u0131n mutluluk i\u00e7inde ya\u015fad\u0131\u011f\u0131, ileri teknolojiye ula\u015fmay\u0131 ba\u015farm\u0131\u015f b\u00fcy\u00fck medeniyetlerdi. Aralar\u0131nda ciddi bir rekabet s\u00f6z konusuydu. Bu rekabet \u00f6yle bir hale gelmi\u015fti ki, sonlar\u0131n\u0131 getirecek olan felaketler zincirini \u00f6ng\u00f6remediler, bunlara \u00f6nlem alamad\u0131lar. Felaket kar\u015f\u0131s\u0131nda tek yapabildikleri baz\u0131 temsilcilerini d\u00fcnyan\u0131n farkl\u0131 noktalar\u0131na g\u00f6nderebilmekti. Atlantis ve Mu\u2019dan gelen yabanc\u0131lar, y\u00fcksek bilgi d\u00fczeyleri ve teknik becerileri nedeniyle tanr\u0131lar olarak g\u00f6r\u00fcld\u00fc. D\u00fcnyadaki ihti\u015faml\u0131 mabetlerden geli\u015fmi\u015flik \u00f6rne\u011fi say\u0131labilecek ayg\u0131tlara kadar pek \u00e7ok \u015fey asl\u0131nda onlar\u0131n \u00fcr\u00fcn\u00fcyd\u00fc. Ferdi Merter, Karanl\u0131ktan \u00d6nce\u2019de Atlantis ve Mu\u2019nun gizemli ge\u00e7mi\u015fini kaleme al\u0131yor, bilinmezlerle dolu bir tarihin kap\u0131s\u0131n\u0131 ar <\/p>\n","protected":false},"excerpt":{"rendered":"<p>Atlantis ve Mu milyonlarca insan\u0131n mutluluk i\u00e7inde ya\u015fad\u0131\u011f\u0131, ileri teknolojiye ula\u015fmay\u0131 ba\u015farm\u0131\u015f b\u00fcy\u00fck medeniyetlerdi. Aralar\u0131nda ciddi bir rekabet s\u00f6z konusuydu. Bu rekabet \u00f6yle bir hale gelmi\u015fti<span class=\"excerpt-hellip\"> [\u2026]<\/span><\/p>\n","protected":false},"featured_media":0,"template":"","meta":{"_monsterinsights_skip_tracking":false,"_monsterinsights_sitenote_active":false,"_monsterinsights_sitenote_note":"","_monsterinsights_sitenote_category":0},"product_brand":[],"product_cat":[12370,12304],"product_tag":[],"class_list":{"0":"post-785102","1":"product","2":"type-product","3":"status-publish","5":"product_cat-arastirma-inceleme","6":"product_cat-tarih","7":"pa_cilt-ciltsiz","8":"pa_tur-kitap","9":"pa_yayinevi-inkilap-kitabevi","10":"pa_yazar-ferdi-merter","12":"first","13":"instock","14":"sale","15":"shipping-taxable","16":"purchasable","17":"product-type-simple"},"_links":{"self":[{"href":"https:\/\/roveyayinevi.com.tr\/index.php\/wp-json\/wp\/v2\/product\/785102","targetHints":{"allow":["GET"]}}],"collection":[{"href":"https:\/\/roveyayinevi.com.tr\/index.php\/wp-json\/wp\/v2\/product"}],"about":[{"href":"https:\/\/roveyayinevi.com.tr\/index.php\/wp-json\/wp\/v2\/types\/product"}],"wp:attachment":[{"href":"https:\/\/roveyayinevi.com.tr\/index.php\/wp-json\/wp\/v2\/media?parent=785102"}],"wp:term":[{"taxonomy":"product_brand","embeddable":true,"href":"https:\/\/roveyayinevi.com.tr\/index.php\/wp-json\/wp\/v2\/product_brand?post=785102"},{"taxonomy":"product_cat","embeddable":true,"href":"https:\/\/roveyayinevi.com.tr\/index.php\/wp-json\/wp\/v2\/product_cat?post=785102"},{"taxonomy":"product_tag","embeddable":true,"href":"https:\/\/roveyayinevi.com.tr\/index.php\/wp-json\/wp\/v2\/product_tag?post=785102"}],"curies":[{"name":"wp","href":"https:\/\/api.w.org\/{rel}","templated":true}]}}