{"id":785101,"date":"2026-03-19T02:14:41","date_gmt":"2026-03-18T23:14:41","guid":{"rendered":"https:\/\/roveyayinevi.com.tr\/index.php\/urun\/erken-modern-donemde-avrupa-1450-1789\/"},"modified":"2026-04-16T02:09:27","modified_gmt":"2026-04-15T23:09:27","slug":"erken-modern-donemde-avrupa-1450-1789","status":"publish","type":"product","link":"https:\/\/roveyayinevi.com.tr\/index.php\/urun\/erken-modern-donemde-avrupa-1450-1789\/","title":{"rendered":"Erken Modern D\u00f6nemde Avrupa 1450 -1789"},"content":{"rendered":"<p>Avrupa tarihinin matbaa makinesinin icad\u0131ndan Frans\u0131z Devrimi\u2019ne kadar ge\u00e7en b\u00f6l\u00fcm\u00fcn\u00fc kapsayan bu kolay okunan, s\u00fcr\u00fckleyici referans kitab\u0131, erken modern d\u00f6nemde insanlar\u0131n hayatlar\u0131ndaki \u00e7e\u015fitlili\u011fi ve Avrupa\u2019daki geli\u015fmelerin nas\u0131l bir k\u00fcresel ba\u011flam i\u00e7ine oturdu\u011funu yeni bir yakla\u015f\u0131mla anlat\u0131yor. Do\u011fuda Osmanl\u0131 \u0130mparatorlu\u011fu\u2019na, kuzeyde \u0130sve\u00e7\u2019e, g\u00fcneyde Portekiz\u2019e kadar Avrupa\u2019n\u0131n t\u00fcm\u00fcn\u00fc, deniza\u015f\u0131r\u0131 s\u00f6m\u00fcrgelerle birlikte ele alan metin, 1450-1600 ve 1600-1789 olmak \u00fczere iki kronolojik b\u00f6l\u00fcme ay\u0131rd\u0131\u011f\u0131 d\u00f6nemi, belirli temalar \u00fczerinden kar\u015f\u0131la\u015ft\u0131rmal\u0131 bir bak\u0131\u015f a\u00e7\u0131s\u0131yla inceliyor. M\u00d6 600&#8217;den g\u00fcn\u00fcm\u00fcze kadar gelen Cambridge Avrupa Tarihi dizisi i\u00e7inde yeralan bu kitap, erken modern d\u00f6neme getirdi\u011fi \u00f6zg\u00fcn yorumlarla tarih b\u00f6l\u00fcm\u00fc \u00f6\u011frencileri i\u00e7in oldu\u011fu kadar, tarihe merakl\u0131 okur a\u00e7\u0131s\u0131ndan da \u00f6nemli bir bo\u015flu\u011fu dolduracak bir ba\u015fvuru eseri niteli\u011fini ta\u015f\u0131yor. Haritalar, ili\u00fcstrasyonlar, kronolojilerle, orijinal metinlerin ve \u00f6zel konular\u0131n yer ald\u0131\u011f\u0131 kutularla zenginle\u015ftirilmi\u015f metin, tarihi d\u00fc\u015f\u00fcnerek, sorular sorarak \u00f6\u011frenmenin keyfini payla\u015f\u0131yor. Merry E. Wiesner-Hanks Wisconsin- Milwaukee \u00dcniversitesi&#8217;nde tarih profes\u00f6r\u00fcd\u00fcr ve deneyimli bir ders kitab\u0131 yazar\u0131d\u0131r. Son zamanlarda \u00e7\u0131kan kitaplar\u0131 aras\u0131nda, Discocering the Global Past (2003), Gender in History (2001) ve ikinci bask\u0131s\u0131n\u0131 yapm\u0131\u015f olan Women and Gender in Early Modern Europe (2000) bulunmaktad\u0131r. <\/p>\n","protected":false},"excerpt":{"rendered":"<p>Avrupa tarihinin matbaa makinesinin icad\u0131ndan Frans\u0131z Devrimi\u2019ne kadar ge\u00e7en b\u00f6l\u00fcm\u00fcn\u00fc kapsayan bu kolay okunan, s\u00fcr\u00fckleyici referans kitab\u0131, erken modern d\u00f6nemde insanlar\u0131n hayatlar\u0131ndaki \u00e7e\u015fitlili\u011fi ve Avrupa\u2019daki geli\u015fmelerin<span class=\"excerpt-hellip\"> [\u2026]<\/span><\/p>\n","protected":false},"featured_media":0,"template":"","meta":{"_monsterinsights_skip_tracking":false,"_monsterinsights_sitenote_active":false,"_monsterinsights_sitenote_note":"","_monsterinsights_sitenote_category":0},"product_brand":[],"product_cat":[12312,12304],"product_tag":[],"class_list":{"0":"post-785101","1":"product","2":"type-product","3":"status-publish","5":"product_cat-diger","6":"product_cat-tarih","7":"pa_cilt-ciltsiz","8":"pa_tur-kitap","9":"pa_yayinevi-is-bankasi-kultur-yayinlari","10":"pa_yazar-merry-e-wiesner-hanks","12":"first","13":"instock","14":"sale","15":"shipping-taxable","16":"purchasable","17":"product-type-simple"},"_links":{"self":[{"href":"https:\/\/roveyayinevi.com.tr\/index.php\/wp-json\/wp\/v2\/product\/785101","targetHints":{"allow":["GET"]}}],"collection":[{"href":"https:\/\/roveyayinevi.com.tr\/index.php\/wp-json\/wp\/v2\/product"}],"about":[{"href":"https:\/\/roveyayinevi.com.tr\/index.php\/wp-json\/wp\/v2\/types\/product"}],"wp:attachment":[{"href":"https:\/\/roveyayinevi.com.tr\/index.php\/wp-json\/wp\/v2\/media?parent=785101"}],"wp:term":[{"taxonomy":"product_brand","embeddable":true,"href":"https:\/\/roveyayinevi.com.tr\/index.php\/wp-json\/wp\/v2\/product_brand?post=785101"},{"taxonomy":"product_cat","embeddable":true,"href":"https:\/\/roveyayinevi.com.tr\/index.php\/wp-json\/wp\/v2\/product_cat?post=785101"},{"taxonomy":"product_tag","embeddable":true,"href":"https:\/\/roveyayinevi.com.tr\/index.php\/wp-json\/wp\/v2\/product_tag?post=785101"}],"curies":[{"name":"wp","href":"https:\/\/api.w.org\/{rel}","templated":true}]}}