{"id":785094,"date":"2026-03-18T03:42:48","date_gmt":"2026-03-18T00:42:48","guid":{"rendered":"https:\/\/roveyayinevi.com.tr\/index.php\/urun\/artik-kalbim-daha-buyuk\/"},"modified":"2026-04-15T03:48:44","modified_gmt":"2026-04-15T00:48:44","slug":"artik-kalbim-daha-buyuk","status":"publish","type":"product","link":"https:\/\/roveyayinevi.com.tr\/index.php\/urun\/artik-kalbim-daha-buyuk\/","title":{"rendered":"Art\u0131k Kalbim Daha B\u00fcy\u00fck!"},"content":{"rendered":"<p>Hi\u00e7 en yak\u0131n arkada\u015f\u0131nbir bayku\u015f oldu mu?Onunki oldu. Ad\u0131 Boli. Boli kafas\u0131n\u0131 d\u00f6nd\u00fcrebiliyor, kanat \u00e7\u0131rpabiliyor, g\u00f6ky\u00fcz\u00fcnde s\u00fcz\u00fclebiliyor. Ama bir g\u00fcn parkta kayd\u0131raktan inerken k\u00fc\u00e7\u00fck bir kalp, b\u00fcy\u00fck bir korkuyla \u00e7arp\u0131yor:\u201cYa beni unutursa?\u201dA\u011fa\u00e7lar\u0131n aras\u0131nda kaybolan bir dost\u2026Kanat \u00e7\u0131rpamayan kollar\u2026\u00d6temeyen bir ses\u2026Ve \u201cAcaba beni oldu\u011fum gibi seviyor mu?\u201d sorusu\u2026Bu s\u0131cac\u0131k hik\u00e2ye; farkl\u0131l\u0131klar\u0131n eksiklik de\u011fil, zenginlik oldu\u011funu; arkada\u015fl\u0131\u011f\u0131n kanatla de\u011fil kalple kuruldu\u011funu f\u0131s\u0131ld\u0131yor. \u00c7\u00fcnk\u00fc bazen y\u00fckselmek i\u00e7in u\u00e7mak gerekmez. Bazen sadece birlikte olmak yeter.Boli ve minik dostunun hik\u00e2yesi, \u00e7ocuklara \u015funu hat\u0131rlat\u0131yor: GER\u00c7EK DOSTLUKTA K\u0130MSE UNUTULMAZ. VE B\u0130R KALP, SEVG\u0130YLE B\u00dcY\u00dcR<\/p>\n","protected":false},"excerpt":{"rendered":"<p>Hi\u00e7 en yak\u0131n arkada\u015f\u0131nbir bayku\u015f oldu mu?Onunki oldu. Ad\u0131 Boli. Boli kafas\u0131n\u0131 d\u00f6nd\u00fcrebiliyor, kanat \u00e7\u0131rpabiliyor, g\u00f6ky\u00fcz\u00fcnde s\u00fcz\u00fclebiliyor. Ama bir g\u00fcn parkta kayd\u0131raktan inerken k\u00fc\u00e7\u00fck bir kalp,<span class=\"excerpt-hellip\"> [\u2026]<\/span><\/p>\n","protected":false},"featured_media":0,"template":"","meta":{"_monsterinsights_skip_tracking":false,"_monsterinsights_sitenote_active":false,"_monsterinsights_sitenote_note":"","_monsterinsights_sitenote_category":0},"product_brand":[],"product_cat":[12274,12284],"product_tag":[],"class_list":{"0":"post-785094","1":"product","2":"type-product","3":"status-publish","5":"product_cat-cocuk-ve-genclik-kitaplari","6":"product_cat-hikayeler","7":"pa_cilt-ciltsiz","8":"pa_tur-kitap","9":"pa_yayinevi-luna-cocuk-yayinlari","10":"pa_yazar-tuce-calgay","12":"first","13":"instock","14":"sale","15":"shipping-taxable","16":"purchasable","17":"product-type-simple"},"_links":{"self":[{"href":"https:\/\/roveyayinevi.com.tr\/index.php\/wp-json\/wp\/v2\/product\/785094","targetHints":{"allow":["GET"]}}],"collection":[{"href":"https:\/\/roveyayinevi.com.tr\/index.php\/wp-json\/wp\/v2\/product"}],"about":[{"href":"https:\/\/roveyayinevi.com.tr\/index.php\/wp-json\/wp\/v2\/types\/product"}],"wp:attachment":[{"href":"https:\/\/roveyayinevi.com.tr\/index.php\/wp-json\/wp\/v2\/media?parent=785094"}],"wp:term":[{"taxonomy":"product_brand","embeddable":true,"href":"https:\/\/roveyayinevi.com.tr\/index.php\/wp-json\/wp\/v2\/product_brand?post=785094"},{"taxonomy":"product_cat","embeddable":true,"href":"https:\/\/roveyayinevi.com.tr\/index.php\/wp-json\/wp\/v2\/product_cat?post=785094"},{"taxonomy":"product_tag","embeddable":true,"href":"https:\/\/roveyayinevi.com.tr\/index.php\/wp-json\/wp\/v2\/product_tag?post=785094"}],"curies":[{"name":"wp","href":"https:\/\/api.w.org\/{rel}","templated":true}]}}