{"id":785087,"date":"2026-03-18T03:42:37","date_gmt":"2026-03-18T00:42:37","guid":{"rendered":"https:\/\/roveyayinevi.com.tr\/index.php\/urun\/kuzey-kafkasya-halklari-tarih-kultur-ve-kimlik\/"},"modified":"2026-04-15T03:48:43","modified_gmt":"2026-04-15T00:48:43","slug":"kuzey-kafkasya-halklari-tarih-kultur-ve-kimlik","status":"publish","type":"product","link":"https:\/\/roveyayinevi.com.tr\/index.php\/urun\/kuzey-kafkasya-halklari-tarih-kultur-ve-kimlik\/","title":{"rendered":"Kuzey Kafkasya Halklar\u0131 ;Tarih, K\u00fclt\u00fcr ve Kimlik"},"content":{"rendered":"<p>Karadeniz\u2019in kuzeydo\u011fusundaki Taman Yar\u0131madas\u0131\u2019ndan Hazar\u2019\u0131n bat\u0131s\u0131ndaki Ap\u015feron Yar\u0131madas\u0131\u2019na kadar uzanan da\u011f silsilesi, Kafkas Da\u011flar\u0131 olarak adland\u0131r\u0131l\u0131r. Co\u011frafi ve siyasi bak\u0131mdan kuzey ve g\u00fcney olmak \u00fczere iki ana b\u00f6lgeye ayr\u0131lan Kafkasya\u2019n\u0131n g\u00fcneyinde Azerbaycan, G\u00fcrcistan ve Ermenistan; kuzeyinde ise g\u00fcn\u00fcm\u00fczde Rusya Federasyonu s\u0131n\u0131rlar\u0131 i\u00e7inde yer alan yedi \u00f6zerk cumhuriyet bulunmaktad\u0131r. Sarp da\u011flar, derin vadiler ve geni\u015f d\u00fczl\u00fcklerle \u015fekillenen bu geni\u015f co\u011frafya, tarih boyunca \u00e7ok say\u0131da etnik grubun ortaya \u00e7\u0131kmas\u0131na zemin haz\u0131rlam\u0131\u015f; farkl\u0131 diller konu\u015fan topluluklar aras\u0131nda co\u011frafi \u015fartlar\u0131n da etkisiyle belirgin ayr\u0131\u015fmalar ve \u00f6zg\u00fcn k\u00fclt\u00fcrel yap\u0131lar olu\u015fmu\u015ftur. \u00d6te yandan sosyal, siyasi ve ekonomik hareketlilik, halklar aras\u0131nda etnik ve k\u00fclt\u00fcrel etkile\u015fimi art\u0131rm\u0131\u015f, zamanla benzer sosyok\u00fclt\u00fcrel yap\u0131lar\u0131n ortaya \u00e7\u0131kmas\u0131na yol a\u00e7m\u0131\u015ft\u0131r. Zengin tarih\u00ee birikimi ve \u00e7ok dillili\u011fiyle dikkat \u00e7eken Kuzey Kafkasya\u2019da Abhazlar, \u00c7erkezler, Lezgiler, Avarlar, Darginler, Laklar, \u00c7e\u00e7enler, \u0130ngu\u015flar, Osetler, Kumuklar, Kara\u00e7ay-Malkarlar, Nogaylar, Kalmuklar, Da\u011f Yahudileri ve daha pek \u00e7ok halk bir arada ya\u015famaktad\u0131r. Alan\u0131nda uzman ara\u015ft\u0131rmac\u0131lar\u0131n Kuzey Kafkasya halklar\u0131n\u0131 ele ald\u0131\u011f\u0131 makalelerden olu\u015fan elinizdeki bu kitap; b\u00f6lgeyi yaln\u0131zca siyasi tarih ekseninde de\u011fil, co\u011frafi ko\u015fullar\u0131n toplumsal yap\u0131ya etkisinden k\u00fclt\u00fcrel ve kimlik in\u015fas\u0131na, demografik dinamiklerden ekonomik yap\u0131lara, dil ve etnisite ili\u015fkilerinden g\u00fcncel sorunlara kadar uzanan geni\u015f ve disiplinler aras\u0131 bir perspektifle incelemektedir.<\/p>\n","protected":false},"excerpt":{"rendered":"<p>Karadeniz\u2019in kuzeydo\u011fusundaki Taman Yar\u0131madas\u0131\u2019ndan Hazar\u2019\u0131n bat\u0131s\u0131ndaki Ap\u015feron Yar\u0131madas\u0131\u2019na kadar uzanan da\u011f silsilesi, Kafkas Da\u011flar\u0131 olarak adland\u0131r\u0131l\u0131r. Co\u011frafi ve siyasi bak\u0131mdan kuzey ve g\u00fcney olmak \u00fczere iki<span class=\"excerpt-hellip\"> [\u2026]<\/span><\/p>\n","protected":false},"featured_media":0,"template":"","meta":{"_monsterinsights_skip_tracking":false,"_monsterinsights_sitenote_active":false,"_monsterinsights_sitenote_note":"","_monsterinsights_sitenote_category":0},"product_brand":[],"product_cat":[12370,12304],"product_tag":[],"class_list":{"0":"post-785087","1":"product","2":"type-product","3":"status-publish","5":"product_cat-arastirma-inceleme","6":"product_cat-tarih","7":"pa_cilt-ciltsiz","8":"pa_tur-kitap","9":"pa_yayinevi-vakifbank-kultur-yayinlari","10":"pa_yazar-kolektif","12":"first","13":"instock","14":"sale","15":"shipping-taxable","16":"purchasable","17":"product-type-simple"},"_links":{"self":[{"href":"https:\/\/roveyayinevi.com.tr\/index.php\/wp-json\/wp\/v2\/product\/785087","targetHints":{"allow":["GET"]}}],"collection":[{"href":"https:\/\/roveyayinevi.com.tr\/index.php\/wp-json\/wp\/v2\/product"}],"about":[{"href":"https:\/\/roveyayinevi.com.tr\/index.php\/wp-json\/wp\/v2\/types\/product"}],"wp:attachment":[{"href":"https:\/\/roveyayinevi.com.tr\/index.php\/wp-json\/wp\/v2\/media?parent=785087"}],"wp:term":[{"taxonomy":"product_brand","embeddable":true,"href":"https:\/\/roveyayinevi.com.tr\/index.php\/wp-json\/wp\/v2\/product_brand?post=785087"},{"taxonomy":"product_cat","embeddable":true,"href":"https:\/\/roveyayinevi.com.tr\/index.php\/wp-json\/wp\/v2\/product_cat?post=785087"},{"taxonomy":"product_tag","embeddable":true,"href":"https:\/\/roveyayinevi.com.tr\/index.php\/wp-json\/wp\/v2\/product_tag?post=785087"}],"curies":[{"name":"wp","href":"https:\/\/api.w.org\/{rel}","templated":true}]}}