{"id":785081,"date":"2026-03-18T03:42:28","date_gmt":"2026-03-18T00:42:28","guid":{"rendered":"https:\/\/roveyayinevi.com.tr\/index.php\/urun\/bebek-bakimi-101doguma-hazirliktan-saglikli-gelisime-emzirmeden-guvenli-uykuya-bebek-bakimi-hakkinda-bilmeniz-gereken-her-sey\/"},"modified":"2026-04-15T03:48:43","modified_gmt":"2026-04-15T00:48:43","slug":"bebek-bakimi-101doguma-hazirliktan-saglikli-gelisime-emzirmeden-guvenli-uykuya-bebek-bakimi-hakkinda-bilmeniz-gereken-her-sey","status":"publish","type":"product","link":"https:\/\/roveyayinevi.com.tr\/index.php\/urun\/bebek-bakimi-101doguma-hazirliktan-saglikli-gelisime-emzirmeden-guvenli-uykuya-bebek-bakimi-hakkinda-bilmeniz-gereken-her-sey\/","title":{"rendered":"Bebek Bak\u0131m\u0131 101;Do\u011fuma Haz\u0131rl\u0131ktan Sa\u011fl\u0131kl\u0131 Geli\u015fime, Emzirmeden G\u00fcvenli Uykuya Bebek Bak\u0131m\u0131 Hakk\u0131nda Bilmeniz Gereken Her \u015eey"},"content":{"rendered":"<p>Hamilelikten Yenido\u011fan D\u00f6nemine Ebeveyn Rehberi\u201cKe\u015fke acil sorular\u0131m\u0131 7\/24 yan\u0131tlayacak bir uzman yan\u0131mda olsayd\u0131!\u201d diyen her anne ve baban\u0131n hayali ger\u00e7ek oluyor.Bebek beklemek mucizevi bir yolculuk oldu\u011fu kadar, yan\u0131tlanmas\u0131 gereken onlarca soru ve haz\u0131rl\u0131kla dolu bir s\u00fcre\u00e7tir .Art\u0131k bu yolda yaln\u0131z de\u011filsiniz. Yirmi y\u0131l\u0131 a\u015fk\u0131n s\u00fcredir binlerce aileye rehberlik eden \u00e7ocuk hem\u015firesi Carole KramerArsenault, bebek bak\u0131m\u0131na dair t\u00fcm deneyimini bu kitapta a\u00e7\u0131klay\u0131c\u0131 bir dille bir araya getiriyor.Bebek Bak\u0131m\u0131 101, bebe\u011finiz i\u00e7in g\u00fcvenli bir ev ortam\u0131 olu\u015fturmaktan ger\u00e7ekten ihtiya\u00e7 duyaca\u011f\u0131n\u0131z temelmalzemeleri belirlemeye; do\u011fumu kolayla\u015ft\u0131ran yakla\u015f\u0131mlardan emzirme ve beslenmenin inceliklerine kadar pek \u00e7okkonuda pratik bilgiler sunuyor. Uykusuz geceleri hafifletecek sakinle\u015ftirme y\u00f6ntemleri, ilk haftalara dair bak\u0131m vehijyen \u00f6nerileriyle tamamlan\u0131yor. Ayr\u0131ca \u00e7o\u011ful gebelikler, premat\u00fcre bebek bak\u0131m\u0131 ve annenin do\u011fum sonras\u0131 iyile\u015fmes\u00fcreci gibi konular da uzman bak\u0131\u015f\u0131yla ele al\u0131n\u0131yor.Kayg\u0131y\u0131 bilgiye, belirsizli\u011fi g\u00fcvene d\u00f6n\u00fc\u015ft\u00fcren Bebek Bak\u0131m\u0131 101, ebeveynli\u011fe sa\u011flam bir ba\u015flang\u0131\u00e7 yapmak isteyenleri\u00e7in vazge\u00e7ilmez bir ba\u015fvuru kayna\u011f\u0131.<\/p>\n","protected":false},"excerpt":{"rendered":"<p>Hamilelikten Yenido\u011fan D\u00f6nemine Ebeveyn Rehberi\u201cKe\u015fke acil sorular\u0131m\u0131 7\/24 yan\u0131tlayacak bir uzman yan\u0131mda olsayd\u0131!\u201d diyen her anne ve baban\u0131n hayali ger\u00e7ek oluyor.Bebek beklemek mucizevi bir yolculuk oldu\u011fu<span class=\"excerpt-hellip\"> [\u2026]<\/span><\/p>\n","protected":false},"featured_media":0,"template":"","meta":{"_monsterinsights_skip_tracking":false,"_monsterinsights_sitenote_active":false,"_monsterinsights_sitenote_note":"","_monsterinsights_sitenote_category":0},"product_brand":[],"product_cat":[14902,13365],"product_tag":[],"class_list":{"0":"post-785081","1":"product","2":"type-product","3":"status-publish","5":"product_cat-annelik-ve-cocuk-bakimi","6":"product_cat-saglik","7":"pa_cilt-ciltsiz","8":"pa_tur-kitap","9":"pa_yayinevi-say-yayinlari","10":"pa_yazar-carole-kramer-arsenault","12":"first","13":"instock","14":"sale","15":"shipping-taxable","16":"purchasable","17":"product-type-simple"},"_links":{"self":[{"href":"https:\/\/roveyayinevi.com.tr\/index.php\/wp-json\/wp\/v2\/product\/785081","targetHints":{"allow":["GET"]}}],"collection":[{"href":"https:\/\/roveyayinevi.com.tr\/index.php\/wp-json\/wp\/v2\/product"}],"about":[{"href":"https:\/\/roveyayinevi.com.tr\/index.php\/wp-json\/wp\/v2\/types\/product"}],"wp:attachment":[{"href":"https:\/\/roveyayinevi.com.tr\/index.php\/wp-json\/wp\/v2\/media?parent=785081"}],"wp:term":[{"taxonomy":"product_brand","embeddable":true,"href":"https:\/\/roveyayinevi.com.tr\/index.php\/wp-json\/wp\/v2\/product_brand?post=785081"},{"taxonomy":"product_cat","embeddable":true,"href":"https:\/\/roveyayinevi.com.tr\/index.php\/wp-json\/wp\/v2\/product_cat?post=785081"},{"taxonomy":"product_tag","embeddable":true,"href":"https:\/\/roveyayinevi.com.tr\/index.php\/wp-json\/wp\/v2\/product_tag?post=785081"}],"curies":[{"name":"wp","href":"https:\/\/api.w.org\/{rel}","templated":true}]}}