{"id":785077,"date":"2026-03-18T03:42:19","date_gmt":"2026-03-18T00:42:19","guid":{"rendered":"https:\/\/roveyayinevi.com.tr\/index.php\/urun\/gelgec-cikmazi\/"},"modified":"2026-04-15T03:48:43","modified_gmt":"2026-04-15T00:48:43","slug":"gelgec-cikmazi","status":"publish","type":"product","link":"https:\/\/roveyayinevi.com.tr\/index.php\/urun\/gelgec-cikmazi\/","title":{"rendered":"Gelge\u00e7 \u00c7\u0131kmaz\u0131"},"content":{"rendered":"<p>\u0130nsan, \u00e7o\u011fu zaman ge\u00e7ip gidenlerle ya\u015far; bazen de ge\u00e7emedi\u011fi bir yerde kendine tak\u0131l\u0131r.Gelge\u00e7 \u00c7\u0131kmaz\u0131, ahlakla hayat aras\u0131na s\u0131k\u0131\u015fm\u0131\u015f insanlar\u0131n i\u00e7 seslerine kulak veren deneme ve \u00f6yk\u00fclerden olu\u015fuyor.Kay\u0131p bir c\u00fczdan, suskun bir dostluk, karanl\u0131\u011f\u0131n i\u00e7inden s\u0131zan bir umut\u2026Bu metinler, iyi insan olman\u0131n hala m\u00fcmk\u00fcn olup olmad\u0131\u011f\u0131n\u0131 sormaktan vazge\u00e7meyenler i\u00e7in yaz\u0131ld\u0131.\u00c7\u00fcnk\u00fc baz\u0131 \u00e7\u0131kmazlar ge\u00e7ici de\u011fildir; insan\u0131n kendisiyle y\u00fczle\u015fti\u011fi yerlerdir.<\/p>\n","protected":false},"excerpt":{"rendered":"<p>\u0130nsan, \u00e7o\u011fu zaman ge\u00e7ip gidenlerle ya\u015far; bazen de ge\u00e7emedi\u011fi bir yerde kendine tak\u0131l\u0131r.Gelge\u00e7 \u00c7\u0131kmaz\u0131, ahlakla hayat aras\u0131na s\u0131k\u0131\u015fm\u0131\u015f insanlar\u0131n i\u00e7 seslerine kulak veren deneme ve \u00f6yk\u00fclerden<span class=\"excerpt-hellip\"> [\u2026]<\/span><\/p>\n","protected":false},"featured_media":0,"template":"","meta":{"_monsterinsights_skip_tracking":false,"_monsterinsights_sitenote_active":false,"_monsterinsights_sitenote_note":"","_monsterinsights_sitenote_category":0},"product_brand":[],"product_cat":[12291,12711],"product_tag":[],"class_list":{"0":"post-785077","1":"product","2":"type-product","3":"status-publish","5":"product_cat-edebiyat","6":"product_cat-roman-oyku","7":"pa_cilt-ciltsiz","8":"pa_tur-kitap","9":"pa_yayinevi-perseus","10":"pa_yazar-kursad-taskin","12":"first","13":"instock","14":"sale","15":"shipping-taxable","16":"purchasable","17":"product-type-simple"},"_links":{"self":[{"href":"https:\/\/roveyayinevi.com.tr\/index.php\/wp-json\/wp\/v2\/product\/785077","targetHints":{"allow":["GET"]}}],"collection":[{"href":"https:\/\/roveyayinevi.com.tr\/index.php\/wp-json\/wp\/v2\/product"}],"about":[{"href":"https:\/\/roveyayinevi.com.tr\/index.php\/wp-json\/wp\/v2\/types\/product"}],"wp:attachment":[{"href":"https:\/\/roveyayinevi.com.tr\/index.php\/wp-json\/wp\/v2\/media?parent=785077"}],"wp:term":[{"taxonomy":"product_brand","embeddable":true,"href":"https:\/\/roveyayinevi.com.tr\/index.php\/wp-json\/wp\/v2\/product_brand?post=785077"},{"taxonomy":"product_cat","embeddable":true,"href":"https:\/\/roveyayinevi.com.tr\/index.php\/wp-json\/wp\/v2\/product_cat?post=785077"},{"taxonomy":"product_tag","embeddable":true,"href":"https:\/\/roveyayinevi.com.tr\/index.php\/wp-json\/wp\/v2\/product_tag?post=785077"}],"curies":[{"name":"wp","href":"https:\/\/api.w.org\/{rel}","templated":true}]}}