{"id":785074,"date":"2026-03-18T03:42:11","date_gmt":"2026-03-18T00:42:11","guid":{"rendered":"https:\/\/roveyayinevi.com.tr\/index.php\/urun\/karanligin-icindeki-tat\/"},"modified":"2026-04-15T03:48:43","modified_gmt":"2026-04-15T00:48:43","slug":"karanligin-icindeki-tat","status":"publish","type":"product","link":"https:\/\/roveyayinevi.com.tr\/index.php\/urun\/karanligin-icindeki-tat\/","title":{"rendered":"Karanl\u0131\u011f\u0131n \u0130\u00e7indeki Tat"},"content":{"rendered":"<p>2024 YALSA En \u0130yi Gen\u00e7 Yeti\u015fkin Kurgusu Kirkus 2023 En \u0130yi Gen\u00e7 Yeti\u015fkin Kitab\u0131 Indie Next Se\u00e7kisiLinden James de k\u0131z karde\u015fleri gibi s\u0131ra d\u0131\u015f\u0131 bir yetenekle do\u011fmu\u015ftur. Ba\u015fkalar\u0131n\u0131n ne hissetti\u011fini tadabilmektedir. Ancak bu yetenek y\u00fcz\u00fcnden, bir y\u0131l \u00f6nceki kader gecesinde, Cole Spencer ile aras\u0131ndaki ili\u015fki bozulmu\u015ftur\u2026 Linden\u2019\u0131n orman\u0131n derinliklerinde kayboldu\u011fu ve ne oldu\u011funu hat\u0131rlamadan geri d\u00f6nd\u00fc\u011f\u00fc bir geceden geriye sadece bir dizi soru ve kaybolmaktan daha fazlas\u0131n\u0131 ya\u015fad\u0131\u011f\u0131n\u0131 ima eden bir k\u00e2bus sisi kalm\u0131\u015ft\u0131r.Kay\u0131tlara ge\u00e7en en s\u0131cak yaz mevsiminde, kasabadaki bir k\u0131z daha kaybolur. Ge\u00e7en y\u0131lki olaylarla \u00e7arp\u0131c\u0131 benzerlikler vard\u0131r. Ancak bu sefer kay\u0131p k\u0131z geri d\u00f6nemez ve cesedi bulundu\u011funda, t\u00fcm belirtiler cinayeti i\u015faret eder.Linden ormanda neyin sakland\u0131\u011f\u0131n\u0131 bulmak i\u00e7in k\u0131z karde\u015flerinin yard\u0131m\u0131n\u0131 ister\u2026 Ancak ger\u00e7e\u011fi ara\u015ft\u0131rmaya ba\u015flad\u0131\u011f\u0131nda -Cole ile aras\u0131ndaki anla\u015fmazl\u0131k, Hollow\u2019u rahats\u0131z etti\u011fi s\u00f6ylenen G\u00fcve Kanatl\u0131 Adam ve hatta ailesi hakk\u0131ndaki ger\u00e7ekler- baz\u0131 s\u0131rlar\u0131n sakl\u0131 kalmas\u0131n\u0131n daha iyi olup olmad\u0131\u011f\u0131n\u0131 sorgulamas\u0131 gerekecektir.<\/p>\n","protected":false},"excerpt":{"rendered":"<p>2024 YALSA En \u0130yi Gen\u00e7 Yeti\u015fkin Kurgusu Kirkus 2023 En \u0130yi Gen\u00e7 Yeti\u015fkin Kitab\u0131 Indie Next Se\u00e7kisiLinden James de k\u0131z karde\u015fleri gibi s\u0131ra d\u0131\u015f\u0131 bir yetenekle<span class=\"excerpt-hellip\"> [\u2026]<\/span><\/p>\n","protected":false},"featured_media":0,"template":"","meta":{"_monsterinsights_skip_tracking":false,"_monsterinsights_sitenote_active":false,"_monsterinsights_sitenote_note":"","_monsterinsights_sitenote_category":0},"product_brand":[],"product_cat":[12291,14777],"product_tag":[],"class_list":{"0":"post-785074","1":"product","2":"type-product","3":"status-publish","5":"product_cat-edebiyat","6":"product_cat-fantastik","7":"pa_cilt-ciltsiz","8":"pa_tur-kitap","9":"pa_yayinevi-artemis-yayinlari","10":"pa_yazar-kate-pearsall","12":"first","13":"instock","14":"sale","15":"shipping-taxable","16":"purchasable","17":"product-type-simple"},"_links":{"self":[{"href":"https:\/\/roveyayinevi.com.tr\/index.php\/wp-json\/wp\/v2\/product\/785074","targetHints":{"allow":["GET"]}}],"collection":[{"href":"https:\/\/roveyayinevi.com.tr\/index.php\/wp-json\/wp\/v2\/product"}],"about":[{"href":"https:\/\/roveyayinevi.com.tr\/index.php\/wp-json\/wp\/v2\/types\/product"}],"wp:attachment":[{"href":"https:\/\/roveyayinevi.com.tr\/index.php\/wp-json\/wp\/v2\/media?parent=785074"}],"wp:term":[{"taxonomy":"product_brand","embeddable":true,"href":"https:\/\/roveyayinevi.com.tr\/index.php\/wp-json\/wp\/v2\/product_brand?post=785074"},{"taxonomy":"product_cat","embeddable":true,"href":"https:\/\/roveyayinevi.com.tr\/index.php\/wp-json\/wp\/v2\/product_cat?post=785074"},{"taxonomy":"product_tag","embeddable":true,"href":"https:\/\/roveyayinevi.com.tr\/index.php\/wp-json\/wp\/v2\/product_tag?post=785074"}],"curies":[{"name":"wp","href":"https:\/\/api.w.org\/{rel}","templated":true}]}}