{"id":785073,"date":"2026-03-18T03:42:09","date_gmt":"2026-03-18T00:42:09","guid":{"rendered":"https:\/\/roveyayinevi.com.tr\/index.php\/urun\/cengiz-han-yeryuzu-kagani\/"},"modified":"2026-04-15T03:48:42","modified_gmt":"2026-04-15T00:48:42","slug":"cengiz-han-yeryuzu-kagani","status":"publish","type":"product","link":"https:\/\/roveyayinevi.com.tr\/index.php\/urun\/cengiz-han-yeryuzu-kagani\/","title":{"rendered":"Cengiz Han Yery\u00fcz\u00fc Ka\u011fan\u0131"},"content":{"rendered":"<p>Onlar sadece T\u00fcrklerin de\u011fil, d\u00fcnyan\u0131n gelece\u011fine y\u00f6n vermi\u015f liderlerdi. Ba\u015far\u0131lar\u0131yla tarihi ismini alt\u0131n harflerle yazd\u0131rd\u0131lar. \u0130\u015fte t\u00fcm y\u00f6nleriyle tarihimizde iz b\u0131rakanlar.Bozk\u0131r hayat\u0131n\u0131n zorluklar\u0131yla m\u00fccadele eden Temu\u00e7in ad\u0131nda bir Mo\u011fol \u00e7ocu\u011fu, esaretten kurtulup d\u00fcnyaya korku salan bir h\u00fck\u00fcmdar oldu: Cengiz Han. \u201cBilin ki Tanr\u0131 bana do\u011fudan bat\u0131ya kadar d\u00fcnya imparatorlu\u011funu verdi,\u201d diyen Cengiz Han\u2019\u0131n ordular\u0131na dayanacak ne bir kale vard\u0131 ne de bir ordu. Peki, bozk\u0131rda kurulan bir devlet nas\u0131l oldu da koca imparatorluklar\u0131 y\u0131kabildi?Bu kitapta, tarihte silinmez bir iz b\u0131rakan Cengiz Han\u2019\u0131n zorluklar, ihanetler, sava\u015flar, zaferler ve fetihlerle dolu ya\u015fam \u00f6yk\u00fcs\u00fcn\u00fc okuyacaks\u0131n\u0131z.<\/p>\n","protected":false},"excerpt":{"rendered":"<p>Onlar sadece T\u00fcrklerin de\u011fil, d\u00fcnyan\u0131n gelece\u011fine y\u00f6n vermi\u015f liderlerdi. Ba\u015far\u0131lar\u0131yla tarihi ismini alt\u0131n harflerle yazd\u0131rd\u0131lar. \u0130\u015fte t\u00fcm y\u00f6nleriyle tarihimizde iz b\u0131rakanlar.Bozk\u0131r hayat\u0131n\u0131n zorluklar\u0131yla m\u00fccadele eden Temu\u00e7in<span class=\"excerpt-hellip\"> [\u2026]<\/span><\/p>\n","protected":false},"featured_media":0,"template":"","meta":{"_monsterinsights_skip_tracking":false,"_monsterinsights_sitenote_active":false,"_monsterinsights_sitenote_note":"","_monsterinsights_sitenote_category":0},"product_brand":[],"product_cat":[12274,15842],"product_tag":[],"class_list":{"0":"post-785073","1":"product","2":"type-product","3":"status-publish","5":"product_cat-cocuk-ve-genclik-kitaplari","6":"product_cat-egitici-kitaplar","7":"pa_cilt-ciltsiz","8":"pa_tur-kitap","9":"pa_yayinevi-beyaz-balina-yayinlari","10":"pa_yazar-tuna-duran","12":"first","13":"instock","14":"sale","15":"shipping-taxable","16":"purchasable","17":"product-type-simple"},"_links":{"self":[{"href":"https:\/\/roveyayinevi.com.tr\/index.php\/wp-json\/wp\/v2\/product\/785073","targetHints":{"allow":["GET"]}}],"collection":[{"href":"https:\/\/roveyayinevi.com.tr\/index.php\/wp-json\/wp\/v2\/product"}],"about":[{"href":"https:\/\/roveyayinevi.com.tr\/index.php\/wp-json\/wp\/v2\/types\/product"}],"wp:attachment":[{"href":"https:\/\/roveyayinevi.com.tr\/index.php\/wp-json\/wp\/v2\/media?parent=785073"}],"wp:term":[{"taxonomy":"product_brand","embeddable":true,"href":"https:\/\/roveyayinevi.com.tr\/index.php\/wp-json\/wp\/v2\/product_brand?post=785073"},{"taxonomy":"product_cat","embeddable":true,"href":"https:\/\/roveyayinevi.com.tr\/index.php\/wp-json\/wp\/v2\/product_cat?post=785073"},{"taxonomy":"product_tag","embeddable":true,"href":"https:\/\/roveyayinevi.com.tr\/index.php\/wp-json\/wp\/v2\/product_tag?post=785073"}],"curies":[{"name":"wp","href":"https:\/\/api.w.org\/{rel}","templated":true}]}}