{"id":785067,"date":"2026-03-18T03:41:59","date_gmt":"2026-03-18T00:41:59","guid":{"rendered":"https:\/\/roveyayinevi.com.tr\/index.php\/urun\/sporcularda-magnezyum-takviyesinin-kas-hasari-uzerine-etkisi\/"},"modified":"2026-04-15T03:48:42","modified_gmt":"2026-04-15T00:48:42","slug":"sporcularda-magnezyum-takviyesinin-kas-hasari-uzerine-etkisi","status":"publish","type":"product","link":"https:\/\/roveyayinevi.com.tr\/index.php\/urun\/sporcularda-magnezyum-takviyesinin-kas-hasari-uzerine-etkisi\/","title":{"rendered":"Sporcularda Magnezyum Takviyesinin Kas Hasar\u0131 \u00dczerine Etkisi"},"content":{"rendered":"<p>\u0130\u00e7indekiler :\u2022    B\u00d6L\u00dcM 1 G\u0130R\u0130\u015e\u2022    B\u00d6L\u00dcM 2 ARA\u015eTIRMANIN KURAMSAL \u00c7ER\u00c7EVES\u0130\u2022    B\u00d6L\u00dcM 3 ARA\u015eTIRMANIN Y\u00d6NTEM\u0130\u2022    B\u00d6L\u00dcM 4 ARA\u015eTIRMA BULGULARI\u2022    B\u00d6L\u00dcM 5 TARTI\u015eMA, SONU\u00c7 VE \u00d6NER\u0130LER<\/p>\n","protected":false},"excerpt":{"rendered":"<p>\u0130\u00e7indekiler :\u2022 B\u00d6L\u00dcM 1 G\u0130R\u0130\u015e\u2022 B\u00d6L\u00dcM 2 ARA\u015eTIRMANIN KURAMSAL \u00c7ER\u00c7EVES\u0130\u2022 B\u00d6L\u00dcM 3 ARA\u015eTIRMANIN Y\u00d6NTEM\u0130\u2022 B\u00d6L\u00dcM 4 ARA\u015eTIRMA BULGULARI\u2022 B\u00d6L\u00dcM 5 TARTI\u015eMA, SONU\u00c7 VE \u00d6NER\u0130LER<\/p>\n","protected":false},"featured_media":0,"template":"","meta":{"_monsterinsights_skip_tracking":false,"_monsterinsights_sitenote_active":false,"_monsterinsights_sitenote_note":"","_monsterinsights_sitenote_category":0},"product_brand":[],"product_cat":[15563,15564],"product_tag":[],"class_list":{"0":"post-785067","1":"product","2":"type-product","3":"status-publish","5":"product_cat-hobi","6":"product_cat-spor","7":"pa_cilt-ciltsiz","8":"pa_tur-kitap","9":"pa_yayinevi-gazi-kitabevi","10":"pa_yazar-mustafa-ali-cavdar","11":"pa_yazar-nehir-yalcinkaya","13":"first","14":"instock","15":"sale","16":"shipping-taxable","17":"purchasable","18":"product-type-simple"},"_links":{"self":[{"href":"https:\/\/roveyayinevi.com.tr\/index.php\/wp-json\/wp\/v2\/product\/785067","targetHints":{"allow":["GET"]}}],"collection":[{"href":"https:\/\/roveyayinevi.com.tr\/index.php\/wp-json\/wp\/v2\/product"}],"about":[{"href":"https:\/\/roveyayinevi.com.tr\/index.php\/wp-json\/wp\/v2\/types\/product"}],"wp:attachment":[{"href":"https:\/\/roveyayinevi.com.tr\/index.php\/wp-json\/wp\/v2\/media?parent=785067"}],"wp:term":[{"taxonomy":"product_brand","embeddable":true,"href":"https:\/\/roveyayinevi.com.tr\/index.php\/wp-json\/wp\/v2\/product_brand?post=785067"},{"taxonomy":"product_cat","embeddable":true,"href":"https:\/\/roveyayinevi.com.tr\/index.php\/wp-json\/wp\/v2\/product_cat?post=785067"},{"taxonomy":"product_tag","embeddable":true,"href":"https:\/\/roveyayinevi.com.tr\/index.php\/wp-json\/wp\/v2\/product_tag?post=785067"}],"curies":[{"name":"wp","href":"https:\/\/api.w.org\/{rel}","templated":true}]}}