{"id":785061,"date":"2026-03-18T03:41:49","date_gmt":"2026-03-18T00:41:49","guid":{"rendered":"https:\/\/roveyayinevi.com.tr\/index.php\/urun\/birileri-bizi-gozetliyor\/"},"modified":"2026-04-15T03:48:41","modified_gmt":"2026-04-15T00:48:41","slug":"birileri-bizi-gozetliyor","status":"publish","type":"product","link":"https:\/\/roveyayinevi.com.tr\/index.php\/urun\/birileri-bizi-gozetliyor\/","title":{"rendered":"Birileri  Bizi G\u00f6zetliyor"},"content":{"rendered":"<p>BE\u015e YARI\u015eMACI. ON M\u0130LYON DOLAR. VE T\u00dcM D\u00dcNYANIN G\u00d6ZLER\u0130 ONLARIN \u00dcZER\u0130NDE.En Yak\u0131n Arkada\u015f.S\u0131rda\u015f.Senat\u00f6r.Erkek Arkada\u015f.Y\u00f6netici.Be\u015f yar\u0131\u015fmac\u0131, \u015eansl\u0131 Galip adl\u0131 yar\u0131\u015fmada on milyon dolar i\u00e7in yar\u0131\u015fmak \u00fczere se\u00e7ilmi\u015ftir. Ancak hi\u00e7biri neyle ya da kiminle kar\u015f\u0131la\u015faca\u011f\u0131n\u0131 bilmemektedir. \u00dcstelik yar\u0131\u015fma, t\u00fcm d\u00fcnyada canl\u0131 yay\u0131nlanacakt\u0131r.Kurallar basittir; d\u0131\u015f d\u00fcnyayla hi\u00e7bir ileti\u015fim kurmak yok, m\u00fclk\u00fc terk etmek yasak, sonuna kadar oyunda kalmak \u015fart. Fakat k\u0131sa s\u00fcrede, bunun s\u0131radan bir yar\u0131\u015fma olmad\u0131\u011f\u0131 anla\u015f\u0131l\u0131r. Her yar\u0131\u015fmac\u0131n\u0131n s\u0131rlarla dolu karanl\u0131k bir ge\u00e7mi\u015fi vard\u0131r.Bu yar\u0131\u015fma, d\u00fcnya onlar\u0131n kim oldu\u011funu \u00f6\u011frenmeden sona ermeyecektir. Ve biri, t\u00fcm s\u0131rlar\u0131 canl\u0131 yay\u0131nda ortaya \u00e7\u0131karmaya kararl\u0131d\u0131r\u2026<\/p>\n","protected":false},"excerpt":{"rendered":"<p>BE\u015e YARI\u015eMACI. ON M\u0130LYON DOLAR. VE T\u00dcM D\u00dcNYANIN G\u00d6ZLER\u0130 ONLARIN \u00dcZER\u0130NDE.En Yak\u0131n Arkada\u015f.S\u0131rda\u015f.Senat\u00f6r.Erkek Arkada\u015f.Y\u00f6netici.Be\u015f yar\u0131\u015fmac\u0131, \u015eansl\u0131 Galip adl\u0131 yar\u0131\u015fmada on milyon dolar i\u00e7in yar\u0131\u015fmak \u00fczere se\u00e7ilmi\u015ftir.<span class=\"excerpt-hellip\"> [\u2026]<\/span><\/p>\n","protected":false},"featured_media":0,"template":"","meta":{"_monsterinsights_skip_tracking":false,"_monsterinsights_sitenote_active":false,"_monsterinsights_sitenote_note":"","_monsterinsights_sitenote_category":0},"product_brand":[],"product_cat":[141304],"product_tag":[],"class_list":{"0":"post-785061","1":"product","2":"type-product","3":"status-publish","5":"product_cat-yeni-cikanlar","6":"pa_cilt-ciltsiz","7":"pa_tur-kitap","8":"pa_yayinevi-artemis-yayinlari","9":"pa_yazar-heather-gudenkauf","11":"first","12":"instock","13":"sale","14":"shipping-taxable","15":"purchasable","16":"product-type-simple"},"_links":{"self":[{"href":"https:\/\/roveyayinevi.com.tr\/index.php\/wp-json\/wp\/v2\/product\/785061","targetHints":{"allow":["GET"]}}],"collection":[{"href":"https:\/\/roveyayinevi.com.tr\/index.php\/wp-json\/wp\/v2\/product"}],"about":[{"href":"https:\/\/roveyayinevi.com.tr\/index.php\/wp-json\/wp\/v2\/types\/product"}],"wp:attachment":[{"href":"https:\/\/roveyayinevi.com.tr\/index.php\/wp-json\/wp\/v2\/media?parent=785061"}],"wp:term":[{"taxonomy":"product_brand","embeddable":true,"href":"https:\/\/roveyayinevi.com.tr\/index.php\/wp-json\/wp\/v2\/product_brand?post=785061"},{"taxonomy":"product_cat","embeddable":true,"href":"https:\/\/roveyayinevi.com.tr\/index.php\/wp-json\/wp\/v2\/product_cat?post=785061"},{"taxonomy":"product_tag","embeddable":true,"href":"https:\/\/roveyayinevi.com.tr\/index.php\/wp-json\/wp\/v2\/product_tag?post=785061"}],"curies":[{"name":"wp","href":"https:\/\/api.w.org\/{rel}","templated":true}]}}