{"id":785060,"date":"2026-03-18T03:41:46","date_gmt":"2026-03-18T00:41:46","guid":{"rendered":"https:\/\/roveyayinevi.com.tr\/index.php\/urun\/hayal-takimi-yagmur-ormanlarinda\/"},"modified":"2026-04-15T03:48:38","modified_gmt":"2026-04-15T00:48:38","slug":"hayal-takimi-yagmur-ormanlarinda","status":"publish","type":"product","link":"https:\/\/roveyayinevi.com.tr\/index.php\/urun\/hayal-takimi-yagmur-ormanlarinda\/","title":{"rendered":"Hayal Tak\u0131m\u0131 Ya\u011fmur Ormanlar\u0131nda"},"content":{"rendered":"<p>Arkada\u015fl\u0131k, birlikte hayal kurmakt\u0131r! Eserleri otuzdan fazla dile \u00e7evrilen Peter Stamm\u2019\u0131n \u201cTek Ba\u015f\u0131ma Okuyorum!\u201d koleksiyonu i\u00e7in kaleme ald\u0131\u011f\u0131 Hayal Tak\u0131m\u0131 Ya\u011fmur Ormanlar\u0131nda, \u00e7ocuklarda yarat\u0131c\u0131 d\u00fc\u015f\u00fcnmenin s\u0131n\u0131rs\u0131zl\u0131\u011f\u0131n\u0131 g\u00f6zler \u00f6n\u00fcne seren, ilham verici bir \u00f6yk\u00fc. Hayalleri ger\u00e7eklerden b\u00fcy\u00fck iki kafadar\u0131 orman\u0131n kalbinde bulu\u015fturan yazar; oyun yoluyla farkl\u0131 rollere b\u00fcr\u00fcnmenin, m\u0131\u015f gibi yapman\u0131n empati kurma ve kendini ifade etme becerilerini nas\u0131l art\u0131rd\u0131\u011f\u0131na dikkat \u00e7ekiyor. Az s\u00f6zc\u00fckle \u00e7ok \u015fey anlatan bu e\u011flenceli ser\u00fcven, zebralar\u0131n futbol oynad\u0131\u011f\u0131, flamingolar\u0131n durakta otob\u00fcs bekledi\u011fi, fillerin bankta gazete okudu\u011fu b\u00fcy\u00fcleyici bir d\u00fcnyaya davet ediyor okurlar\u0131. Teo ve Marlen, teneff\u00fcste saklamba\u00e7 oynarken yanl\u0131\u015fl\u0131kla okul binas\u0131n\u0131n \u00e7at\u0131 kat\u0131ndaki depoya girerler. Tavan aras\u0131nda \u00e7e\u015fitli hayvan kost\u00fcmleri ve sahne dekorlar\u0131yla dolu gizli bir hazine ke\u015ffeden iki arkada\u015f, s\u0131rtlanlardan ka\u00e7man\u0131n yollar\u0131n\u0131 ararken sevimli bir maymunun ve minik bir ay\u0131n\u0131n k\u0131l\u0131\u011f\u0131na b\u00fcr\u00fcnerek kendilerini hayal\u00ee bir maceran\u0131n i\u00e7inde bulurlar. Ya\u015fad\u0131klar\u0131 \u015fehri \u00e2deta bir ya\u011fmur orman\u0131na d\u00f6n\u00fc\u015ft\u00fcren iki hayalperest \u00e7ocu\u011fun ba\u015f\u0131ndan ge\u00e7enleri ele alan kitap, Susanne G\u00f6hlich\u2019in ne\u015feli \u00e7izimleri e\u015fli\u011finde \u00e7izgi film tad\u0131nda bir anlat\u0131 sunuyor.<\/p>\n","protected":false},"excerpt":{"rendered":"<p>Arkada\u015fl\u0131k, birlikte hayal kurmakt\u0131r! Eserleri otuzdan fazla dile \u00e7evrilen Peter Stamm\u2019\u0131n \u201cTek Ba\u015f\u0131ma Okuyorum!\u201d koleksiyonu i\u00e7in kaleme ald\u0131\u011f\u0131 Hayal Tak\u0131m\u0131 Ya\u011fmur Ormanlar\u0131nda, \u00e7ocuklarda yarat\u0131c\u0131 d\u00fc\u015f\u00fcnmenin s\u0131n\u0131rs\u0131zl\u0131\u011f\u0131n\u0131<span class=\"excerpt-hellip\"> [\u2026]<\/span><\/p>\n","protected":false},"featured_media":0,"template":"","meta":{"_monsterinsights_skip_tracking":false,"_monsterinsights_sitenote_active":false,"_monsterinsights_sitenote_note":"","_monsterinsights_sitenote_category":0},"product_brand":[],"product_cat":[12274,15842],"product_tag":[],"class_list":{"0":"post-785060","1":"product","2":"type-product","3":"status-publish","5":"product_cat-cocuk-ve-genclik-kitaplari","6":"product_cat-egitici-kitaplar","7":"pa_cilt-ciltsiz","8":"pa_tur-kitap","9":"pa_yayinevi-tudem-yayinlari","10":"pa_yazar-peter-stamm","12":"first","13":"instock","14":"sale","15":"shipping-taxable","16":"purchasable","17":"product-type-simple"},"_links":{"self":[{"href":"https:\/\/roveyayinevi.com.tr\/index.php\/wp-json\/wp\/v2\/product\/785060","targetHints":{"allow":["GET"]}}],"collection":[{"href":"https:\/\/roveyayinevi.com.tr\/index.php\/wp-json\/wp\/v2\/product"}],"about":[{"href":"https:\/\/roveyayinevi.com.tr\/index.php\/wp-json\/wp\/v2\/types\/product"}],"wp:attachment":[{"href":"https:\/\/roveyayinevi.com.tr\/index.php\/wp-json\/wp\/v2\/media?parent=785060"}],"wp:term":[{"taxonomy":"product_brand","embeddable":true,"href":"https:\/\/roveyayinevi.com.tr\/index.php\/wp-json\/wp\/v2\/product_brand?post=785060"},{"taxonomy":"product_cat","embeddable":true,"href":"https:\/\/roveyayinevi.com.tr\/index.php\/wp-json\/wp\/v2\/product_cat?post=785060"},{"taxonomy":"product_tag","embeddable":true,"href":"https:\/\/roveyayinevi.com.tr\/index.php\/wp-json\/wp\/v2\/product_tag?post=785060"}],"curies":[{"name":"wp","href":"https:\/\/api.w.org\/{rel}","templated":true}]}}