{"id":785058,"date":"2026-03-18T03:41:43","date_gmt":"2026-03-18T00:41:43","guid":{"rendered":"https:\/\/roveyayinevi.com.tr\/index.php\/urun\/soru-7\/"},"modified":"2026-03-25T21:09:42","modified_gmt":"2026-03-25T18:09:42","slug":"soru-7","status":"publish","type":"product","link":"https:\/\/roveyayinevi.com.tr\/index.php\/urun\/soru-7\/","title":{"rendered":"Soru 7"},"content":{"rendered":"<p>&#8220;\u00c7\u00fcnk\u00fc an\u0131lar\u0131n da kendi zaman\u0131 vard\u0131r. Unutman\u0131n bir zaman\u0131, hat\u0131rlaman\u0131n bir zaman\u0131, sonra o zaman\u0131n da an\u0131ya d\u00f6n\u00fc\u015ft\u00fc\u011f\u00fc bir ba\u015fka zaman&#8230; Ve sonra hi\u00e7bir \u015feyin kalmad\u0131\u011f\u0131 bir zaman&#8230;\u201dSoru 7, Flanagan\u2019\u0131n en ger\u00e7ek\u00e7i, en lirik, en dokunakl\u0131 ve en \u201chayata dair\u201d kitab\u0131. D\u00fcnya Sava\u015f\u0131 s\u0131ras\u0131nda Singapur\u2019da Japonlara esir d\u00fc\u015fen baba Flanagan, \u00f6nce bir k\u00f6m\u00fcr madeninde, sonra da \u00d6l\u00fcm Demiryolu da denilen Tayland-Burma demiryolunun yap\u0131m\u0131nda \u00e7al\u0131\u015fmaya g\u00f6nderilir. En a\u011f\u0131r ko\u015fullar alt\u0131ndaki bu \u00e7al\u0131\u015fma 3 y\u0131l s\u00fcrer ve babaFlanagan sava\u015f bitiminde Tazmanya\u2019daki ailesinin yan\u0131na d\u00f6ner. Hayat\u0131n bu d\u00f6neminden hi\u00e7 s\u00f6z etmeyen babas\u0131n\u0131n ve ya\u015fanan o y\u0131llar\u0131n izlerini s\u00fcrmek i\u00e7in ge\u00e7mi\u015fe yolculuk yapan anlat\u0131c\u0131, \u201cutan\u00e7s\u0131z an\u0131lar\u0131n olmad\u0131\u011f\u0131n\u0131\u201d en derin bi\u00e7imde kavrar. Tarihin kelebek etkisi hem anlat\u0131c\u0131n\u0131n bireysel ge\u00e7mi\u015fini hem de 6 A\u011fustos 1945\u2019te Hiro\u015fima\u2019ya at\u0131lan ve saniyeler i\u00e7inde 60.000 ki\u015finin \u00f6l\u00fcm\u00fcne neden olan Atom bombas\u0131yla birlikte b\u00fct\u00fcn d\u00fcnyay\u0131 rotas\u0131n\u0131 \u00e7izecektir. Anlat\u0131c\u0131, \u0130ngilizlerin Tazmanya\u2019daki yerli halklara uygulad\u0131\u011f\u0131 soyk\u0131r\u0131mdan Hiro\u015fima\u2019ya at\u0131lan atom bombas\u0131na kadar 20.Y\u00fczy\u0131l\u0131n kaderini de\u011fi\u015ftiren olaylarla ilgili sorular sorarak kimin hat\u0131rlanaca\u011f\u0131 \u00fczerinde d\u00fc\u015f\u00fcn\u00fcrken, \u201cSanki unutma ihtiyac\u0131, hat\u0131rlama ihtiyac\u0131 kadar g\u00fc\u00e7l\u00fcyd\u00fc. Belki de daha g\u00fc\u00e7l\u00fcyd\u00fc,\u201d diyor.An\u0131, tarih ve otobiyografik kurguyu harmanlayan yazar\u0131n bu s\u0131ra d\u0131\u015f\u0131 yap\u0131t\u0131, hayat\u0131n \u00f6l\u00e7\u00fclemezli\u011fi \u00fczerine, ince ayarl\u0131 ki\u015fisel bir deneyimle i\u00e7 i\u00e7e ge\u00e7mi\u015f derin bir inceleme.<\/p>\n","protected":false},"excerpt":{"rendered":"<p>&#8220;\u00c7\u00fcnk\u00fc an\u0131lar\u0131n da kendi zaman\u0131 vard\u0131r. Unutman\u0131n bir zaman\u0131, hat\u0131rlaman\u0131n bir zaman\u0131, sonra o zaman\u0131n da an\u0131ya d\u00f6n\u00fc\u015ft\u00fc\u011f\u00fc bir ba\u015fka zaman&#8230; Ve sonra hi\u00e7bir \u015feyin kalmad\u0131\u011f\u0131<span class=\"excerpt-hellip\"> [\u2026]<\/span><\/p>\n","protected":false},"featured_media":0,"template":"","meta":{"_monsterinsights_skip_tracking":false,"_monsterinsights_sitenote_active":false,"_monsterinsights_sitenote_note":"","_monsterinsights_sitenote_category":0},"product_brand":[],"product_cat":[13072,12291],"product_tag":[],"class_list":{"0":"post-785058","1":"product","2":"type-product","3":"status-publish","5":"product_cat-arastirma-inceleme-referans","6":"product_cat-edebiyat","7":"pa_cilt-ciltsiz","8":"pa_tur-kitap","9":"pa_yayinevi-sia-kitap","10":"pa_yazar-richard-flanagan","12":"first","13":"instock","14":"sale","15":"shipping-taxable","16":"purchasable","17":"product-type-simple"},"_links":{"self":[{"href":"https:\/\/roveyayinevi.com.tr\/index.php\/wp-json\/wp\/v2\/product\/785058","targetHints":{"allow":["GET"]}}],"collection":[{"href":"https:\/\/roveyayinevi.com.tr\/index.php\/wp-json\/wp\/v2\/product"}],"about":[{"href":"https:\/\/roveyayinevi.com.tr\/index.php\/wp-json\/wp\/v2\/types\/product"}],"wp:attachment":[{"href":"https:\/\/roveyayinevi.com.tr\/index.php\/wp-json\/wp\/v2\/media?parent=785058"}],"wp:term":[{"taxonomy":"product_brand","embeddable":true,"href":"https:\/\/roveyayinevi.com.tr\/index.php\/wp-json\/wp\/v2\/product_brand?post=785058"},{"taxonomy":"product_cat","embeddable":true,"href":"https:\/\/roveyayinevi.com.tr\/index.php\/wp-json\/wp\/v2\/product_cat?post=785058"},{"taxonomy":"product_tag","embeddable":true,"href":"https:\/\/roveyayinevi.com.tr\/index.php\/wp-json\/wp\/v2\/product_tag?post=785058"}],"curies":[{"name":"wp","href":"https:\/\/api.w.org\/{rel}","templated":true}]}}