{"id":785056,"date":"2026-03-18T03:41:40","date_gmt":"2026-03-18T00:41:40","guid":{"rendered":"https:\/\/roveyayinevi.com.tr\/index.php\/urun\/curling-sporcularinin-pozisyonlarina-gore-psikolojik-beceri-ve-kisilik-ozelliklerinin-incelenmesi\/"},"modified":"2026-04-15T03:48:38","modified_gmt":"2026-04-15T00:48:38","slug":"curling-sporcularinin-pozisyonlarina-gore-psikolojik-beceri-ve-kisilik-ozelliklerinin-incelenmesi","status":"publish","type":"product","link":"https:\/\/roveyayinevi.com.tr\/index.php\/urun\/curling-sporcularinin-pozisyonlarina-gore-psikolojik-beceri-ve-kisilik-ozelliklerinin-incelenmesi\/","title":{"rendered":"Curling Sporcular\u0131n\u0131n Pozisyonlar\u0131na G\u00f6re Psikolojik Beceri ve Ki\u015filik \u00d6zelliklerinin \u0130ncelenmesi"},"content":{"rendered":"<p>1. G\u0130R\u0130\u015e       2. GENEL B\u0130LG\u0130LER       3. METOT VE BULGULAR        4. BULGULAR        5. TARTI\u015eMA VE SONU\u00c7        6. \u00d6NER\u0130LER<\/p>\n","protected":false},"excerpt":{"rendered":"<p>1. G\u0130R\u0130\u015e 2. GENEL B\u0130LG\u0130LER 3. METOT VE BULGULAR 4. BULGULAR 5. TARTI\u015eMA VE SONU\u00c7 6. \u00d6NER\u0130LER<\/p>\n","protected":false},"featured_media":0,"template":"","meta":{"_monsterinsights_skip_tracking":false,"_monsterinsights_sitenote_active":false,"_monsterinsights_sitenote_note":"","_monsterinsights_sitenote_category":0},"product_brand":[],"product_cat":[141304],"product_tag":[],"class_list":{"0":"post-785056","1":"product","2":"type-product","3":"status-publish","5":"product_cat-yeni-cikanlar","6":"pa_cilt-ciltsiz","7":"pa_tur-kitap","8":"pa_yayinevi-gazi-kitabevi","9":"pa_yazar-kadir-cakir","11":"first","12":"instock","13":"sale","14":"shipping-taxable","15":"purchasable","16":"product-type-simple"},"_links":{"self":[{"href":"https:\/\/roveyayinevi.com.tr\/index.php\/wp-json\/wp\/v2\/product\/785056","targetHints":{"allow":["GET"]}}],"collection":[{"href":"https:\/\/roveyayinevi.com.tr\/index.php\/wp-json\/wp\/v2\/product"}],"about":[{"href":"https:\/\/roveyayinevi.com.tr\/index.php\/wp-json\/wp\/v2\/types\/product"}],"wp:attachment":[{"href":"https:\/\/roveyayinevi.com.tr\/index.php\/wp-json\/wp\/v2\/media?parent=785056"}],"wp:term":[{"taxonomy":"product_brand","embeddable":true,"href":"https:\/\/roveyayinevi.com.tr\/index.php\/wp-json\/wp\/v2\/product_brand?post=785056"},{"taxonomy":"product_cat","embeddable":true,"href":"https:\/\/roveyayinevi.com.tr\/index.php\/wp-json\/wp\/v2\/product_cat?post=785056"},{"taxonomy":"product_tag","embeddable":true,"href":"https:\/\/roveyayinevi.com.tr\/index.php\/wp-json\/wp\/v2\/product_tag?post=785056"}],"curies":[{"name":"wp","href":"https:\/\/api.w.org\/{rel}","templated":true}]}}