{"id":785053,"date":"2026-03-18T03:41:36","date_gmt":"2026-03-18T00:41:36","guid":{"rendered":"https:\/\/roveyayinevi.com.tr\/index.php\/urun\/madalyonun-diger-yuzu-sapkin-bos-zaman\/"},"modified":"2026-04-15T03:48:38","modified_gmt":"2026-04-15T00:48:38","slug":"madalyonun-diger-yuzu-sapkin-bos-zaman","status":"publish","type":"product","link":"https:\/\/roveyayinevi.com.tr\/index.php\/urun\/madalyonun-diger-yuzu-sapkin-bos-zaman\/","title":{"rendered":"Madalyonun Di\u011fer Y\u00fcz\u00fc:  Sapk\u0131n Bo\u015f Zaman"},"content":{"rendered":"<p>1. Giri\u015f 2. Zaman Kavram\u01313. Bo\u015f Zaman4. Sapk\u0131n Bo\u015f Zaman5. Sonu\u00e7<\/p>\n","protected":false},"excerpt":{"rendered":"<p>1. Giri\u015f 2. Zaman Kavram\u01313. Bo\u015f Zaman4. Sapk\u0131n Bo\u015f Zaman5. Sonu\u00e7<\/p>\n","protected":false},"featured_media":0,"template":"","meta":{"_monsterinsights_skip_tracking":false,"_monsterinsights_sitenote_active":false,"_monsterinsights_sitenote_note":"","_monsterinsights_sitenote_category":0},"product_brand":[],"product_cat":[15563,15564],"product_tag":[],"class_list":{"0":"post-785053","1":"product","2":"type-product","3":"status-publish","5":"product_cat-hobi","6":"product_cat-spor","7":"pa_cilt-ciltsiz","8":"pa_tur-kitap","9":"pa_yayinevi-gazi-kitabevi","10":"pa_yazar-gozde-yetim","12":"first","13":"instock","14":"sale","15":"shipping-taxable","16":"purchasable","17":"product-type-simple"},"_links":{"self":[{"href":"https:\/\/roveyayinevi.com.tr\/index.php\/wp-json\/wp\/v2\/product\/785053","targetHints":{"allow":["GET"]}}],"collection":[{"href":"https:\/\/roveyayinevi.com.tr\/index.php\/wp-json\/wp\/v2\/product"}],"about":[{"href":"https:\/\/roveyayinevi.com.tr\/index.php\/wp-json\/wp\/v2\/types\/product"}],"wp:attachment":[{"href":"https:\/\/roveyayinevi.com.tr\/index.php\/wp-json\/wp\/v2\/media?parent=785053"}],"wp:term":[{"taxonomy":"product_brand","embeddable":true,"href":"https:\/\/roveyayinevi.com.tr\/index.php\/wp-json\/wp\/v2\/product_brand?post=785053"},{"taxonomy":"product_cat","embeddable":true,"href":"https:\/\/roveyayinevi.com.tr\/index.php\/wp-json\/wp\/v2\/product_cat?post=785053"},{"taxonomy":"product_tag","embeddable":true,"href":"https:\/\/roveyayinevi.com.tr\/index.php\/wp-json\/wp\/v2\/product_tag?post=785053"}],"curies":[{"name":"wp","href":"https:\/\/api.w.org\/{rel}","templated":true}]}}