{"id":785052,"date":"2026-03-18T03:41:35","date_gmt":"2026-03-18T00:41:35","guid":{"rendered":"https:\/\/roveyayinevi.com.tr\/index.php\/urun\/kadin-artistik-cimnastik-minikler-ve-kucukler-icin-temel-egitim-ve-ogretim-yaklasimi\/"},"modified":"2026-04-15T03:48:38","modified_gmt":"2026-04-15T00:48:38","slug":"kadin-artistik-cimnastik-minikler-ve-kucukler-icin-temel-egitim-ve-ogretim-yaklasimi","status":"publish","type":"product","link":"https:\/\/roveyayinevi.com.tr\/index.php\/urun\/kadin-artistik-cimnastik-minikler-ve-kucukler-icin-temel-egitim-ve-ogretim-yaklasimi\/","title":{"rendered":"Kad\u0131n Artistik Cimnastik Minikler ve K\u00fc\u00e7\u00fckler \u0130\u00e7in Temel E\u011fitim ve \u00d6\u011fretim Yakla\u015f\u0131m\u0131"},"content":{"rendered":"<p>B\u00d6L\u00dcM 1: C\u0130MNAST\u0130KB\u00d6L\u00dcM 2: ART\u0130ST\u0130K C\u0130MNAST\u0130KB\u00d6L\u00dcM 3: ART\u0130ST\u0130K C\u0130MNAST\u0130KTE UZUN S\u00dcREL\u0130 GEL\u0130\u015e\u0130M STRATEJ\u0130LER\u0130 VE ERKEN KATILIM PARAD\u0130GMASIB\u00d6L\u00dcM 4: ART\u0130ST\u0130K C\u0130MNAST\u0130KTE \u00d6\u011eRET\u0130M MODELLER\u0130 VE TEKN\u0130K GEL\u0130\u015e\u0130M STRATEJ\u0130LER\u0130B\u00d6L\u00dcM 5: ART\u0130ST\u0130K C\u0130MNAST\u0130\u011eE ERKEN D\u00d6NEMDE KATILIM VE KADEMEL\u0130 \u0130LERLEMEB\u00d6L\u00dcM 6: 3-5 YA\u015e GRUBU \u0130\u00c7\u0130N OYUN TEMELL\u0130 HAREKET E\u011e\u0130T\u0130M\u0130 VE UYGULAMA \u00d6RNEKLER\u0130B\u00d6L\u00dcM 7: TEMEL ANTRENMAN D\u00d6NEM\u0130: 6-7 YA\u015e KIZ SPORCULAR \u0130\u00c7\u0130N GEL\u0130\u015e\u0130M \u00c7ER\u00c7EVES\u0130<\/p>\n","protected":false},"excerpt":{"rendered":"<p>B\u00d6L\u00dcM 1: C\u0130MNAST\u0130KB\u00d6L\u00dcM 2: ART\u0130ST\u0130K C\u0130MNAST\u0130KB\u00d6L\u00dcM 3: ART\u0130ST\u0130K C\u0130MNAST\u0130KTE UZUN S\u00dcREL\u0130 GEL\u0130\u015e\u0130M STRATEJ\u0130LER\u0130 VE ERKEN KATILIM PARAD\u0130GMASIB\u00d6L\u00dcM 4: ART\u0130ST\u0130K C\u0130MNAST\u0130KTE \u00d6\u011eRET\u0130M MODELLER\u0130 VE TEKN\u0130K GEL\u0130\u015e\u0130M STRATEJ\u0130LER\u0130B\u00d6L\u00dcM<span class=\"excerpt-hellip\"> [\u2026]<\/span><\/p>\n","protected":false},"featured_media":0,"template":"","meta":{"_monsterinsights_skip_tracking":false,"_monsterinsights_sitenote_active":false,"_monsterinsights_sitenote_note":"","_monsterinsights_sitenote_category":0},"product_brand":[],"product_cat":[15563,15564],"product_tag":[],"class_list":{"0":"post-785052","1":"product","2":"type-product","3":"status-publish","5":"product_cat-hobi","6":"product_cat-spor","7":"pa_cilt-ciltsiz","8":"pa_tur-kitap","9":"pa_yayinevi-gazi-kitabevi","10":"pa_yazar-hulya-andre","12":"first","13":"instock","14":"sale","15":"shipping-taxable","16":"purchasable","17":"product-type-simple"},"_links":{"self":[{"href":"https:\/\/roveyayinevi.com.tr\/index.php\/wp-json\/wp\/v2\/product\/785052","targetHints":{"allow":["GET"]}}],"collection":[{"href":"https:\/\/roveyayinevi.com.tr\/index.php\/wp-json\/wp\/v2\/product"}],"about":[{"href":"https:\/\/roveyayinevi.com.tr\/index.php\/wp-json\/wp\/v2\/types\/product"}],"wp:attachment":[{"href":"https:\/\/roveyayinevi.com.tr\/index.php\/wp-json\/wp\/v2\/media?parent=785052"}],"wp:term":[{"taxonomy":"product_brand","embeddable":true,"href":"https:\/\/roveyayinevi.com.tr\/index.php\/wp-json\/wp\/v2\/product_brand?post=785052"},{"taxonomy":"product_cat","embeddable":true,"href":"https:\/\/roveyayinevi.com.tr\/index.php\/wp-json\/wp\/v2\/product_cat?post=785052"},{"taxonomy":"product_tag","embeddable":true,"href":"https:\/\/roveyayinevi.com.tr\/index.php\/wp-json\/wp\/v2\/product_tag?post=785052"}],"curies":[{"name":"wp","href":"https:\/\/api.w.org\/{rel}","templated":true}]}}