{"id":785051,"date":"2026-03-18T03:41:33","date_gmt":"2026-03-18T00:41:33","guid":{"rendered":"https:\/\/roveyayinevi.com.tr\/index.php\/urun\/kuzgun-kadin\/"},"modified":"2026-04-15T03:48:37","modified_gmt":"2026-04-15T00:48:37","slug":"kuzgun-kadin","status":"publish","type":"product","link":"https:\/\/roveyayinevi.com.tr\/index.php\/urun\/kuzgun-kadin\/","title":{"rendered":"Kuzgun  Kad\u0131n"},"content":{"rendered":"<p>On be\u015finci y\u00fczy\u0131lda, bug\u00fcnk\u00fc Macaristan topraklar\u0131nday\u0131z. Ordular ve aileler aras\u0131nda k\u0131yas\u0131ya devam eden iktidar sava\u015flar\u0131n\u0131n ortas\u0131nda bir kad\u0131n: Erzs\u00e9bet Szil\u00e1gyi. Tarihin ona yak\u0131\u015ft\u0131rd\u0131\u011f\u0131 s\u0131fatlarla soylu bir ailenin k\u0131z\u0131, Kral J\u00e1nos Hunyadi\u2019nin kar\u0131s\u0131, idam edilen Ladislas Hunyadi\u2019nin ve nice olaylardan sonra Macaristan kral\u0131 olan M\u00e1ty\u00e1s Hunyadi\u2019nin annesi.G\u00fcn\u00fcm\u00fczde Macaristan\u2019\u0131n en sevilen yazarlar\u0131ndan olan Zsolna Ugron, Kuzgun Kad\u0131n roman\u0131yla, tarihin \u00fczerini \u00f6rtt\u00fc\u011f\u00fc ba\u015fka bir hayat\u0131n\u0131 g\u00f6zler \u00f6n\u00fcne seriyor Erzs\u00e9bet\u2019in: Ac\u0131mas\u0131z bir d\u00fcnyada kendini korumay\u0131 \u00f6\u011frenen bir gen\u00e7 k\u0131z, entrikalarla \u00f6r\u00fcl\u00fc, sert siyaset oyunlar\u0131n\u0131 kavrayan, giderek g\u00fc\u00e7lenen, bu sahnede rol alan etkili bir akt\u00f6r olarak. Ugron, edebiyat\u0131n g\u00fcc\u00fcnden yararlanarak tarihi bir karaktere bamba\u015fka bir g\u00f6zle bakmaya \u00e7a\u011f\u0131r\u0131yor bizi.<\/p>\n","protected":false},"excerpt":{"rendered":"<p>On be\u015finci y\u00fczy\u0131lda, bug\u00fcnk\u00fc Macaristan topraklar\u0131nday\u0131z. Ordular ve aileler aras\u0131nda k\u0131yas\u0131ya devam eden iktidar sava\u015flar\u0131n\u0131n ortas\u0131nda bir kad\u0131n: Erzs\u00e9bet Szil\u00e1gyi. Tarihin ona yak\u0131\u015ft\u0131rd\u0131\u011f\u0131 s\u0131fatlarla soylu bir<span class=\"excerpt-hellip\"> [\u2026]<\/span><\/p>\n","protected":false},"featured_media":0,"template":"","meta":{"_monsterinsights_skip_tracking":false,"_monsterinsights_sitenote_active":false,"_monsterinsights_sitenote_note":"","_monsterinsights_sitenote_category":0},"product_brand":[],"product_cat":[12291,12745],"product_tag":[],"class_list":{"0":"post-785051","1":"product","2":"type-product","3":"status-publish","5":"product_cat-edebiyat","6":"product_cat-tarihi-roman","7":"pa_cilt-ciltsiz","8":"pa_tur-kitap","9":"pa_yayinevi-everest-yayinlari","10":"pa_yazar-zsolna-ugron","12":"first","13":"instock","14":"sale","15":"shipping-taxable","16":"purchasable","17":"product-type-simple"},"_links":{"self":[{"href":"https:\/\/roveyayinevi.com.tr\/index.php\/wp-json\/wp\/v2\/product\/785051","targetHints":{"allow":["GET"]}}],"collection":[{"href":"https:\/\/roveyayinevi.com.tr\/index.php\/wp-json\/wp\/v2\/product"}],"about":[{"href":"https:\/\/roveyayinevi.com.tr\/index.php\/wp-json\/wp\/v2\/types\/product"}],"wp:attachment":[{"href":"https:\/\/roveyayinevi.com.tr\/index.php\/wp-json\/wp\/v2\/media?parent=785051"}],"wp:term":[{"taxonomy":"product_brand","embeddable":true,"href":"https:\/\/roveyayinevi.com.tr\/index.php\/wp-json\/wp\/v2\/product_brand?post=785051"},{"taxonomy":"product_cat","embeddable":true,"href":"https:\/\/roveyayinevi.com.tr\/index.php\/wp-json\/wp\/v2\/product_cat?post=785051"},{"taxonomy":"product_tag","embeddable":true,"href":"https:\/\/roveyayinevi.com.tr\/index.php\/wp-json\/wp\/v2\/product_tag?post=785051"}],"curies":[{"name":"wp","href":"https:\/\/api.w.org\/{rel}","templated":true}]}}