{"id":785048,"date":"2026-03-18T03:41:28","date_gmt":"2026-03-18T00:41:28","guid":{"rendered":"https:\/\/roveyayinevi.com.tr\/index.php\/urun\/iki-odali-zihnin-cokusunde-bilincin-kokeni\/"},"modified":"2026-04-15T03:48:36","modified_gmt":"2026-04-15T00:48:36","slug":"iki-odali-zihnin-cokusunde-bilincin-kokeni","status":"publish","type":"product","link":"https:\/\/roveyayinevi.com.tr\/index.php\/urun\/iki-odali-zihnin-cokusunde-bilincin-kokeni\/","title":{"rendered":"\u0130ki Odal\u0131 Zihnin \u00c7\u00f6k\u00fc\u015f\u00fcnde Bilincin K\u00f6keni"},"content":{"rendered":"<p>Julian Jaynes bilincin, insan evriminde kadim zamanlardan beri var olan bir yeti de\u011fil, dilin, k\u00fclt\u00fcr\u00fcn ve toplumsal \u00e7alkant\u0131lar\u0131n i\u00e7inde \u00f6\u011frenilmi\u015f, tarih\u00ee bak\u0131mdan son derece yeni bir kazan\u0131m oldu\u011funu iddia etti. \u0130ki Odal\u0131 Zihnin \u00c7\u00f6k\u00fc\u015f\u00fcnde Bilincin K\u00f6keni, yay\u0131mland\u0131\u011f\u0131 g\u00fcnden bu yana bilim adamlar\u0131ndan romanc\u0131lara, filozoflardan sanat\u00e7\u0131lara de\u011fin bir\u00e7ok ki\u015fiyi etkiledi. Yirminci y\u00fczy\u0131l\u0131n en b\u00fcy\u00fck kitaplar\u0131ndan biri say\u0131lan bu eser ilk kez T\u00fcrk\u00e7ede.\u201cYa tam bir z\u0131rva veya tam tekmil bir dehan\u0131n \u00fcr\u00fcn\u00fc, bu ikisi aras\u0131nda ba\u015fka hi\u00e7bir yol yok!\u201d &#8211; Richard Dawkins<\/p>\n","protected":false},"excerpt":{"rendered":"<p>Julian Jaynes bilincin, insan evriminde kadim zamanlardan beri var olan bir yeti de\u011fil, dilin, k\u00fclt\u00fcr\u00fcn ve toplumsal \u00e7alkant\u0131lar\u0131n i\u00e7inde \u00f6\u011frenilmi\u015f, tarih\u00ee bak\u0131mdan son derece yeni bir<span class=\"excerpt-hellip\"> [\u2026]<\/span><\/p>\n","protected":false},"featured_media":0,"template":"","meta":{"_monsterinsights_skip_tracking":false,"_monsterinsights_sitenote_active":false,"_monsterinsights_sitenote_note":"","_monsterinsights_sitenote_category":0},"product_brand":[],"product_cat":[12357],"product_tag":[],"class_list":{"0":"post-785048","1":"product","2":"type-product","3":"status-publish","5":"product_cat-psikoloji","6":"pa_cilt-ciltsiz","7":"pa_tur-kitap","8":"pa_yayinevi-otuken-nesriyat","9":"pa_yazar-julian-jaynes","11":"first","12":"instock","13":"sale","14":"shipping-taxable","15":"purchasable","16":"product-type-simple"},"_links":{"self":[{"href":"https:\/\/roveyayinevi.com.tr\/index.php\/wp-json\/wp\/v2\/product\/785048","targetHints":{"allow":["GET"]}}],"collection":[{"href":"https:\/\/roveyayinevi.com.tr\/index.php\/wp-json\/wp\/v2\/product"}],"about":[{"href":"https:\/\/roveyayinevi.com.tr\/index.php\/wp-json\/wp\/v2\/types\/product"}],"wp:attachment":[{"href":"https:\/\/roveyayinevi.com.tr\/index.php\/wp-json\/wp\/v2\/media?parent=785048"}],"wp:term":[{"taxonomy":"product_brand","embeddable":true,"href":"https:\/\/roveyayinevi.com.tr\/index.php\/wp-json\/wp\/v2\/product_brand?post=785048"},{"taxonomy":"product_cat","embeddable":true,"href":"https:\/\/roveyayinevi.com.tr\/index.php\/wp-json\/wp\/v2\/product_cat?post=785048"},{"taxonomy":"product_tag","embeddable":true,"href":"https:\/\/roveyayinevi.com.tr\/index.php\/wp-json\/wp\/v2\/product_tag?post=785048"}],"curies":[{"name":"wp","href":"https:\/\/api.w.org\/{rel}","templated":true}]}}