{"id":785047,"date":"2026-03-18T03:41:24","date_gmt":"2026-03-18T00:41:24","guid":{"rendered":"https:\/\/roveyayinevi.com.tr\/index.php\/urun\/dinkomentasihirli-tasin-gizemi\/"},"modified":"2026-04-15T03:47:50","modified_gmt":"2026-04-15T00:47:50","slug":"dinkomentasihirli-tasin-gizemi","status":"publish","type":"product","link":"https:\/\/roveyayinevi.com.tr\/index.php\/urun\/dinkomentasihirli-tasin-gizemi\/","title":{"rendered":"Dinkomenta;Sihirli Ta\u015f\u0131n Gizemi"},"content":{"rendered":"<p>Yaz mevsimi, s\u0131cak ellerini do\u011fan\u0131n \u00fczerinden \u00e7ekmeye haz\u0131rlan\u0131yordu.G\u00fczin ve Cengiz i\u00e7in o g\u00fcn, yaz\u0131n en par\u0131lt\u0131l\u0131 g\u00fcn\u00fcyd\u00fc.Peki, bu p\u0131r\u0131lt\u0131n\u0131n ba\u015fka bir sebebi de var m\u0131yd\u0131?Kumsalda bulunan bir ta\u015f\u2026I\u015f\u0131k sa\u00e7an bir kap\u0131\u2026U\u00e7an mavi bir kitap\u2026E\u011fitimci yazar Ziynet Sevimli\u2019nin kaleminden iki harika \u00f6yk\u00fc, tek kitapta.Dinkomenta ile iyili\u011fin mucizesini ke\u015ffedecek; Palya\u00e7o Pekcan ile azmin, kendine inanman\u0131n ve g\u00fcl\u00fcmsemenin g\u00fcc\u00fcne ortak olacaks\u0131n\u0131z.\u201cKorkmay\u0131n,Bu ta\u015f\u0131n ad\u0131 masal dilinde \u2018Dinkomenta\u2019d\u0131r.Yani iyilik getiren sihirli ta\u015f\u2026\u201d<\/p>\n","protected":false},"excerpt":{"rendered":"<p>Yaz mevsimi, s\u0131cak ellerini do\u011fan\u0131n \u00fczerinden \u00e7ekmeye haz\u0131rlan\u0131yordu.G\u00fczin ve Cengiz i\u00e7in o g\u00fcn, yaz\u0131n en par\u0131lt\u0131l\u0131 g\u00fcn\u00fcyd\u00fc.Peki, bu p\u0131r\u0131lt\u0131n\u0131n ba\u015fka bir sebebi de var m\u0131yd\u0131?Kumsalda bulunan<span class=\"excerpt-hellip\"> [\u2026]<\/span><\/p>\n","protected":false},"featured_media":0,"template":"","meta":{"_monsterinsights_skip_tracking":false,"_monsterinsights_sitenote_active":false,"_monsterinsights_sitenote_note":"","_monsterinsights_sitenote_category":0},"product_brand":[],"product_cat":[12274,12631],"product_tag":[],"class_list":{"0":"post-785047","1":"product","2":"type-product","3":"status-publish","5":"product_cat-cocuk-ve-genclik-kitaplari","6":"product_cat-diger-cocuk-ve-genclik-kitaplari","7":"pa_cilt-ciltsiz","8":"pa_tur-kitap","9":"pa_yayinevi-luna-cocuk-yayinlari","10":"pa_yazar-ziynet-sevimli","12":"first","13":"instock","14":"sale","15":"shipping-taxable","16":"purchasable","17":"product-type-simple"},"_links":{"self":[{"href":"https:\/\/roveyayinevi.com.tr\/index.php\/wp-json\/wp\/v2\/product\/785047","targetHints":{"allow":["GET"]}}],"collection":[{"href":"https:\/\/roveyayinevi.com.tr\/index.php\/wp-json\/wp\/v2\/product"}],"about":[{"href":"https:\/\/roveyayinevi.com.tr\/index.php\/wp-json\/wp\/v2\/types\/product"}],"wp:attachment":[{"href":"https:\/\/roveyayinevi.com.tr\/index.php\/wp-json\/wp\/v2\/media?parent=785047"}],"wp:term":[{"taxonomy":"product_brand","embeddable":true,"href":"https:\/\/roveyayinevi.com.tr\/index.php\/wp-json\/wp\/v2\/product_brand?post=785047"},{"taxonomy":"product_cat","embeddable":true,"href":"https:\/\/roveyayinevi.com.tr\/index.php\/wp-json\/wp\/v2\/product_cat?post=785047"},{"taxonomy":"product_tag","embeddable":true,"href":"https:\/\/roveyayinevi.com.tr\/index.php\/wp-json\/wp\/v2\/product_tag?post=785047"}],"curies":[{"name":"wp","href":"https:\/\/api.w.org\/{rel}","templated":true}]}}