{"id":785046,"date":"2026-03-18T03:41:22","date_gmt":"2026-03-18T00:41:22","guid":{"rendered":"https:\/\/roveyayinevi.com.tr\/index.php\/urun\/sanal-evrende-cezai-sorumluluk-yapay-zeka-ve-metaverse\/"},"modified":"2026-04-15T03:47:50","modified_gmt":"2026-04-15T00:47:50","slug":"sanal-evrende-cezai-sorumluluk-yapay-zeka-ve-metaverse","status":"publish","type":"product","link":"https:\/\/roveyayinevi.com.tr\/index.php\/urun\/sanal-evrende-cezai-sorumluluk-yapay-zeka-ve-metaverse\/","title":{"rendered":"Sanal Evrende Cezai Sorumluluk: Yapay Zek\u00e2 ve Metaverse"},"content":{"rendered":"<p>\u201cSanal Evrende Cezai Sorumluluk: Yapay Zek\u00e2 ve Metaverse\u201d adl\u0131 bu eser, sanal evrende ger\u00e7ekle\u015fen fiillerin ceza sorumlulu\u011funa konu edilip edilemeyece\u011fini, yapay zek\u00e2 ve Metaverse \u00f6zelinde, ceza hukuku ilkeleri \u0131\u015f\u0131\u011f\u0131nda sistematik ve ele\u015ftirel bir yakla\u015f\u0131mla ele almaktad\u0131r.<\/p>\n","protected":false},"excerpt":{"rendered":"<p>\u201cSanal Evrende Cezai Sorumluluk: Yapay Zek\u00e2 ve Metaverse\u201d adl\u0131 bu eser, sanal evrende ger\u00e7ekle\u015fen fiillerin ceza sorumlulu\u011funa konu edilip edilemeyece\u011fini, yapay zek\u00e2 ve Metaverse \u00f6zelinde, ceza<span class=\"excerpt-hellip\"> [\u2026]<\/span><\/p>\n","protected":false},"featured_media":0,"template":"","meta":{"_monsterinsights_skip_tracking":false,"_monsterinsights_sitenote_active":false,"_monsterinsights_sitenote_note":"","_monsterinsights_sitenote_category":0},"product_brand":[],"product_cat":[15350,17602],"product_tag":[],"class_list":{"0":"post-785046","1":"product","2":"type-product","3":"status-publish","5":"product_cat-hukuk","6":"product_cat-hukuk-uzerine","7":"pa_cilt-ciltsiz","8":"pa_tur-kitap","9":"pa_yayinevi-luna-yayinlari","10":"pa_yazar-huzeyfe-karabay","12":"first","13":"instock","14":"sale","15":"shipping-taxable","16":"purchasable","17":"product-type-simple"},"_links":{"self":[{"href":"https:\/\/roveyayinevi.com.tr\/index.php\/wp-json\/wp\/v2\/product\/785046","targetHints":{"allow":["GET"]}}],"collection":[{"href":"https:\/\/roveyayinevi.com.tr\/index.php\/wp-json\/wp\/v2\/product"}],"about":[{"href":"https:\/\/roveyayinevi.com.tr\/index.php\/wp-json\/wp\/v2\/types\/product"}],"wp:attachment":[{"href":"https:\/\/roveyayinevi.com.tr\/index.php\/wp-json\/wp\/v2\/media?parent=785046"}],"wp:term":[{"taxonomy":"product_brand","embeddable":true,"href":"https:\/\/roveyayinevi.com.tr\/index.php\/wp-json\/wp\/v2\/product_brand?post=785046"},{"taxonomy":"product_cat","embeddable":true,"href":"https:\/\/roveyayinevi.com.tr\/index.php\/wp-json\/wp\/v2\/product_cat?post=785046"},{"taxonomy":"product_tag","embeddable":true,"href":"https:\/\/roveyayinevi.com.tr\/index.php\/wp-json\/wp\/v2\/product_tag?post=785046"}],"curies":[{"name":"wp","href":"https:\/\/api.w.org\/{rel}","templated":true}]}}