{"id":785045,"date":"2026-03-18T03:41:20","date_gmt":"2026-03-18T00:41:20","guid":{"rendered":"https:\/\/roveyayinevi.com.tr\/index.php\/urun\/elestirel-dusunme-becerileri-ve-spor-2\/"},"modified":"2026-04-15T03:47:50","modified_gmt":"2026-04-15T00:47:50","slug":"elestirel-dusunme-becerileri-ve-spor-2","status":"publish","type":"product","link":"https:\/\/roveyayinevi.com.tr\/index.php\/urun\/elestirel-dusunme-becerileri-ve-spor-2\/","title":{"rendered":"Ele\u015ftirel D\u00fc\u015f\u00fcnme Becerileri Ve Spor"},"content":{"rendered":"<p>\u0130\u00e7indekiler : \u00b7 Ele\u015ftirel D\u00fc\u015f\u00fcnme Becerileri ve Spor  \u00b7 Felsefe Hakk\u0131nda  \u00b7 D\u00fc\u015f\u00fcnmek  \u00b7 Ele\u015ftirel D\u00fc\u015f\u00fcnmek  \u00b7 Sporda Ele\u015ftirel D\u00fc\u015f\u00fcnme Becerileri<\/p>\n","protected":false},"excerpt":{"rendered":"<p>\u0130\u00e7indekiler : \u00b7 Ele\u015ftirel D\u00fc\u015f\u00fcnme Becerileri ve Spor \u00b7 Felsefe Hakk\u0131nda \u00b7 D\u00fc\u015f\u00fcnmek \u00b7 Ele\u015ftirel D\u00fc\u015f\u00fcnmek \u00b7 Sporda Ele\u015ftirel D\u00fc\u015f\u00fcnme Becerileri<\/p>\n","protected":false},"featured_media":0,"template":"","meta":{"_monsterinsights_skip_tracking":false,"_monsterinsights_sitenote_active":false,"_monsterinsights_sitenote_note":"","_monsterinsights_sitenote_category":0},"product_brand":[],"product_cat":[13366,13365],"product_tag":[],"class_list":{"0":"post-785045","1":"product","2":"type-product","3":"status-publish","5":"product_cat-diger-saglik","6":"product_cat-saglik","7":"pa_cilt-ciltsiz","8":"pa_tur-kitap","9":"pa_yayinevi-gazi-kitabevi","10":"pa_yazar-ersin-afacan","11":"pa_yazar-meltem-isik-afacan","13":"first","14":"instock","15":"sale","16":"shipping-taxable","17":"purchasable","18":"product-type-simple"},"_links":{"self":[{"href":"https:\/\/roveyayinevi.com.tr\/index.php\/wp-json\/wp\/v2\/product\/785045","targetHints":{"allow":["GET"]}}],"collection":[{"href":"https:\/\/roveyayinevi.com.tr\/index.php\/wp-json\/wp\/v2\/product"}],"about":[{"href":"https:\/\/roveyayinevi.com.tr\/index.php\/wp-json\/wp\/v2\/types\/product"}],"wp:attachment":[{"href":"https:\/\/roveyayinevi.com.tr\/index.php\/wp-json\/wp\/v2\/media?parent=785045"}],"wp:term":[{"taxonomy":"product_brand","embeddable":true,"href":"https:\/\/roveyayinevi.com.tr\/index.php\/wp-json\/wp\/v2\/product_brand?post=785045"},{"taxonomy":"product_cat","embeddable":true,"href":"https:\/\/roveyayinevi.com.tr\/index.php\/wp-json\/wp\/v2\/product_cat?post=785045"},{"taxonomy":"product_tag","embeddable":true,"href":"https:\/\/roveyayinevi.com.tr\/index.php\/wp-json\/wp\/v2\/product_tag?post=785045"}],"curies":[{"name":"wp","href":"https:\/\/api.w.org\/{rel}","templated":true}]}}