{"id":785044,"date":"2026-03-18T03:41:15","date_gmt":"2026-03-18T00:41:15","guid":{"rendered":"https:\/\/roveyayinevi.com.tr\/index.php\/urun\/leylakayip-yollarin-kizi\/"},"modified":"2026-03-25T21:09:30","modified_gmt":"2026-03-25T18:09:30","slug":"leylakayip-yollarin-kizi","status":"publish","type":"product","link":"https:\/\/roveyayinevi.com.tr\/index.php\/urun\/leylakayip-yollarin-kizi\/","title":{"rendered":"Leyla;Kay\u0131p Yollar\u0131n K\u0131z\u0131"},"content":{"rendered":"<p>Leyla, \u0130stanbul\u2019un s\u00fcrg\u00fcn\u00fc, ka\u00e7a\u011f\u0131, a\u015fk\u0131. Omasumiyet ve cesaret\u2026 O hassasiyet ve gizli denge\u2026Sava\u015f\u0131n tozu topra\u011f\u0131nda parlayan bir \u0131\u015f\u0131k\u2026Ba\u011fdat\u2019\u0131n ate\u015finde do\u011fup \u0130stanbul\u2019un denizinde canbulan ve sonra s\u00fcrg\u00fcne d\u00fc\u015fen ger\u00e7ek bir ya\u015fam hik\u00e2yesinetan\u0131kl\u0131k edeceksiniz M\u00fcrsel Acay\u2019\u0131n dilinden.Kimi zaman h\u00fcz\u00fcnlenece\u011finiz, kimi zamand\u00fc\u015f\u00fcncelere dalaca\u011f\u0131n\u0131z ger\u00e7ek bir hik\u00e2yeye ho\u015f geldin.\u201cDe\u011ferli gazeteci arkada\u015f\u0131m M\u00fcrsel Acay, enimk\u00e2ns\u0131z durumlar\u0131n bile bir umut ta\u015f\u0131d\u0131\u011f\u0131 ger\u00e7e\u011fini bizehat\u0131rlatan \u00f6zel bir yap\u0131ta imza atm\u0131\u015f. Sava\u015flar\u0131n i\u00e7inde insanolman\u0131n en sanc\u0131l\u0131 hallerini g\u00f6zlemleyen bir gazeteci, bir\u00f6nceki kitab\u0131nda hayat\u0131n ba\u015fka bir y\u00fcz\u00fcn\u00fc g\u00f6stermi\u015f ve bizekaranl\u0131klar\u0131n i\u00e7inde ye\u015feren a\u015fktan bahsetmi\u015fti.Ak\u0131c\u0131 \u00fcslubu ile c\u00fcmlelerin i\u00e7ine \u00e7ekildi\u011fimiz bukitapta, halen insan olman\u0131n ve hissedebilmenin garipsevincini ya\u015f\u0131yoruz. En karanl\u0131k g\u00f6r\u00fcnen anlar\u0131n bile,kalplerinde \u0131\u015f\u0131\u011f\u0131 saklayan insanlar i\u00e7in mucizelerle doluoldu\u011funu hat\u0131rl\u0131yor ve \u015f\u00fckrediyoruz. Ruhlar\u0131 ayd\u0131nl\u0131\u011fa hasretnice g\u00fczel insan\u0131n kopar\u0131ld\u0131klar\u0131 ya\u015famlardan ba\u015fka yerlerdede mutlu olabileceklerini g\u00f6steren capcanl\u0131 bir hik\u00e2yeyiokuyacaks\u0131n\u0131z.\u201dDefne Sar\u0131soy\u201cBa\u011fdat-\u0130stanbul-Dubai \u00fc\u00e7geninde bir hayat\u2026Leyla bir Arap k\u0131z\u0131d\u0131r\u2026 Sava\u015f\u0131n, \u00e7aresizli\u011fin, ac\u0131n\u0131n,yoksullu\u011fun daha 15\u2019inde bir k\u0131z\u0131n ruhunda a\u00e7t\u0131\u011f\u0131 derinyaralar yetmezmi\u015f gibi aile i\u00e7inde ya\u015fanan korkun\u00e7 birtrajedi de \u00fcst\u00fcne gelir. Leyla\u2019lar o kadar \u00e7ok ki butopraklarda\u2026 Adlar\u0131 ba\u015fka da olsa onun kaderini ya\u015fad\u0131lar,ya\u015f\u0131yorlar. Ancak Leyla \u015fansl\u0131d\u0131r. Sava\u015f muhabiri M\u00fcrselAcay, ona Kerk\u00fck\u2019te rastlar ve hik\u00e2yesini dinler. \u0130nsan\u0131duyarl\u0131l\u0131\u011f\u0131yla yard\u0131m eder ve sonra da \u015fahane bir kitap yazar.\u0130\u015fte bu kitap Leyla\u2019n\u0131n hik\u00e2yesi.\u201dFikret Eser<\/p>\n","protected":false},"excerpt":{"rendered":"<p>Leyla, \u0130stanbul\u2019un s\u00fcrg\u00fcn\u00fc, ka\u00e7a\u011f\u0131, a\u015fk\u0131. Omasumiyet ve cesaret\u2026 O hassasiyet ve gizli denge\u2026Sava\u015f\u0131n tozu topra\u011f\u0131nda parlayan bir \u0131\u015f\u0131k\u2026Ba\u011fdat\u2019\u0131n ate\u015finde do\u011fup \u0130stanbul\u2019un denizinde canbulan ve sonra s\u00fcrg\u00fcne<span class=\"excerpt-hellip\"> [\u2026]<\/span><\/p>\n","protected":false},"featured_media":0,"template":"","meta":{"_monsterinsights_skip_tracking":false,"_monsterinsights_sitenote_active":false,"_monsterinsights_sitenote_note":"","_monsterinsights_sitenote_category":0},"product_brand":[],"product_cat":[12291,12711],"product_tag":[],"class_list":{"0":"post-785044","1":"product","2":"type-product","3":"status-publish","5":"product_cat-edebiyat","6":"product_cat-roman-oyku","7":"pa_cilt-ciltsiz","8":"pa_tur-kitap","9":"pa_yayinevi-narsist-yayinlari","10":"pa_yazar-mursel-acay","12":"first","13":"instock","14":"sale","15":"shipping-taxable","16":"purchasable","17":"product-type-simple"},"_links":{"self":[{"href":"https:\/\/roveyayinevi.com.tr\/index.php\/wp-json\/wp\/v2\/product\/785044","targetHints":{"allow":["GET"]}}],"collection":[{"href":"https:\/\/roveyayinevi.com.tr\/index.php\/wp-json\/wp\/v2\/product"}],"about":[{"href":"https:\/\/roveyayinevi.com.tr\/index.php\/wp-json\/wp\/v2\/types\/product"}],"wp:attachment":[{"href":"https:\/\/roveyayinevi.com.tr\/index.php\/wp-json\/wp\/v2\/media?parent=785044"}],"wp:term":[{"taxonomy":"product_brand","embeddable":true,"href":"https:\/\/roveyayinevi.com.tr\/index.php\/wp-json\/wp\/v2\/product_brand?post=785044"},{"taxonomy":"product_cat","embeddable":true,"href":"https:\/\/roveyayinevi.com.tr\/index.php\/wp-json\/wp\/v2\/product_cat?post=785044"},{"taxonomy":"product_tag","embeddable":true,"href":"https:\/\/roveyayinevi.com.tr\/index.php\/wp-json\/wp\/v2\/product_tag?post=785044"}],"curies":[{"name":"wp","href":"https:\/\/api.w.org\/{rel}","templated":true}]}}