{"id":785040,"date":"2026-03-18T03:41:06","date_gmt":"2026-03-18T00:41:06","guid":{"rendered":"https:\/\/roveyayinevi.com.tr\/index.php\/urun\/golgede-kalanlar\/"},"modified":"2026-04-15T03:47:41","modified_gmt":"2026-04-15T00:47:41","slug":"golgede-kalanlar","status":"publish","type":"product","link":"https:\/\/roveyayinevi.com.tr\/index.php\/urun\/golgede-kalanlar\/","title":{"rendered":"G\u00f6lgede Kalanlar"},"content":{"rendered":"<p>Baz\u0131 sorular vard\u0131r, cevaplar\u0131 aceleye gelmez.\u201cG\u00f6lgede Kalanlar\u201d ge\u00e7mi\u015fle bug\u00fcn\u00fcn, suskunlukla y\u00fczle\u015fmenin i\u00e7 i\u00e7e ge\u00e7ti\u011fi bir e\u015fikte durur.O e\u015fikte, herkes biraz durur ve biraz kendine yakla\u015f\u0131r.Gerisini okur tamamlar\u2026<\/p>\n","protected":false},"excerpt":{"rendered":"<p>Baz\u0131 sorular vard\u0131r, cevaplar\u0131 aceleye gelmez.\u201cG\u00f6lgede Kalanlar\u201d ge\u00e7mi\u015fle bug\u00fcn\u00fcn, suskunlukla y\u00fczle\u015fmenin i\u00e7 i\u00e7e ge\u00e7ti\u011fi bir e\u015fikte durur.O e\u015fikte, herkes biraz durur ve biraz kendine yakla\u015f\u0131r.Gerisini okur<span class=\"excerpt-hellip\"> [\u2026]<\/span><\/p>\n","protected":false},"featured_media":0,"template":"","meta":{"_monsterinsights_skip_tracking":false,"_monsterinsights_sitenote_active":false,"_monsterinsights_sitenote_note":"","_monsterinsights_sitenote_category":0},"product_brand":[],"product_cat":[12291,12711],"product_tag":[],"class_list":{"0":"post-785040","1":"product","2":"type-product","3":"status-publish","5":"product_cat-edebiyat","6":"product_cat-roman-oyku","7":"pa_cilt-ciltsiz","8":"pa_tur-kitap","9":"pa_yayinevi-lirik-yayincilik","10":"pa_yazar-serter-kocababa","12":"first","13":"instock","14":"sale","15":"shipping-taxable","16":"purchasable","17":"product-type-simple"},"_links":{"self":[{"href":"https:\/\/roveyayinevi.com.tr\/index.php\/wp-json\/wp\/v2\/product\/785040","targetHints":{"allow":["GET"]}}],"collection":[{"href":"https:\/\/roveyayinevi.com.tr\/index.php\/wp-json\/wp\/v2\/product"}],"about":[{"href":"https:\/\/roveyayinevi.com.tr\/index.php\/wp-json\/wp\/v2\/types\/product"}],"wp:attachment":[{"href":"https:\/\/roveyayinevi.com.tr\/index.php\/wp-json\/wp\/v2\/media?parent=785040"}],"wp:term":[{"taxonomy":"product_brand","embeddable":true,"href":"https:\/\/roveyayinevi.com.tr\/index.php\/wp-json\/wp\/v2\/product_brand?post=785040"},{"taxonomy":"product_cat","embeddable":true,"href":"https:\/\/roveyayinevi.com.tr\/index.php\/wp-json\/wp\/v2\/product_cat?post=785040"},{"taxonomy":"product_tag","embeddable":true,"href":"https:\/\/roveyayinevi.com.tr\/index.php\/wp-json\/wp\/v2\/product_tag?post=785040"}],"curies":[{"name":"wp","href":"https:\/\/api.w.org\/{rel}","templated":true}]}}