{"id":785034,"date":"2026-03-18T03:38:43","date_gmt":"2026-03-18T00:38:43","guid":{"rendered":"https:\/\/roveyayinevi.com.tr\/index.php\/urun\/gozlemlerle-ekoloji\/"},"modified":"2026-04-15T03:44:53","modified_gmt":"2026-04-15T00:44:53","slug":"gozlemlerle-ekoloji","status":"publish","type":"product","link":"https:\/\/roveyayinevi.com.tr\/index.php\/urun\/gozlemlerle-ekoloji\/","title":{"rendered":"G\u00f6zlemlerle Ekoloji"},"content":{"rendered":"<p>Ya\u015fam\u0131m\u0131z\u0131 s\u00fcrd\u00fcrebilmek i\u00e7in ev sahibimiz D\u00fcnya ile ortak m\u0131y\u0131z? Ortak ya\u015fayan, ev sahibinin haklar\u0131n\u0131 kabul eder. Biz D\u00fcnya\u2019n\u0131n hangi hakk\u0131n\u0131 kabul ediyor, davran\u0131\u015flar\u0131m\u0131z\u0131 buna g\u00f6re belirliyoruz? D\u00fcnya\u2019n\u0131n havas\u0131n\u0131 soluyoruz, suyunu i\u00e7iyoruz, onun kaynaklar\u0131ndan besleniyoruz, \u00fczerinde bar\u0131n\u0131yoruz. Peki, kar\u015f\u0131l\u0131\u011f\u0131nda ona ne veriyoruz?  Bu kitap, t\u00fcm ekosistemleri bozan, kaynaklar\u0131 h\u0131zla t\u00fcketen insanlar\u0131n ormanlara, yaylalara, bozk\u0131rlara ve t\u00fcm\u00fcyle do\u011faya zarar verecek al\u0131\u015fkanl\u0131klar\u0131ndan vazge\u00e7melerini kolayla\u015ft\u0131rmay\u0131 ama\u00e7l\u0131yor. Onlar\u0131n bu kolayl\u0131\u011f\u0131 edinmelerini sa\u011flayacak ekolojik bak\u0131\u015f a\u00e7\u0131s\u0131 kazanmalar\u0131na yard\u0131mc\u0131 olmak istiyor. Bitkisiyle, hayvan\u0131yla, ta\u015f\u0131yla, topra\u011f\u0131yla, havas\u0131yla, suyuyla D\u00fcnya ile daha uyumlu bir birliktelik kurmam\u0131z\u0131 te\u015fvik ediyor.<\/p>\n","protected":false},"excerpt":{"rendered":"<p>Ya\u015fam\u0131m\u0131z\u0131 s\u00fcrd\u00fcrebilmek i\u00e7in ev sahibimiz D\u00fcnya ile ortak m\u0131y\u0131z? Ortak ya\u015fayan, ev sahibinin haklar\u0131n\u0131 kabul eder. Biz D\u00fcnya\u2019n\u0131n hangi hakk\u0131n\u0131 kabul ediyor, davran\u0131\u015flar\u0131m\u0131z\u0131 buna g\u00f6re belirliyoruz?<span class=\"excerpt-hellip\"> [\u2026]<\/span><\/p>\n","protected":false},"featured_media":0,"template":"","meta":{"_monsterinsights_skip_tracking":false,"_monsterinsights_sitenote_active":false,"_monsterinsights_sitenote_note":"","_monsterinsights_sitenote_category":0},"product_brand":[],"product_cat":[13005],"product_tag":[],"class_list":{"0":"post-785034","1":"product","2":"type-product","3":"status-publish","5":"product_cat-bilim-muhendislik","6":"pa_cilt-ciltsiz","7":"pa_tur-kitap","8":"pa_yayinevi-say-yayinlari","9":"pa_yazar-huseyin-birinci","11":"first","12":"instock","13":"sale","14":"shipping-taxable","15":"purchasable","16":"product-type-simple"},"_links":{"self":[{"href":"https:\/\/roveyayinevi.com.tr\/index.php\/wp-json\/wp\/v2\/product\/785034","targetHints":{"allow":["GET"]}}],"collection":[{"href":"https:\/\/roveyayinevi.com.tr\/index.php\/wp-json\/wp\/v2\/product"}],"about":[{"href":"https:\/\/roveyayinevi.com.tr\/index.php\/wp-json\/wp\/v2\/types\/product"}],"wp:attachment":[{"href":"https:\/\/roveyayinevi.com.tr\/index.php\/wp-json\/wp\/v2\/media?parent=785034"}],"wp:term":[{"taxonomy":"product_brand","embeddable":true,"href":"https:\/\/roveyayinevi.com.tr\/index.php\/wp-json\/wp\/v2\/product_brand?post=785034"},{"taxonomy":"product_cat","embeddable":true,"href":"https:\/\/roveyayinevi.com.tr\/index.php\/wp-json\/wp\/v2\/product_cat?post=785034"},{"taxonomy":"product_tag","embeddable":true,"href":"https:\/\/roveyayinevi.com.tr\/index.php\/wp-json\/wp\/v2\/product_tag?post=785034"}],"curies":[{"name":"wp","href":"https:\/\/api.w.org\/{rel}","templated":true}]}}