{"id":785033,"date":"2026-03-18T03:37:28","date_gmt":"2026-03-18T00:37:28","guid":{"rendered":"https:\/\/roveyayinevi.com.tr\/index.php\/urun\/gokkemerin-gizemi\/"},"modified":"2026-04-15T03:43:50","modified_gmt":"2026-04-15T00:43:50","slug":"gokkemerin-gizemi","status":"publish","type":"product","link":"https:\/\/roveyayinevi.com.tr\/index.php\/urun\/gokkemerin-gizemi\/","title":{"rendered":"G\u00f6kkemer\u2019in Gizemi"},"content":{"rendered":"<p>Do\u011fan\u0131n sesine kulak vermeye haz\u0131r m\u0131s\u0131n?   Umay ve Ka\u011fan, Hayat Bilgisi dersinin beklenmedik bir maceraya d\u00f6n\u00fc\u015fece\u011fini nereden bilebilirlerdi? Gizemli ve b\u00fcy\u00fcleyici bir da\u011f kemeriyle kurduklar\u0131 ba\u011f, onlar\u0131 do\u011fan\u0131n kalbine a\u00e7\u0131lan bir yolculu\u011fa \u00e7\u0131kard\u0131.   Hayal g\u00fcc\u00fcn\u00fcn ve kalbinin sesini dinlemeye cesaretin varsa, bu kitap tam sana g\u00f6re! <\/p>\n","protected":false},"excerpt":{"rendered":"<p>Do\u011fan\u0131n sesine kulak vermeye haz\u0131r m\u0131s\u0131n? Umay ve Ka\u011fan, Hayat Bilgisi dersinin beklenmedik bir maceraya d\u00f6n\u00fc\u015fece\u011fini nereden bilebilirlerdi? Gizemli ve b\u00fcy\u00fcleyici bir da\u011f kemeriyle kurduklar\u0131 ba\u011f,<span class=\"excerpt-hellip\"> [\u2026]<\/span><\/p>\n","protected":false},"featured_media":0,"template":"","meta":{"_monsterinsights_skip_tracking":false,"_monsterinsights_sitenote_active":false,"_monsterinsights_sitenote_note":"","_monsterinsights_sitenote_category":0},"product_brand":[],"product_cat":[12274,12284],"product_tag":[],"class_list":{"0":"post-785033","1":"product","2":"type-product","3":"status-publish","5":"product_cat-cocuk-ve-genclik-kitaplari","6":"product_cat-hikayeler","7":"pa_cilt-ciltsiz","8":"pa_tur-kitap","9":"pa_yayinevi-luna-cocuk-yayinlari","10":"pa_yazar-oguz-akkus","12":"first","13":"instock","14":"sale","15":"shipping-taxable","16":"purchasable","17":"product-type-simple"},"_links":{"self":[{"href":"https:\/\/roveyayinevi.com.tr\/index.php\/wp-json\/wp\/v2\/product\/785033","targetHints":{"allow":["GET"]}}],"collection":[{"href":"https:\/\/roveyayinevi.com.tr\/index.php\/wp-json\/wp\/v2\/product"}],"about":[{"href":"https:\/\/roveyayinevi.com.tr\/index.php\/wp-json\/wp\/v2\/types\/product"}],"wp:attachment":[{"href":"https:\/\/roveyayinevi.com.tr\/index.php\/wp-json\/wp\/v2\/media?parent=785033"}],"wp:term":[{"taxonomy":"product_brand","embeddable":true,"href":"https:\/\/roveyayinevi.com.tr\/index.php\/wp-json\/wp\/v2\/product_brand?post=785033"},{"taxonomy":"product_cat","embeddable":true,"href":"https:\/\/roveyayinevi.com.tr\/index.php\/wp-json\/wp\/v2\/product_cat?post=785033"},{"taxonomy":"product_tag","embeddable":true,"href":"https:\/\/roveyayinevi.com.tr\/index.php\/wp-json\/wp\/v2\/product_tag?post=785033"}],"curies":[{"name":"wp","href":"https:\/\/api.w.org\/{rel}","templated":true}]}}