{"id":785031,"date":"2026-03-18T02:44:57","date_gmt":"2026-03-17T23:44:57","guid":{"rendered":"https:\/\/roveyayinevi.com.tr\/index.php\/urun\/egitim-ve-sosyoloji-2\/"},"modified":"2026-04-16T02:34:06","modified_gmt":"2026-04-15T23:34:06","slug":"egitim-ve-sosyoloji-2","status":"publish","type":"product","link":"https:\/\/roveyayinevi.com.tr\/index.php\/urun\/egitim-ve-sosyoloji-2\/","title":{"rendered":"E\u011fitim ve Sosyoloji"},"content":{"rendered":"<p>Durkheim, ne zaman\u0131n\u0131 ne de d\u00fc\u015f\u00fcnsel \u00e7al\u0131\u015fmas\u0131n\u0131 birbirinden ayr\u0131, geli\u015fig\u00fczel e\u015fg\u00fcd\u00fclm\u00fc\u015f iki ayr\u0131 etkinlik alan\u0131 aras\u0131nda b\u00f6lm\u00fc\u015f de\u011fildir. E\u011fitimi, bir toplumsal olgu olarak ele alm\u0131\u015ft\u0131r: Onun e\u011fitim anlay\u0131\u015f\u0131, toplumbiliminin temel bir \u00f6gesidir. \u015eunlar\u0131 s\u00f6ylemektedir: \u201cSizlere e\u011fitimden \u00f6zellikle toplumbilimci olarak s\u00f6z edece\u011fim. B\u00f6yle yaparken, olgular\u0131 \u00e7arp\u0131tarak g\u00f6r\u00fcp g\u00f6stermek \u015f\u00f6yle dursun, onlar\u0131n ger\u00e7ek do\u011fas\u0131n\u0131 ortaya koymada bundan daha uygun bir y\u00f6ntem olmad\u0131\u011f\u0131na inan\u0131yorum.\u201d E\u011fitim son derecede toplumsal bir olgudur.<\/p>\n","protected":false},"excerpt":{"rendered":"<p>Durkheim, ne zaman\u0131n\u0131 ne de d\u00fc\u015f\u00fcnsel \u00e7al\u0131\u015fmas\u0131n\u0131 birbirinden ayr\u0131, geli\u015fig\u00fczel e\u015fg\u00fcd\u00fclm\u00fc\u015f iki ayr\u0131 etkinlik alan\u0131 aras\u0131nda b\u00f6lm\u00fc\u015f de\u011fildir. E\u011fitimi, bir toplumsal olgu olarak ele alm\u0131\u015ft\u0131r: Onun<span class=\"excerpt-hellip\"> [\u2026]<\/span><\/p>\n","protected":false},"featured_media":0,"template":"","meta":{"_monsterinsights_skip_tracking":false,"_monsterinsights_sitenote_active":false,"_monsterinsights_sitenote_note":"","_monsterinsights_sitenote_category":0},"product_brand":[],"product_cat":[12325,12324],"product_tag":[],"class_list":{"0":"post-785031","1":"product","2":"type-product","3":"status-publish","5":"product_cat-diger-sosyoloji","6":"product_cat-sosyoloji","7":"pa_cilt-ciltsiz","8":"pa_tur-kitap","9":"pa_yayinevi-cem-yayinevi","10":"pa_yazar-emile-durkheim","12":"first","13":"instock","14":"sale","15":"shipping-taxable","16":"purchasable","17":"product-type-simple"},"_links":{"self":[{"href":"https:\/\/roveyayinevi.com.tr\/index.php\/wp-json\/wp\/v2\/product\/785031","targetHints":{"allow":["GET"]}}],"collection":[{"href":"https:\/\/roveyayinevi.com.tr\/index.php\/wp-json\/wp\/v2\/product"}],"about":[{"href":"https:\/\/roveyayinevi.com.tr\/index.php\/wp-json\/wp\/v2\/types\/product"}],"wp:attachment":[{"href":"https:\/\/roveyayinevi.com.tr\/index.php\/wp-json\/wp\/v2\/media?parent=785031"}],"wp:term":[{"taxonomy":"product_brand","embeddable":true,"href":"https:\/\/roveyayinevi.com.tr\/index.php\/wp-json\/wp\/v2\/product_brand?post=785031"},{"taxonomy":"product_cat","embeddable":true,"href":"https:\/\/roveyayinevi.com.tr\/index.php\/wp-json\/wp\/v2\/product_cat?post=785031"},{"taxonomy":"product_tag","embeddable":true,"href":"https:\/\/roveyayinevi.com.tr\/index.php\/wp-json\/wp\/v2\/product_tag?post=785031"}],"curies":[{"name":"wp","href":"https:\/\/api.w.org\/{rel}","templated":true}]}}