{"id":785029,"date":"2026-03-18T02:22:11","date_gmt":"2026-03-17T23:22:11","guid":{"rendered":"https:\/\/roveyayinevi.com.tr\/index.php\/urun\/feynman-fizik-dersleri-cilt-3-kuantum-mekanigi\/"},"modified":"2026-04-16T02:14:59","modified_gmt":"2026-04-15T23:14:59","slug":"feynman-fizik-dersleri-cilt-3-kuantum-mekanigi","status":"publish","type":"product","link":"https:\/\/roveyayinevi.com.tr\/index.php\/urun\/feynman-fizik-dersleri-cilt-3-kuantum-mekanigi\/","title":{"rendered":"Feynman Fizik Dersleri: Cilt 3 &#8211; Kuantum Mekani\u011fi"},"content":{"rendered":"<p>Bu \u00fc\u00e7 cilt Feynman\u2019\u0131n 1961-64 y\u0131llar\u0131 aras\u0131nda, California Teknoloji Enstit\u00fcs\u00fcnde (Caltech), b\u00fct\u00fcn birinci ve ikinci s\u0131n\u0131f \u00f6\u011frencilerinin ald\u0131klar\u0131 fizik derslerinin tarihsel bir kayd\u0131d\u0131r.Bu ders dizisinin 3. cildi, kuantum mekani\u011finin en basit ve en genel olan temel g\u00f6r\u00fcn\u00fcmlerini ayd\u0131nlatmaya \u00e7al\u0131\u015fmaktad\u0131r. \u0130lk dersler olas\u0131l\u0131k genli\u011fi fikrine, genli\u011fin giri\u015fimine, bir durumun soyut kavram\u0131na, d\u00fczeylerin \u00fcst \u00fcste binme ve ayr\u0131\u015fmas\u0131na kafa tutmaktad\u0131r. Belirli enerji d\u00fczeylerine sahip durumlar\u0131n zaman ba\u011f\u0131ml\u0131l\u0131\u011f\u0131na daha sonra de\u011finilmi\u015ftir ve bu fikirler ilk kez iki-durumlu sistemlere uygulanm\u0131\u015ft\u0131r. Ders sonra daha karma\u015f\u0131k sistemlerin ele al\u0131nmas\u0131yla devam etmekte ve bir kristal i\u00e7indeki elektronlar\u0131n ilerlemesi ile a\u00e7\u0131sal momentumun kuantum mekani\u011finin daha tam bir \u015femas\u0131 i\u00e7in bir tart\u0131\u015fma zemini haz\u0131rlamaktad\u0131r. Kuantum mekani\u011fine giri\u015f Schr\u00f6dinger dalga fonksiyonunun, diferansiyel denklemi ve hidrojen atomu i\u00e7in bir \u00e7\u00f6z\u00fcm\u00fcn tart\u0131\u015fmas\u0131yla birlikte sona erer.\ufffcTan\u0131t\u0131m Metni<\/p>\n","protected":false},"excerpt":{"rendered":"<p>Bu \u00fc\u00e7 cilt Feynman\u2019\u0131n 1961-64 y\u0131llar\u0131 aras\u0131nda, California Teknoloji Enstit\u00fcs\u00fcnde (Caltech), b\u00fct\u00fcn birinci ve ikinci s\u0131n\u0131f \u00f6\u011frencilerinin ald\u0131klar\u0131 fizik derslerinin tarihsel bir kayd\u0131d\u0131r.Bu ders dizisinin 3.<span class=\"excerpt-hellip\"> [\u2026]<\/span><\/p>\n","protected":false},"featured_media":0,"template":"","meta":{"_monsterinsights_skip_tracking":false,"_monsterinsights_sitenote_active":false,"_monsterinsights_sitenote_note":"","_monsterinsights_sitenote_category":0},"product_brand":[],"product_cat":[13005,37328],"product_tag":[],"class_list":{"0":"post-785029","1":"product","2":"type-product","3":"status-publish","5":"product_cat-bilim-muhendislik","6":"product_cat-diger-bilim-muhendislik","7":"pa_cilt-ciltsiz","8":"pa_tur-kitap","9":"pa_yayinevi-alfa-yayinlari","10":"pa_yazar-kolektif","12":"first","13":"instock","14":"sale","15":"shipping-taxable","16":"purchasable","17":"product-type-simple"},"_links":{"self":[{"href":"https:\/\/roveyayinevi.com.tr\/index.php\/wp-json\/wp\/v2\/product\/785029","targetHints":{"allow":["GET"]}}],"collection":[{"href":"https:\/\/roveyayinevi.com.tr\/index.php\/wp-json\/wp\/v2\/product"}],"about":[{"href":"https:\/\/roveyayinevi.com.tr\/index.php\/wp-json\/wp\/v2\/types\/product"}],"wp:attachment":[{"href":"https:\/\/roveyayinevi.com.tr\/index.php\/wp-json\/wp\/v2\/media?parent=785029"}],"wp:term":[{"taxonomy":"product_brand","embeddable":true,"href":"https:\/\/roveyayinevi.com.tr\/index.php\/wp-json\/wp\/v2\/product_brand?post=785029"},{"taxonomy":"product_cat","embeddable":true,"href":"https:\/\/roveyayinevi.com.tr\/index.php\/wp-json\/wp\/v2\/product_cat?post=785029"},{"taxonomy":"product_tag","embeddable":true,"href":"https:\/\/roveyayinevi.com.tr\/index.php\/wp-json\/wp\/v2\/product_tag?post=785029"}],"curies":[{"name":"wp","href":"https:\/\/api.w.org\/{rel}","templated":true}]}}