{"id":785028,"date":"2026-03-18T02:19:54","date_gmt":"2026-03-17T23:19:54","guid":{"rendered":"https:\/\/roveyayinevi.com.tr\/index.php\/urun\/baris-yapanlar\/"},"modified":"2026-04-16T02:13:27","modified_gmt":"2026-04-15T23:13:27","slug":"baris-yapanlar","status":"publish","type":"product","link":"https:\/\/roveyayinevi.com.tr\/index.php\/urun\/baris-yapanlar\/","title":{"rendered":"Bar\u0131\u015f Yapanlar"},"content":{"rendered":"<p>B\u00fct\u00fcn sava\u015flara son veren sava\u015f\u0131n ard\u0131ndan 1919 Oca\u011f\u0131 ile Temmuzu aras\u0131nda b\u00fct\u00fcn d\u00fcnyadan insanlar Bar\u0131\u015f Konferans\u0131 i\u00e7in Paris\u2019te topland\u0131. B\u00fcy\u00fck G\u00fc\u00e7lerin liderlerinin  Woodrow Wilson, Lloyd George ve Clemenceau yan\u0131 s\u0131ra binlerce insan; krallar, ba\u015fbakanlar, d\u0131\u015fi\u015fleri bakanlar\u0131, gazeteciler, lobiciler, T. E. Lawrence, Romanya Krali\u00e7esi Marie, Maynard Keynes, Ho Chi Minh ayn\u0131 zamanda ayn\u0131 yerdeydi. <\/p>\n","protected":false},"excerpt":{"rendered":"<p>B\u00fct\u00fcn sava\u015flara son veren sava\u015f\u0131n ard\u0131ndan 1919 Oca\u011f\u0131 ile Temmuzu aras\u0131nda b\u00fct\u00fcn d\u00fcnyadan insanlar Bar\u0131\u015f Konferans\u0131 i\u00e7in Paris\u2019te topland\u0131. B\u00fcy\u00fck G\u00fc\u00e7lerin liderlerinin Woodrow Wilson, Lloyd George<span class=\"excerpt-hellip\"> [\u2026]<\/span><\/p>\n","protected":false},"featured_media":0,"template":"","meta":{"_monsterinsights_skip_tracking":false,"_monsterinsights_sitenote_active":false,"_monsterinsights_sitenote_note":"","_monsterinsights_sitenote_category":0},"product_brand":[],"product_cat":[12370,12304],"product_tag":[],"class_list":{"0":"post-785028","1":"product","2":"type-product","3":"status-publish","5":"product_cat-arastirma-inceleme","6":"product_cat-tarih","7":"pa_tur-kitap","8":"pa_yayinevi-alfa-yayinlari","9":"pa_yazar-margaret-macmillan","11":"first","12":"instock","13":"sale","14":"shipping-taxable","15":"purchasable","16":"product-type-simple"},"_links":{"self":[{"href":"https:\/\/roveyayinevi.com.tr\/index.php\/wp-json\/wp\/v2\/product\/785028","targetHints":{"allow":["GET"]}}],"collection":[{"href":"https:\/\/roveyayinevi.com.tr\/index.php\/wp-json\/wp\/v2\/product"}],"about":[{"href":"https:\/\/roveyayinevi.com.tr\/index.php\/wp-json\/wp\/v2\/types\/product"}],"wp:attachment":[{"href":"https:\/\/roveyayinevi.com.tr\/index.php\/wp-json\/wp\/v2\/media?parent=785028"}],"wp:term":[{"taxonomy":"product_brand","embeddable":true,"href":"https:\/\/roveyayinevi.com.tr\/index.php\/wp-json\/wp\/v2\/product_brand?post=785028"},{"taxonomy":"product_cat","embeddable":true,"href":"https:\/\/roveyayinevi.com.tr\/index.php\/wp-json\/wp\/v2\/product_cat?post=785028"},{"taxonomy":"product_tag","embeddable":true,"href":"https:\/\/roveyayinevi.com.tr\/index.php\/wp-json\/wp\/v2\/product_tag?post=785028"}],"curies":[{"name":"wp","href":"https:\/\/api.w.org\/{rel}","templated":true}]}}