{"id":785024,"date":"2026-03-18T02:04:56","date_gmt":"2026-03-17T23:04:56","guid":{"rendered":"https:\/\/roveyayinevi.com.tr\/index.php\/urun\/kerkuk-cocuk-folkloru\/"},"modified":"2026-04-16T02:02:09","modified_gmt":"2026-04-15T23:02:09","slug":"kerkuk-cocuk-folkloru","status":"publish","type":"product","link":"https:\/\/roveyayinevi.com.tr\/index.php\/urun\/kerkuk-cocuk-folkloru\/","title":{"rendered":"Kerk\u00fck \u00c7ocuk Folkloru"},"content":{"rendered":"<p>T\u00fcrk halk edebiyat\u0131n\u0131n s\u00f6zl\u00fc gelene\u011finde ya\u015fayan malzemelerin zenginli\u011fi, \u015f\u00fcphe g\u00f6t\u00fcrmez bir ger\u00e7ektir. Bir toplumun sosyal hayat\u0131n\u0131, d\u00fcnya g\u00f6r\u00fc\u015f\u00fcn\u00fc ve dil esteti\u011fini ortaya koyan bu k\u00fclt\u00fcr kurumunun g\u00fcn\u00fcm\u00fcze kadar ula\u015fmas\u0131, hi\u00e7 \u015f\u00fcphesiz kolay olmam\u0131\u015ft\u0131r. Y\u00fczy\u0131llar boyu halk a\u011fz\u0131nda s\u00fcz\u00fclerek \u00f6\u011f\u00fct\u00fclen bu malzemeler, dil zevki bak\u0131m\u0131ndan kendi i\u00e7inde bir tutarl\u0131l\u0131k ve \u00fcst\u00fcn bir ahenk kazanm\u0131\u015ft\u0131r. Toplumlar\u0131n etnik kimli\u011fini de sergileyen halk edebiyat\u0131 \u00fcr\u00fcnlerinin derlenmesi ve yay\u0131nlanmas\u0131, bu y\u00fczden b\u00fcy\u00fck \u00f6nem ta\u015f\u0131maktad\u0131r. T\u00fcrk k\u00fclt\u00fcr ve folkloru a\u00e7\u0131s\u0131ndan zengin b\u00f6lgelerinden biri de Kerk\u00fck y\u00f6residir. Irak T\u00fcrkmenlerinin k\u00fclt\u00fcrel kimli\u011fini simgeleyen Kerk\u00fck\u2019te halk edebiyat\u0131 malzemeleri h\u00e2l\u00e2 b\u00fct\u00fcn canl\u0131l\u0131\u011f\u0131 ile ya\u015famaktad\u0131r. Bu \u00e7al\u0131\u015fmada, \u00f6zellikle \u00e7ocuk d\u00fcnyas\u0131 \u00fczerine olu\u015fan ve \u00e7o\u011fu halk a\u011f\u0131zlar\u0131ndan derlenmi\u015f halk edebiyat\u0131 malzemeleri ele al\u0131nm\u0131\u015ft\u0131r. Bu malzemeler dualar, beddualar, ok\u015famalar (sevmeler), ninniler, tekerlemeler, yan\u0131ltma\u00e7lar, atas\u00f6zleri, bilmeceler ve masallar \u015feklinde tasnif edilmi\u015f lirik \u00f6rneklerden olu\u015fmaktad\u0131r. Sistematik bi\u00e7imde sundu\u011fumuz bu malzemeler, tamamen Irak T\u00fcrkmen b\u00f6lgelerine \u00f6zg\u00fc \u00f6rnekler olup kitaba ald\u0131\u011f\u0131m\u0131z metinlerde, hem Kerk\u00fck a\u011fz\u0131 \u00f6zelliklerinin tan\u0131t\u0131lmas\u0131, hem de dil esteti\u011finin anla\u015f\u0131lmas\u0131 ama\u00e7lanm\u0131\u015ft\u0131r. <\/p>\n","protected":false},"excerpt":{"rendered":"<p>T\u00fcrk halk edebiyat\u0131n\u0131n s\u00f6zl\u00fc gelene\u011finde ya\u015fayan malzemelerin zenginli\u011fi, \u015f\u00fcphe g\u00f6t\u00fcrmez bir ger\u00e7ektir. Bir toplumun sosyal hayat\u0131n\u0131, d\u00fcnya g\u00f6r\u00fc\u015f\u00fcn\u00fc ve dil esteti\u011fini ortaya koyan bu k\u00fclt\u00fcr kurumunun<span class=\"excerpt-hellip\"> [\u2026]<\/span><\/p>\n","protected":false},"featured_media":0,"template":"","meta":{"_monsterinsights_skip_tracking":false,"_monsterinsights_sitenote_active":false,"_monsterinsights_sitenote_note":"","_monsterinsights_sitenote_category":0},"product_brand":[],"product_cat":[12291,12711],"product_tag":[],"class_list":{"0":"post-785024","1":"product","2":"type-product","3":"status-publish","5":"product_cat-edebiyat","6":"product_cat-roman-oyku","7":"pa_tur-kitap","8":"pa_yayinevi-otuken-nesriyat","9":"pa_yazar-suphi-saatci","11":"first","12":"instock","13":"sale","14":"shipping-taxable","15":"purchasable","16":"product-type-simple"},"_links":{"self":[{"href":"https:\/\/roveyayinevi.com.tr\/index.php\/wp-json\/wp\/v2\/product\/785024","targetHints":{"allow":["GET"]}}],"collection":[{"href":"https:\/\/roveyayinevi.com.tr\/index.php\/wp-json\/wp\/v2\/product"}],"about":[{"href":"https:\/\/roveyayinevi.com.tr\/index.php\/wp-json\/wp\/v2\/types\/product"}],"wp:attachment":[{"href":"https:\/\/roveyayinevi.com.tr\/index.php\/wp-json\/wp\/v2\/media?parent=785024"}],"wp:term":[{"taxonomy":"product_brand","embeddable":true,"href":"https:\/\/roveyayinevi.com.tr\/index.php\/wp-json\/wp\/v2\/product_brand?post=785024"},{"taxonomy":"product_cat","embeddable":true,"href":"https:\/\/roveyayinevi.com.tr\/index.php\/wp-json\/wp\/v2\/product_cat?post=785024"},{"taxonomy":"product_tag","embeddable":true,"href":"https:\/\/roveyayinevi.com.tr\/index.php\/wp-json\/wp\/v2\/product_tag?post=785024"}],"curies":[{"name":"wp","href":"https:\/\/api.w.org\/{rel}","templated":true}]}}