{"id":785022,"date":"2026-03-16T22:34:28","date_gmt":"2026-03-16T19:34:28","guid":{"rendered":"https:\/\/roveyayinevi.com.tr\/index.php\/urun\/sakli-bohcalar\/"},"modified":"2026-04-15T03:48:43","modified_gmt":"2026-04-15T00:48:43","slug":"sakli-bohcalar","status":"publish","type":"product","link":"https:\/\/roveyayinevi.com.tr\/index.php\/urun\/sakli-bohcalar\/","title":{"rendered":"Sakl\u0131 Boh\u00e7alar"},"content":{"rendered":"<p>SAKLI BOH\u00c7ALARHalime G\u00fcrgen, T\u00fcrk edebiyat\u0131na \u201cBen ve Valizim\u201d ve \u201cSakl\u0131 Boh\u00e7alar\u201d eserleriyle ciddi katk\u0131larda bulunmu\u015f \u00fcnl\u00fc bir T\u00fcrk \u015fairidir.SAKLI BOH\u00c7ALARSand\u0131kta saklad\u0131m duygular\u0131m\u0131,H\u0131r\u00e7\u0131n r\u00fczg\u00e2rlar kopard\u0131 dallar\u0131m\u0131.Uzaktan ya\u015fanm\u0131\u015f sevdalar\u0131m,A\u00e7\u0131lmam\u0131\u015f sakl\u0131 boh\u00e7alar\u0131mda.Ne a\u015fklar ya\u015fanm\u0131\u015f, ne tutkular\u2026Umutla beklenir mutluluklar.Kaybolmu\u015f b\u00fct\u00fcn \u00fcmitler,A\u00e7\u0131lmam\u0131\u015f sakl\u0131 boh\u00e7alarda.Duygular hep gizli bir yerlerde,K\u00fcflendi kald\u0131 bir kenarda.Kimi \u00f6fke, kimi sevda daA\u00e7\u0131lmam\u0131\u015f sakl\u0131 boh\u00e7alar\u0131mda.Halime G\u00fcrgen<\/p>\n","protected":false},"excerpt":{"rendered":"<p>SAKLI BOH\u00c7ALARHalime G\u00fcrgen, T\u00fcrk edebiyat\u0131na \u201cBen ve Valizim\u201d ve \u201cSakl\u0131 Boh\u00e7alar\u201d eserleriyle ciddi katk\u0131larda bulunmu\u015f \u00fcnl\u00fc bir T\u00fcrk \u015fairidir.SAKLI BOH\u00c7ALARSand\u0131kta saklad\u0131m duygular\u0131m\u0131,H\u0131r\u00e7\u0131n r\u00fczg\u00e2rlar kopard\u0131 dallar\u0131m\u0131.Uzaktan ya\u015fanm\u0131\u015f<span class=\"excerpt-hellip\"> [\u2026]<\/span><\/p>\n","protected":false},"featured_media":0,"template":"","meta":{"_monsterinsights_skip_tracking":false,"_monsterinsights_sitenote_active":false,"_monsterinsights_sitenote_note":"","_monsterinsights_sitenote_category":0},"product_brand":[],"product_cat":[12291,12509],"product_tag":[],"class_list":{"0":"post-785022","1":"product","2":"type-product","3":"status-publish","5":"product_cat-edebiyat","6":"product_cat-siir","7":"pa_cilt-ciltsiz","8":"pa_tur-kitap","9":"pa_yayinevi-kozmostar","10":"pa_yazar-halime-gurgen","12":"first","13":"instock","14":"sale","15":"shipping-taxable","16":"purchasable","17":"product-type-simple"},"_links":{"self":[{"href":"https:\/\/roveyayinevi.com.tr\/index.php\/wp-json\/wp\/v2\/product\/785022","targetHints":{"allow":["GET"]}}],"collection":[{"href":"https:\/\/roveyayinevi.com.tr\/index.php\/wp-json\/wp\/v2\/product"}],"about":[{"href":"https:\/\/roveyayinevi.com.tr\/index.php\/wp-json\/wp\/v2\/types\/product"}],"wp:attachment":[{"href":"https:\/\/roveyayinevi.com.tr\/index.php\/wp-json\/wp\/v2\/media?parent=785022"}],"wp:term":[{"taxonomy":"product_brand","embeddable":true,"href":"https:\/\/roveyayinevi.com.tr\/index.php\/wp-json\/wp\/v2\/product_brand?post=785022"},{"taxonomy":"product_cat","embeddable":true,"href":"https:\/\/roveyayinevi.com.tr\/index.php\/wp-json\/wp\/v2\/product_cat?post=785022"},{"taxonomy":"product_tag","embeddable":true,"href":"https:\/\/roveyayinevi.com.tr\/index.php\/wp-json\/wp\/v2\/product_tag?post=785022"}],"curies":[{"name":"wp","href":"https:\/\/api.w.org\/{rel}","templated":true}]}}