{"id":785021,"date":"2026-03-16T22:34:26","date_gmt":"2026-03-16T19:34:26","guid":{"rendered":"https:\/\/roveyayinevi.com.tr\/index.php\/urun\/hayatta-kalmak-isteyenler-icin-997\/"},"modified":"2026-04-15T03:48:43","modified_gmt":"2026-04-15T00:48:43","slug":"hayatta-kalmak-isteyenler-icin-997","status":"publish","type":"product","link":"https:\/\/roveyayinevi.com.tr\/index.php\/urun\/hayatta-kalmak-isteyenler-icin-997\/","title":{"rendered":"Hayatta Kalmak \u0130steyenler \u0130\u00e7in 997"},"content":{"rendered":"<p>Sistem her yerde.Kurallar\u0131n kanla yaz\u0131ld\u0131\u011f\u0131 bu d\u00fcnyada, se\u00e7im yaln\u0131zca itaatten ibaret. \u00d6zg\u00fcrl\u00fckse \u00e7oktan idam edildi.Sarin, hayatta kalmak i\u00e7in s\u0131n\u0131rlar\u0131n \u00f6tesine s\u00fcr\u00fckleniyor. A\u00e7l\u0131kla, korkuyla, ihanetle ve kendi i\u00e7indeki karanl\u0131kla y\u00fczle\u015fmek zorunda. \u00c7\u00fcnk\u00fc burada iki se\u00e7enek var. Kurban olmak ya da bir silaha d\u00f6n\u00fc\u015fmek&#8230;Silaha d\u00f6n\u00fc\u015ft\u00fc\u011f\u00fcnde h\u00e2l\u00e2 insan kalabilir misin?Hayatta kalmak i\u00e7in ne kadar ileri gidebilirsin?Ve o \u00e7izgiyi ge\u00e7ti\u011finde senden geriye ne kal\u0131r?Sistem Oyunlar\u0131 ba\u015flas\u0131n!<\/p>\n","protected":false},"excerpt":{"rendered":"<p>Sistem her yerde.Kurallar\u0131n kanla yaz\u0131ld\u0131\u011f\u0131 bu d\u00fcnyada, se\u00e7im yaln\u0131zca itaatten ibaret. \u00d6zg\u00fcrl\u00fckse \u00e7oktan idam edildi.Sarin, hayatta kalmak i\u00e7in s\u0131n\u0131rlar\u0131n \u00f6tesine s\u00fcr\u00fckleniyor. A\u00e7l\u0131kla, korkuyla, ihanetle ve kendi<span class=\"excerpt-hellip\"> [\u2026]<\/span><\/p>\n","protected":false},"featured_media":0,"template":"","meta":{"_monsterinsights_skip_tracking":false,"_monsterinsights_sitenote_active":false,"_monsterinsights_sitenote_note":"","_monsterinsights_sitenote_category":0},"product_brand":[],"product_cat":[12291,12711],"product_tag":[],"class_list":{"0":"post-785021","1":"product","2":"type-product","3":"status-publish","5":"product_cat-edebiyat","6":"product_cat-roman-oyku","7":"pa_cilt-ciltsiz","8":"pa_tur-kitap","9":"pa_yayinevi-eldra-yayinlari","10":"pa_yazar-eylul-demirdag","12":"first","13":"instock","14":"sale","15":"shipping-taxable","16":"purchasable","17":"product-type-simple"},"_links":{"self":[{"href":"https:\/\/roveyayinevi.com.tr\/index.php\/wp-json\/wp\/v2\/product\/785021","targetHints":{"allow":["GET"]}}],"collection":[{"href":"https:\/\/roveyayinevi.com.tr\/index.php\/wp-json\/wp\/v2\/product"}],"about":[{"href":"https:\/\/roveyayinevi.com.tr\/index.php\/wp-json\/wp\/v2\/types\/product"}],"wp:attachment":[{"href":"https:\/\/roveyayinevi.com.tr\/index.php\/wp-json\/wp\/v2\/media?parent=785021"}],"wp:term":[{"taxonomy":"product_brand","embeddable":true,"href":"https:\/\/roveyayinevi.com.tr\/index.php\/wp-json\/wp\/v2\/product_brand?post=785021"},{"taxonomy":"product_cat","embeddable":true,"href":"https:\/\/roveyayinevi.com.tr\/index.php\/wp-json\/wp\/v2\/product_cat?post=785021"},{"taxonomy":"product_tag","embeddable":true,"href":"https:\/\/roveyayinevi.com.tr\/index.php\/wp-json\/wp\/v2\/product_tag?post=785021"}],"curies":[{"name":"wp","href":"https:\/\/api.w.org\/{rel}","templated":true}]}}