{"id":785020,"date":"2026-03-16T22:34:24","date_gmt":"2026-03-16T19:34:24","guid":{"rendered":"https:\/\/roveyayinevi.com.tr\/index.php\/urun\/cocuklara-sarkilar\/"},"modified":"2026-04-15T03:48:42","modified_gmt":"2026-04-15T00:48:42","slug":"cocuklara-sarkilar","status":"publish","type":"product","link":"https:\/\/roveyayinevi.com.tr\/index.php\/urun\/cocuklara-sarkilar\/","title":{"rendered":"\u00c7ocuklara \u015eark\u0131lar"},"content":{"rendered":"<p>Bu kitap, \u00e7ocuklar\u0131n m\u00fczikle do\u011fal ve e\u011flenceli bir ba\u011f kurmalar\u0131n\u0131 desteklemek amac\u0131 ta\u015f\u0131maktad\u0131r. \u0130\u00e7erisinde yer alan \u015fark\u0131lar; ritim, hareket ve tekrar unsurlar\u0131yla \u00e7ocuklar\u0131n m\u00fcziksel geli\u015fimine katk\u0131 sa\u011flayacak \u015fekilde tasarlanm\u0131\u015ft\u0131r. Kitapta yer alan baz\u0131 \u015fark\u0131lar okul \u00f6ncesi \u00f6\u011fretmenleri, ebeveynler ve m\u00fczik e\u011fitimcileri i\u00e7in \u00e7ocuklarla birlikte \u015fark\u0131 e\u015fli\u011finde uygulanabilecek \u00e7e\u015fitli drama \u00e7al\u0131\u015fmalar\u0131na da uygun olarak haz\u0131rlanm\u0131\u015ft\u0131r<\/p>\n","protected":false},"excerpt":{"rendered":"<p>Bu kitap, \u00e7ocuklar\u0131n m\u00fczikle do\u011fal ve e\u011flenceli bir ba\u011f kurmalar\u0131n\u0131 desteklemek amac\u0131 ta\u015f\u0131maktad\u0131r. \u0130\u00e7erisinde yer alan \u015fark\u0131lar; ritim, hareket ve tekrar unsurlar\u0131yla \u00e7ocuklar\u0131n m\u00fcziksel geli\u015fimine katk\u0131<span class=\"excerpt-hellip\"> [\u2026]<\/span><\/p>\n","protected":false},"featured_media":0,"template":"","meta":{"_monsterinsights_skip_tracking":false,"_monsterinsights_sitenote_active":false,"_monsterinsights_sitenote_note":"","_monsterinsights_sitenote_category":0},"product_brand":[],"product_cat":[12274,15842],"product_tag":[],"class_list":{"0":"post-785020","1":"product","2":"type-product","3":"status-publish","5":"product_cat-cocuk-ve-genclik-kitaplari","6":"product_cat-egitici-kitaplar","7":"pa_cilt-ciltsiz","8":"pa_tur-kitap","9":"pa_yayinevi-soncag-akademik-kitaplar","10":"pa_yazar-dilek-ozcelik-herdem","12":"first","13":"instock","14":"sale","15":"shipping-taxable","16":"purchasable","17":"product-type-simple"},"_links":{"self":[{"href":"https:\/\/roveyayinevi.com.tr\/index.php\/wp-json\/wp\/v2\/product\/785020","targetHints":{"allow":["GET"]}}],"collection":[{"href":"https:\/\/roveyayinevi.com.tr\/index.php\/wp-json\/wp\/v2\/product"}],"about":[{"href":"https:\/\/roveyayinevi.com.tr\/index.php\/wp-json\/wp\/v2\/types\/product"}],"wp:attachment":[{"href":"https:\/\/roveyayinevi.com.tr\/index.php\/wp-json\/wp\/v2\/media?parent=785020"}],"wp:term":[{"taxonomy":"product_brand","embeddable":true,"href":"https:\/\/roveyayinevi.com.tr\/index.php\/wp-json\/wp\/v2\/product_brand?post=785020"},{"taxonomy":"product_cat","embeddable":true,"href":"https:\/\/roveyayinevi.com.tr\/index.php\/wp-json\/wp\/v2\/product_cat?post=785020"},{"taxonomy":"product_tag","embeddable":true,"href":"https:\/\/roveyayinevi.com.tr\/index.php\/wp-json\/wp\/v2\/product_tag?post=785020"}],"curies":[{"name":"wp","href":"https:\/\/api.w.org\/{rel}","templated":true}]}}