{"id":785005,"date":"2026-03-16T22:33:38","date_gmt":"2026-03-16T19:33:38","guid":{"rendered":"https:\/\/roveyayinevi.com.tr\/index.php\/urun\/atesten-dugum-2-yasemin-kokusu\/"},"modified":"2026-04-15T03:48:35","modified_gmt":"2026-04-15T00:48:35","slug":"atesten-dugum-2-yasemin-kokusu","status":"publish","type":"product","link":"https:\/\/roveyayinevi.com.tr\/index.php\/urun\/atesten-dugum-2-yasemin-kokusu\/","title":{"rendered":"Ate\u015ften D\u00fc\u011f\u00fcm 2: Yasemin Kokusu"},"content":{"rendered":"<p>Bir ta\u015ft\u0131, yand\u0131\u2026 Bir buzdu, eridi\u2026 Bir ruhtu, k\u00fcl oldu\u2026Hepsi bir kokuda, bir seste s\u00f6nd\u00fc. Her \u015fey ba\u015flad\u0131\u011f\u0131 yere geri d\u00f6nerken b\u00fct\u00fcn ipler doland\u0131, d\u00fc\u011f\u00fcm oldu. S\u0131rlar, yalanlar ve intikamlar i\u00e7 i\u00e7e ge\u00e7erken, o dikenlerin aras\u0131nda filizlendi t\u00fcm umutlar. Ve as\u0131l hik\u00e2ye \u015fimdi ba\u015flad\u0131.Elif i\u00e7in her \u015fey daha da zorla\u015f\u0131rken yak\u0131lan hayallerinden ve umutlar\u0131ndan geriye sadece abisinden emanet, ni\u015fan gecesi kaybetti\u011fi bileklik kalm\u0131\u015ft\u0131r. Bileklik ise ayn\u0131 evin i\u00e7inde, hi\u00e7 ihtimal vermedi\u011fi birindedir. O bilekli\u011fe giden yol, yalan ve intikam dikenleriyle \u00e7evrilidir.Baran ise ni\u015fan gecesinde kollar\u0131na d\u00fc\u015fen &#8220;peri k\u0131z\u0131&#8221;n\u0131n pe\u015findedir. Bir koku ve bir sesin izinde, her yerde yana yak\u0131la &#8220;peri k\u0131z\u0131&#8221;n\u0131 aramaktad\u0131r. Ama ikisinin de arad\u0131\u011f\u0131na ula\u015fmas\u0131 sand\u0131klar\u0131 kadar kolay olmayacakt\u0131r.&#8221;Aya\u011f\u0131na batan dikenler, arad\u0131\u011f\u0131n g\u00fcl\u00fcn habercisidir.&#8221;<\/p>\n","protected":false},"excerpt":{"rendered":"<p>Bir ta\u015ft\u0131, yand\u0131\u2026 Bir buzdu, eridi\u2026 Bir ruhtu, k\u00fcl oldu\u2026Hepsi bir kokuda, bir seste s\u00f6nd\u00fc. Her \u015fey ba\u015flad\u0131\u011f\u0131 yere geri d\u00f6nerken b\u00fct\u00fcn ipler doland\u0131, d\u00fc\u011f\u00fcm oldu.<span class=\"excerpt-hellip\"> [\u2026]<\/span><\/p>\n","protected":false},"featured_media":0,"template":"","meta":{"_monsterinsights_skip_tracking":false,"_monsterinsights_sitenote_active":false,"_monsterinsights_sitenote_note":"","_monsterinsights_sitenote_category":0},"product_brand":[],"product_cat":[141304],"product_tag":[],"class_list":{"0":"post-785005","1":"product","2":"type-product","3":"status-publish","5":"product_cat-yeni-cikanlar","6":"pa_cilt-ciltsiz","7":"pa_tur-kitap","8":"pa_yayinevi-ulysses-yayinlari","9":"pa_yazar-aysen-b","11":"first","12":"instock","13":"sale","14":"shipping-taxable","15":"purchasable","16":"product-type-simple"},"_links":{"self":[{"href":"https:\/\/roveyayinevi.com.tr\/index.php\/wp-json\/wp\/v2\/product\/785005","targetHints":{"allow":["GET"]}}],"collection":[{"href":"https:\/\/roveyayinevi.com.tr\/index.php\/wp-json\/wp\/v2\/product"}],"about":[{"href":"https:\/\/roveyayinevi.com.tr\/index.php\/wp-json\/wp\/v2\/types\/product"}],"wp:attachment":[{"href":"https:\/\/roveyayinevi.com.tr\/index.php\/wp-json\/wp\/v2\/media?parent=785005"}],"wp:term":[{"taxonomy":"product_brand","embeddable":true,"href":"https:\/\/roveyayinevi.com.tr\/index.php\/wp-json\/wp\/v2\/product_brand?post=785005"},{"taxonomy":"product_cat","embeddable":true,"href":"https:\/\/roveyayinevi.com.tr\/index.php\/wp-json\/wp\/v2\/product_cat?post=785005"},{"taxonomy":"product_tag","embeddable":true,"href":"https:\/\/roveyayinevi.com.tr\/index.php\/wp-json\/wp\/v2\/product_tag?post=785005"}],"curies":[{"name":"wp","href":"https:\/\/api.w.org\/{rel}","templated":true}]}}