{"id":784997,"date":"2026-03-16T22:32:06","date_gmt":"2026-03-16T19:32:06","guid":{"rendered":"https:\/\/roveyayinevi.com.tr\/index.php\/urun\/dunyanin-en-tembel-hayvani\/"},"modified":"2026-04-15T03:46:13","modified_gmt":"2026-04-15T00:46:13","slug":"dunyanin-en-tembel-hayvani","status":"publish","type":"product","link":"https:\/\/roveyayinevi.com.tr\/index.php\/urun\/dunyanin-en-tembel-hayvani\/","title":{"rendered":"D\u00fcnyan\u0131n En Tembel Hayvan\u0131"},"content":{"rendered":"<p>Horul d\u00fcnyan\u0131n en tembel hayvan\u0131! Her \u015feyi a\u011f\u0131rdan al\u0131yor, esnemeden duram\u0131yor ve uyumay\u0131 her \u015feyden \u00e7ok seviyor. Ancak okulda i\u015fler b\u00f6yle y\u00fcr\u00fcm\u00fcyor. Okuldaki her ders Horul i\u00e7in dev bir m\u00fccadeleye d\u00f6n\u00fc\u015f\u00fcyor. \u00d6\u011fretmen Bayku\u015f, onun uyumaktan daha iyi yapabilece\u011fi bir \u015fey oldu\u011funa inan\u0131yor. Horul&#8217;un gizli yetene\u011fini ke\u015ffetmek i\u00e7in onu farkl\u0131 aktivitelere y\u00f6nlendiriyor. Ancak her ko\u015fulda kendini uykunun kollar\u0131na b\u0131rakan Horul&#8217;un s\u0131ra d\u0131\u015f\u0131 yetene\u011fi, hi\u00e7 beklenmedik bir anda ortaya \u00e7\u0131k\u0131yor. CANER SARIO\u011eLU&#8217;NUN KALEM\u0130NDEN, OKUMAYI SEVD\u0130REN, CESARET VEREN B\u0130R H\u0130K\u00c2YE&#8230; HORUL \u0130LE B\u0130RL\u0130KTE KEND\u0130N\u0130Z\u0130 VE SANATIN G\u00dcC\u00dcN\u00dc KE\u015eFETMEYE HAZIR OLUN!<\/p>\n","protected":false},"excerpt":{"rendered":"<p>Horul d\u00fcnyan\u0131n en tembel hayvan\u0131! Her \u015feyi a\u011f\u0131rdan al\u0131yor, esnemeden duram\u0131yor ve uyumay\u0131 her \u015feyden \u00e7ok seviyor. Ancak okulda i\u015fler b\u00f6yle y\u00fcr\u00fcm\u00fcyor. Okuldaki her ders Horul<span class=\"excerpt-hellip\"> [\u2026]<\/span><\/p>\n","protected":false},"featured_media":0,"template":"","meta":{"_monsterinsights_skip_tracking":false,"_monsterinsights_sitenote_active":false,"_monsterinsights_sitenote_note":"","_monsterinsights_sitenote_category":0},"product_brand":[],"product_cat":[12274,12523],"product_tag":[],"class_list":{"0":"post-784997","1":"product","2":"type-product","3":"status-publish","5":"product_cat-cocuk-ve-genclik-kitaplari","6":"product_cat-masallar","7":"pa_cilt-ciltsiz","8":"pa_tur-kitap","9":"pa_yayinevi-timas-cocuk","10":"pa_yazar-caner-sarioglu","12":"first","13":"instock","14":"sale","15":"shipping-taxable","16":"purchasable","17":"product-type-simple"},"_links":{"self":[{"href":"https:\/\/roveyayinevi.com.tr\/index.php\/wp-json\/wp\/v2\/product\/784997","targetHints":{"allow":["GET"]}}],"collection":[{"href":"https:\/\/roveyayinevi.com.tr\/index.php\/wp-json\/wp\/v2\/product"}],"about":[{"href":"https:\/\/roveyayinevi.com.tr\/index.php\/wp-json\/wp\/v2\/types\/product"}],"wp:attachment":[{"href":"https:\/\/roveyayinevi.com.tr\/index.php\/wp-json\/wp\/v2\/media?parent=784997"}],"wp:term":[{"taxonomy":"product_brand","embeddable":true,"href":"https:\/\/roveyayinevi.com.tr\/index.php\/wp-json\/wp\/v2\/product_brand?post=784997"},{"taxonomy":"product_cat","embeddable":true,"href":"https:\/\/roveyayinevi.com.tr\/index.php\/wp-json\/wp\/v2\/product_cat?post=784997"},{"taxonomy":"product_tag","embeddable":true,"href":"https:\/\/roveyayinevi.com.tr\/index.php\/wp-json\/wp\/v2\/product_tag?post=784997"}],"curies":[{"name":"wp","href":"https:\/\/api.w.org\/{rel}","templated":true}]}}