{"id":784996,"date":"2026-03-16T22:32:03","date_gmt":"2026-03-16T19:32:03","guid":{"rendered":"https:\/\/roveyayinevi.com.tr\/index.php\/urun\/dikkat-sanat-cikabilir\/"},"modified":"2026-04-15T03:46:13","modified_gmt":"2026-04-15T00:46:13","slug":"dikkat-sanat-cikabilir","status":"publish","type":"product","link":"https:\/\/roveyayinevi.com.tr\/index.php\/urun\/dikkat-sanat-cikabilir\/","title":{"rendered":"Dikkat Sanat \u00c7\u0131kabilir!"},"content":{"rendered":"<p>Tuna\u2019n\u0131n s\u0131radan hayat\u0131, k\u00fct\u00fcphanenin gizemli raflar\u0131 aras\u0131nda buldu\u011fu eski bir kolye ile bir anda alt\u00fcst olur. Ancak Tuna \u00e7ok ge\u00e7meden bunun basit bir tak\u0131 olmad\u0131\u011f\u0131n\u0131 anlar. O kolye, y\u00fczy\u0131llar \u00f6ncesine uzanan, Geleneksel T\u00fcrk Sanatlar\u0131n\u0131n \u0131\u015f\u0131lt\u0131l\u0131 d\u00fcnyas\u0131na a\u00e7\u0131lan gizli bir anahtard\u0131r. \u00dcstelik bu anahtar\u0131n i\u00e7inde b\u00fcy\u00fck bir s\u00fcrpriz sakl\u0131d\u0131r: Gelecekten gelen, her \u015feye burnunu sokan ve hi\u00e7 susmayan geveze bir robot! \u015eimdi Tuna i\u00e7in zaman daral\u0131yor. Sanat\u0131n ruhunu silmek isteyen duygusuz robot ordusu harekete ge\u00e7ti bile&#8230; Tuna, k\u00e2\u011f\u0131tlar\u0131 ve renkleri canland\u0131ran kadim ustalar\u0131n izini s\u00fcr\u00fcp d\u00fcnyay\u0131 grilikten kurtarabilecek mi? Maceran\u0131n, dostlu\u011fun ve sanat\u0131n kalbine yolculuk ba\u015fl\u0131yor. Kemerlerini ba\u011fla, \u00e7\u00fcnk\u00fc ke\u015ffedilecek \u00e7ok \u015fey var!<\/p>\n","protected":false},"excerpt":{"rendered":"<p>Tuna\u2019n\u0131n s\u0131radan hayat\u0131, k\u00fct\u00fcphanenin gizemli raflar\u0131 aras\u0131nda buldu\u011fu eski bir kolye ile bir anda alt\u00fcst olur. Ancak Tuna \u00e7ok ge\u00e7meden bunun basit bir tak\u0131 olmad\u0131\u011f\u0131n\u0131 anlar.<span class=\"excerpt-hellip\"> [\u2026]<\/span><\/p>\n","protected":false},"featured_media":0,"template":"","meta":{"_monsterinsights_skip_tracking":false,"_monsterinsights_sitenote_active":false,"_monsterinsights_sitenote_note":"","_monsterinsights_sitenote_category":0},"product_brand":[],"product_cat":[12274,12284],"product_tag":[],"class_list":{"0":"post-784996","1":"product","2":"type-product","3":"status-publish","5":"product_cat-cocuk-ve-genclik-kitaplari","6":"product_cat-hikayeler","7":"pa_cilt-ciltsiz","8":"pa_tur-kitap","9":"pa_yayinevi-timas-cocuk","10":"pa_yazar-serap-mamati-eratli","12":"first","13":"instock","14":"sale","15":"shipping-taxable","16":"purchasable","17":"product-type-simple"},"_links":{"self":[{"href":"https:\/\/roveyayinevi.com.tr\/index.php\/wp-json\/wp\/v2\/product\/784996","targetHints":{"allow":["GET"]}}],"collection":[{"href":"https:\/\/roveyayinevi.com.tr\/index.php\/wp-json\/wp\/v2\/product"}],"about":[{"href":"https:\/\/roveyayinevi.com.tr\/index.php\/wp-json\/wp\/v2\/types\/product"}],"wp:attachment":[{"href":"https:\/\/roveyayinevi.com.tr\/index.php\/wp-json\/wp\/v2\/media?parent=784996"}],"wp:term":[{"taxonomy":"product_brand","embeddable":true,"href":"https:\/\/roveyayinevi.com.tr\/index.php\/wp-json\/wp\/v2\/product_brand?post=784996"},{"taxonomy":"product_cat","embeddable":true,"href":"https:\/\/roveyayinevi.com.tr\/index.php\/wp-json\/wp\/v2\/product_cat?post=784996"},{"taxonomy":"product_tag","embeddable":true,"href":"https:\/\/roveyayinevi.com.tr\/index.php\/wp-json\/wp\/v2\/product_tag?post=784996"}],"curies":[{"name":"wp","href":"https:\/\/api.w.org\/{rel}","templated":true}]}}