{"id":784995,"date":"2026-03-16T22:32:00","date_gmt":"2026-03-16T19:32:00","guid":{"rendered":"https:\/\/roveyayinevi.com.tr\/index.php\/urun\/gumus-paltolu-ayi\/"},"modified":"2026-04-15T03:46:13","modified_gmt":"2026-04-15T00:46:13","slug":"gumus-paltolu-ayi","status":"publish","type":"product","link":"https:\/\/roveyayinevi.com.tr\/index.php\/urun\/gumus-paltolu-ayi\/","title":{"rendered":"G\u00fcm\u00fc\u015f Paltolu Ay\u0131"},"content":{"rendered":"<p>Ben G\u00fcm\u00fc\u015f Paltolu Ay\u0131. Paltolu ay\u0131 m\u0131 olur hi\u00e7? Maalesef oldu! Bir g\u00fcn ormandan d\u00f6nd\u00fc\u011f\u00fcmde ma\u011faram\u0131n bir binaya d\u00f6n\u00fc\u015ft\u00fcr\u00fcld\u00fc\u011f\u00fcn\u00fc g\u00f6rd\u00fcm. \u00dcstelik ma\u011faran\u0131n a\u011fz\u0131na d\u00f6ner kap\u0131 takm\u0131\u015flard\u0131. Ben sadece k\u0131\u015f uykuma yatmak i\u00e7in yuvama d\u00f6n\u00fcyordum. \u015eimdiyse elimde dilek\u00e7eyle d\u00f6ner kap\u0131l\u0131 bu tuhaf binaya girmeye \u00e7al\u0131\u015f\u0131yorum. Bir elime de g\u00fcm\u00fc\u015f palto tutu\u015fturdular. \u015eehirde b\u00f6yle gezilirmi\u015f. Benim tatl\u0131 k\u0131llar\u0131m\u0131n nesini be\u011fenmediler yahu? Burada Pembe Tav\u015fan, insanlar\u0131n yapt\u0131\u011f\u0131 bir masan\u0131n ba\u015f\u0131nda oturup bana dik dik bak\u0131yor. Kanguru ile Sincap varil yuvarl\u0131yor. \u015eehrin ba\u015f\u0131nda ise b\u00f6cekleri hi\u00e7 sevmeyen yapayaln\u0131z bir belediye ba\u015fkan\u0131 var. Hem de insan! Toprak, a\u011fa\u00e7, ma\u011fara ve huzur; yerini beton, do\u011fam\u0131za uymayan kurallar ve kocaman binalara b\u0131rakm\u0131\u015f. Siz olsan\u0131z benim gibi elinizde dilek\u00e7e, s\u0131rt\u0131n\u0131zda palto, hakk\u0131n\u0131z\u0131 aramaz m\u0131s\u0131n\u0131z?<\/p>\n","protected":false},"excerpt":{"rendered":"<p>Ben G\u00fcm\u00fc\u015f Paltolu Ay\u0131. Paltolu ay\u0131 m\u0131 olur hi\u00e7? Maalesef oldu! Bir g\u00fcn ormandan d\u00f6nd\u00fc\u011f\u00fcmde ma\u011faram\u0131n bir binaya d\u00f6n\u00fc\u015ft\u00fcr\u00fcld\u00fc\u011f\u00fcn\u00fc g\u00f6rd\u00fcm. \u00dcstelik ma\u011faran\u0131n a\u011fz\u0131na d\u00f6ner kap\u0131 takm\u0131\u015flard\u0131.<span class=\"excerpt-hellip\"> [\u2026]<\/span><\/p>\n","protected":false},"featured_media":0,"template":"","meta":{"_monsterinsights_skip_tracking":false,"_monsterinsights_sitenote_active":false,"_monsterinsights_sitenote_note":"","_monsterinsights_sitenote_category":0},"product_brand":[],"product_cat":[12274,12284],"product_tag":[],"class_list":{"0":"post-784995","1":"product","2":"type-product","3":"status-publish","5":"product_cat-cocuk-ve-genclik-kitaplari","6":"product_cat-hikayeler","7":"pa_cilt-ciltsiz","8":"pa_tur-kitap","9":"pa_yayinevi-genc-timas","10":"pa_yazar-hamza-celikel","12":"first","13":"instock","14":"sale","15":"shipping-taxable","16":"purchasable","17":"product-type-simple"},"_links":{"self":[{"href":"https:\/\/roveyayinevi.com.tr\/index.php\/wp-json\/wp\/v2\/product\/784995","targetHints":{"allow":["GET"]}}],"collection":[{"href":"https:\/\/roveyayinevi.com.tr\/index.php\/wp-json\/wp\/v2\/product"}],"about":[{"href":"https:\/\/roveyayinevi.com.tr\/index.php\/wp-json\/wp\/v2\/types\/product"}],"wp:attachment":[{"href":"https:\/\/roveyayinevi.com.tr\/index.php\/wp-json\/wp\/v2\/media?parent=784995"}],"wp:term":[{"taxonomy":"product_brand","embeddable":true,"href":"https:\/\/roveyayinevi.com.tr\/index.php\/wp-json\/wp\/v2\/product_brand?post=784995"},{"taxonomy":"product_cat","embeddable":true,"href":"https:\/\/roveyayinevi.com.tr\/index.php\/wp-json\/wp\/v2\/product_cat?post=784995"},{"taxonomy":"product_tag","embeddable":true,"href":"https:\/\/roveyayinevi.com.tr\/index.php\/wp-json\/wp\/v2\/product_tag?post=784995"}],"curies":[{"name":"wp","href":"https:\/\/api.w.org\/{rel}","templated":true}]}}