{"id":784993,"date":"2026-03-16T22:31:53","date_gmt":"2026-03-16T19:31:53","guid":{"rendered":"https:\/\/roveyayinevi.com.tr\/index.php\/urun\/atesi-geri-getiren-cocuk\/"},"modified":"2026-04-15T03:46:13","modified_gmt":"2026-04-15T00:46:13","slug":"atesi-geri-getiren-cocuk","status":"publish","type":"product","link":"https:\/\/roveyayinevi.com.tr\/index.php\/urun\/atesi-geri-getiren-cocuk\/","title":{"rendered":"Ate\u015fi Geri Getiren \u00c7ocuk"},"content":{"rendered":"<p>Morgan s\u0131radan bir \u00e7ocuk de\u011fildi. Zaten s\u0131radan bir \u00e7ocuk olsayd\u0131, bebekken Bayan Culpepper\u2019in kap\u0131s\u0131n\u0131n \u00f6n\u00fcnde, bir sepetin i\u00e7inde ve b\u00f6yle gizemli bir notla bulunmazd\u0131, de\u011fil mi?    \u201cBeni sisin \u00f6teki taraf\u0131na g\u00f6t\u00fcr\u00fcn. \u00dc\u00e7 k\u0131z karde\u015fin evini bulun ve onlara g\u00fcne\u015fin k\u0131v\u0131lc\u0131m\u0131n\u0131n bende oldu\u011funu s\u00f6yleyin.\u201d \u00dcstelik Morgan\u2019\u0131n sa\u011f omzunun \u00fcst\u00fcnde, yaln\u0131zca onun g\u00f6rebildi\u011fi k\u00fc\u00e7\u00fcc\u00fck bir alev vard\u0131. Hi\u00e7 s\u00f6nmezdi. Morgan ona G\u00fcn\u0131\u015f\u0131\u011f\u0131 derdi.   Ta ki bir sabah \u015fehir, g\u00fcne\u015fi yutan koyu bir sisin i\u00e7ine hapsolana kadar\u2026 Sis da\u011f\u0131lmad\u0131, G\u00fcn\u0131\u015f\u0131\u011f\u0131 solmaya ba\u015flad\u0131. \u0130\u015fte o zaman Bayan Culpepper notu hat\u0131rlad\u0131. Morgan, sisin \u00f6tesine ge\u00e7meliydi. \u00c7\u00fcnk\u00fc G\u00fcn\u0131\u015f\u0131\u011f\u0131 ancak \u00fc\u00e7 k\u0131z karde\u015fin evini bulursa ya\u015fayacakt\u0131. Kimsenin bilmedi\u011fi \u015fey ise o \u00fc\u00e7 k\u0131z karde\u015fin ger\u00e7ekte kim olduklar\u0131yd\u0131.<\/p>\n","protected":false},"excerpt":{"rendered":"<p>Morgan s\u0131radan bir \u00e7ocuk de\u011fildi. Zaten s\u0131radan bir \u00e7ocuk olsayd\u0131, bebekken Bayan Culpepper\u2019in kap\u0131s\u0131n\u0131n \u00f6n\u00fcnde, bir sepetin i\u00e7inde ve b\u00f6yle gizemli bir notla bulunmazd\u0131, de\u011fil mi?<span class=\"excerpt-hellip\"> [\u2026]<\/span><\/p>\n","protected":false},"featured_media":0,"template":"","meta":{"_monsterinsights_skip_tracking":false,"_monsterinsights_sitenote_active":false,"_monsterinsights_sitenote_note":"","_monsterinsights_sitenote_category":0},"product_brand":[],"product_cat":[12274,12284],"product_tag":[],"class_list":{"0":"post-784993","1":"product","2":"type-product","3":"status-publish","5":"product_cat-cocuk-ve-genclik-kitaplari","6":"product_cat-hikayeler","7":"pa_cilt-ciltsiz","8":"pa_tur-kitap","9":"pa_yayinevi-genc-timas","10":"pa_yazar-ledicia-costas","12":"first","13":"instock","14":"sale","15":"shipping-taxable","16":"purchasable","17":"product-type-simple"},"_links":{"self":[{"href":"https:\/\/roveyayinevi.com.tr\/index.php\/wp-json\/wp\/v2\/product\/784993","targetHints":{"allow":["GET"]}}],"collection":[{"href":"https:\/\/roveyayinevi.com.tr\/index.php\/wp-json\/wp\/v2\/product"}],"about":[{"href":"https:\/\/roveyayinevi.com.tr\/index.php\/wp-json\/wp\/v2\/types\/product"}],"wp:attachment":[{"href":"https:\/\/roveyayinevi.com.tr\/index.php\/wp-json\/wp\/v2\/media?parent=784993"}],"wp:term":[{"taxonomy":"product_brand","embeddable":true,"href":"https:\/\/roveyayinevi.com.tr\/index.php\/wp-json\/wp\/v2\/product_brand?post=784993"},{"taxonomy":"product_cat","embeddable":true,"href":"https:\/\/roveyayinevi.com.tr\/index.php\/wp-json\/wp\/v2\/product_cat?post=784993"},{"taxonomy":"product_tag","embeddable":true,"href":"https:\/\/roveyayinevi.com.tr\/index.php\/wp-json\/wp\/v2\/product_tag?post=784993"}],"curies":[{"name":"wp","href":"https:\/\/api.w.org\/{rel}","templated":true}]}}