{"id":784991,"date":"2026-03-16T22:31:46","date_gmt":"2026-03-16T19:31:46","guid":{"rendered":"https:\/\/roveyayinevi.com.tr\/index.php\/urun\/jackienin-mutfaginda-neler-oluyor\/"},"modified":"2026-04-15T03:46:13","modified_gmt":"2026-04-15T00:46:13","slug":"jackienin-mutfaginda-neler-oluyor","status":"publish","type":"product","link":"https:\/\/roveyayinevi.com.tr\/index.php\/urun\/jackienin-mutfaginda-neler-oluyor\/","title":{"rendered":"Jackie&#8217;nin Mutfa\u011f\u0131nda Neler Oluyor?"},"content":{"rendered":"<p>Y\u00fcksek notlar, zor s\u0131navlar, \u201c\u00f6rnek \u00f6\u011frenci\u201d olma bask\u0131s\u0131&#8230; Oysa Jackie Oh art\u0131k m\u00fckemmel olmaktan yorulmu\u015ftu. Gen\u00e7 k\u0131z\u0131n tek hayali, ger\u00e7ek bir \u015fef olmakt\u0131. Koreli Amerikal\u0131 ailesi onun i\u00e7in \u00e7oktan ba\u015fka bir gelecek \u00e7izmi\u015fti. Jackie ise dedesinin Manhattan\u2019daki \u015fark\u00fcterisinde \u00e7al\u0131\u015f\u0131yor, geceleri gizlice Frans\u0131z mutfa\u011f\u0131 teknikleri \u00f6\u011freniyordu. Okul, aile, Asyal\u0131lara kar\u015f\u0131 \u0131rk\u00e7\u0131l\u0131k&#8230; Bask\u0131 her yerdeydi. S\u0131\u011f\u0131nabildi\u011fi tek yerse mutfakt\u0131. Jackie, favori televizyon program\u0131 Ate\u015fte Yar\u0131\u015f!\u2019a yar\u0131\u015fmac\u0131 olarak se\u00e7ilince her \u015fey de\u011fi\u015fti. Kameralar a\u00e7\u0131ld\u0131. Rakipler ac\u0131mas\u0131z, j\u00fcri sertti. G\u00f6revlerse tuzaklarla doluydu.<\/p>\n","protected":false},"excerpt":{"rendered":"<p>Y\u00fcksek notlar, zor s\u0131navlar, \u201c\u00f6rnek \u00f6\u011frenci\u201d olma bask\u0131s\u0131&#8230; Oysa Jackie Oh art\u0131k m\u00fckemmel olmaktan yorulmu\u015ftu. Gen\u00e7 k\u0131z\u0131n tek hayali, ger\u00e7ek bir \u015fef olmakt\u0131. Koreli Amerikal\u0131 ailesi<span class=\"excerpt-hellip\"> [\u2026]<\/span><\/p>\n","protected":false},"featured_media":0,"template":"","meta":{"_monsterinsights_skip_tracking":false,"_monsterinsights_sitenote_active":false,"_monsterinsights_sitenote_note":"","_monsterinsights_sitenote_category":0},"product_brand":[],"product_cat":[12291,12711],"product_tag":[],"class_list":{"0":"post-784991","1":"product","2":"type-product","3":"status-publish","5":"product_cat-edebiyat","6":"product_cat-roman-oyku","7":"pa_cilt-ciltsiz","8":"pa_tur-kitap","9":"pa_yayinevi-yuzu-kitap","10":"pa_yazar-patricia-park","12":"first","13":"instock","14":"sale","15":"shipping-taxable","16":"purchasable","17":"product-type-simple"},"_links":{"self":[{"href":"https:\/\/roveyayinevi.com.tr\/index.php\/wp-json\/wp\/v2\/product\/784991","targetHints":{"allow":["GET"]}}],"collection":[{"href":"https:\/\/roveyayinevi.com.tr\/index.php\/wp-json\/wp\/v2\/product"}],"about":[{"href":"https:\/\/roveyayinevi.com.tr\/index.php\/wp-json\/wp\/v2\/types\/product"}],"wp:attachment":[{"href":"https:\/\/roveyayinevi.com.tr\/index.php\/wp-json\/wp\/v2\/media?parent=784991"}],"wp:term":[{"taxonomy":"product_brand","embeddable":true,"href":"https:\/\/roveyayinevi.com.tr\/index.php\/wp-json\/wp\/v2\/product_brand?post=784991"},{"taxonomy":"product_cat","embeddable":true,"href":"https:\/\/roveyayinevi.com.tr\/index.php\/wp-json\/wp\/v2\/product_cat?post=784991"},{"taxonomy":"product_tag","embeddable":true,"href":"https:\/\/roveyayinevi.com.tr\/index.php\/wp-json\/wp\/v2\/product_tag?post=784991"}],"curies":[{"name":"wp","href":"https:\/\/api.w.org\/{rel}","templated":true}]}}