{"id":784989,"date":"2026-03-16T22:31:40","date_gmt":"2026-03-16T19:31:40","guid":{"rendered":"https:\/\/roveyayinevi.com.tr\/index.php\/urun\/guvenli-internet-alemi\/"},"modified":"2026-04-15T03:46:13","modified_gmt":"2026-04-15T00:46:13","slug":"guvenli-internet-alemi","status":"publish","type":"product","link":"https:\/\/roveyayinevi.com.tr\/index.php\/urun\/guvenli-internet-alemi\/","title":{"rendered":"G\u00fcvenli \u0130nternet Alemi"},"content":{"rendered":"<p>Tablet \u201cbir b\u00f6l\u00fcm daha\u201d diye f\u0131s\u0131ldarken, telefon \u201csadece 5 dakika\u201d derken, sen asl\u0131nda kocaman bir dijital maceran\u0131n ortas\u0131nda olabilirsin! Ama merak etme, bu kitap s\u0131k\u0131c\u0131 kurallar kitab\u0131 de\u011fil. Bu kitapta: Oyun oynarken zaman\u0131 nas\u0131l kaybetmeyece\u011fini, \u201cBiraz daha\u201d tuza\u011f\u0131ndan nas\u0131l ka\u00e7aca\u011f\u0131n\u0131, dijital d\u00fcnyada ak\u0131ll\u0131, g\u00fc\u00e7l\u00fc ve kontroll\u00fc olmay\u0131, hem g\u00fclerek hem d\u00fc\u015f\u00fcnerek \u00f6\u011freneceksin! Burada yasaklar yok, korkutma yok. Sadece daha e\u011flenceli bir dijital hayat i\u00e7in s\u00fcper ipu\u00e7lar\u0131 var. Haz\u0131rsan sayfay\u0131 \u00e7evir\u2026 \u00c7\u00fcnk\u00fc bu kitap, ekranlara kimin patron oldu\u011funu hat\u0131rlat\u0131yor!<\/p>\n","protected":false},"excerpt":{"rendered":"<p>Tablet \u201cbir b\u00f6l\u00fcm daha\u201d diye f\u0131s\u0131ldarken, telefon \u201csadece 5 dakika\u201d derken, sen asl\u0131nda kocaman bir dijital maceran\u0131n ortas\u0131nda olabilirsin! Ama merak etme, bu kitap s\u0131k\u0131c\u0131 kurallar<span class=\"excerpt-hellip\"> [\u2026]<\/span><\/p>\n","protected":false},"featured_media":0,"template":"","meta":{"_monsterinsights_skip_tracking":false,"_monsterinsights_sitenote_active":false,"_monsterinsights_sitenote_note":"","_monsterinsights_sitenote_category":0},"product_brand":[],"product_cat":[13829,12274],"product_tag":[],"class_list":{"0":"post-784989","1":"product","2":"type-product","3":"status-publish","5":"product_cat-bilimsel-kitaplar","6":"product_cat-cocuk-ve-genclik-kitaplari","7":"pa_cilt-ciltsiz","8":"pa_tur-kitap","9":"pa_yayinevi-eglenceli-bilgi-yayinlari","10":"pa_yazar-yavuz-samur","12":"first","13":"instock","14":"sale","15":"shipping-taxable","16":"purchasable","17":"product-type-simple"},"_links":{"self":[{"href":"https:\/\/roveyayinevi.com.tr\/index.php\/wp-json\/wp\/v2\/product\/784989","targetHints":{"allow":["GET"]}}],"collection":[{"href":"https:\/\/roveyayinevi.com.tr\/index.php\/wp-json\/wp\/v2\/product"}],"about":[{"href":"https:\/\/roveyayinevi.com.tr\/index.php\/wp-json\/wp\/v2\/types\/product"}],"wp:attachment":[{"href":"https:\/\/roveyayinevi.com.tr\/index.php\/wp-json\/wp\/v2\/media?parent=784989"}],"wp:term":[{"taxonomy":"product_brand","embeddable":true,"href":"https:\/\/roveyayinevi.com.tr\/index.php\/wp-json\/wp\/v2\/product_brand?post=784989"},{"taxonomy":"product_cat","embeddable":true,"href":"https:\/\/roveyayinevi.com.tr\/index.php\/wp-json\/wp\/v2\/product_cat?post=784989"},{"taxonomy":"product_tag","embeddable":true,"href":"https:\/\/roveyayinevi.com.tr\/index.php\/wp-json\/wp\/v2\/product_tag?post=784989"}],"curies":[{"name":"wp","href":"https:\/\/api.w.org\/{rel}","templated":true}]}}