{"id":784988,"date":"2026-03-16T22:31:37","date_gmt":"2026-03-16T19:31:37","guid":{"rendered":"https:\/\/roveyayinevi.com.tr\/index.php\/urun\/tevekkul-2\/"},"modified":"2026-04-15T03:46:13","modified_gmt":"2026-04-15T00:46:13","slug":"tevekkul-2","status":"publish","type":"product","link":"https:\/\/roveyayinevi.com.tr\/index.php\/urun\/tevekkul-2\/","title":{"rendered":"Tevekk\u00fcl"},"content":{"rendered":"<p>\u201cKim Allah\u2019a dayan\u0131p g\u00fcvenirse Allah, ona yeter.\u201d Talak, 3. Tevekk\u00fcl, \u0130slam d\u00fc\u015f\u00fcncesinde iman, teslimiyet ve g\u00fcven sacaya\u011f\u0131yla derinle\u015fen hem teolojik hem psikolojik boyutlar\u0131yla bireyin hayat\u0131na y\u00f6n veren bir tutumdur. Allah\u2019a iman etmek O\u2019na teslim olmay\u0131, \u015fartlar ne olursa olsun O\u2019na g\u00fcven duymay\u0131 ve O\u2019ndan yard\u0131m dilemeyi zorunlu k\u0131lar. Fatiha suresinde her g\u00fcn defalarca tekrarlad\u0131\u011f\u0131m\u0131z \u201c(Rabbimiz!) Ancak sana kulluk eder ve yaln\u0131z senden yard\u0131m dileriz.\u201d m\u00fcnacat\u0131 tevekk\u00fcl\u00fcn \u00fczerine bina edildi\u011fi temel ilkedir. Kur\u2019\u00e2n-\u0131 Ker\u00eem ve hadis-i \u015feriflerde tevekk\u00fcl, kulun her i\u015finde Allah\u2019\u0131 yeg\u00e2ne s\u0131\u011f\u0131nak bilmesi ve hayr\u0131n da \u015ferrin de ilah\u00ee takdire ba\u011fl\u0131 oldu\u011funun idrak etmesi olarak ifade edilir. Bu seviyede kul, ki\u015finin \u201cdaimi surette Allah ile birlikte olma\u201d bilincini hayat\u0131n\u0131n b\u00fct\u00fcn boyutlar\u0131na yans\u0131tmas\u0131 anlam\u0131na gelir. Allah\u2019a g\u00fcvenmek, O\u2019nun kap\u0131s\u0131n\u0131n kullar\u0131na tahsis edildi\u011fine ve bu sebeple de hi\u00e7bir zaman kapanmad\u0131\u011f\u0131na inanarak ya\u015famakt\u0131r. Allah\u2019\u0131n el-Gan\u00ee olu\u015fu kuluna her anlamda Vekil olabilece\u011finin teminat\u0131d\u0131r; buna iman eden kul Allah\u2019tan ba\u015fka hi\u00e7bir varl\u0131\u011fa bel ba\u011flamaz. O\u2019ndan gelen her \u015feye \u201ceyvallah\u201d der. Sufilerin s\u0131kl\u0131kla dile getirdikleri gibi: \u201cKahr\u0131n da ho\u015f, l\u00fctfun da ho\u015f&#8230;\u201d Yay\u0131n dan\u0131\u015fmanl\u0131\u011f\u0131n\u0131 ahlak d\u00fc\u015f\u00fcncesi alan\u0131ndaki \u00e7al\u0131\u015fmalar\u0131yla tan\u0131nan Prof. Dr. \u00d6mer T\u00fcrker\u2019in \u00fcstlendi\u011fi \u201cAhlak Kitapl\u0131\u011f\u0131\u201d, ahlak alan\u0131nda kal\u0131c\u0131 ve referans niteli\u011finde bir k\u00fclliyat olu\u015fturmay\u0131 hedeflemektedir. Serinin ilk kavram kitab\u0131 olan Tevekk\u00fcl, Dr. Hicret Karaduman taraf\u0131ndan sade ve kolay anla\u015f\u0131l\u0131r bir dille yay\u0131na haz\u0131rland\u0131.<\/p>\n","protected":false},"excerpt":{"rendered":"<p>\u201cKim Allah\u2019a dayan\u0131p g\u00fcvenirse Allah, ona yeter.\u201d Talak, 3. Tevekk\u00fcl, \u0130slam d\u00fc\u015f\u00fcncesinde iman, teslimiyet ve g\u00fcven sacaya\u011f\u0131yla derinle\u015fen hem teolojik hem psikolojik boyutlar\u0131yla bireyin hayat\u0131na y\u00f6n<span class=\"excerpt-hellip\"> [\u2026]<\/span><\/p>\n","protected":false},"featured_media":0,"template":"","meta":{"_monsterinsights_skip_tracking":false,"_monsterinsights_sitenote_active":false,"_monsterinsights_sitenote_note":"","_monsterinsights_sitenote_category":0},"product_brand":[],"product_cat":[12718,12719],"product_tag":[],"class_list":{"0":"post-784988","1":"product","2":"type-product","3":"status-publish","5":"product_cat-din","6":"product_cat-islam","7":"pa_cilt-ciltsiz","8":"pa_tur-kitap","9":"pa_yayinevi-sufi-kitap","10":"pa_yazar-hicret-karaduman","12":"first","13":"instock","14":"sale","15":"shipping-taxable","16":"purchasable","17":"product-type-simple"},"_links":{"self":[{"href":"https:\/\/roveyayinevi.com.tr\/index.php\/wp-json\/wp\/v2\/product\/784988","targetHints":{"allow":["GET"]}}],"collection":[{"href":"https:\/\/roveyayinevi.com.tr\/index.php\/wp-json\/wp\/v2\/product"}],"about":[{"href":"https:\/\/roveyayinevi.com.tr\/index.php\/wp-json\/wp\/v2\/types\/product"}],"wp:attachment":[{"href":"https:\/\/roveyayinevi.com.tr\/index.php\/wp-json\/wp\/v2\/media?parent=784988"}],"wp:term":[{"taxonomy":"product_brand","embeddable":true,"href":"https:\/\/roveyayinevi.com.tr\/index.php\/wp-json\/wp\/v2\/product_brand?post=784988"},{"taxonomy":"product_cat","embeddable":true,"href":"https:\/\/roveyayinevi.com.tr\/index.php\/wp-json\/wp\/v2\/product_cat?post=784988"},{"taxonomy":"product_tag","embeddable":true,"href":"https:\/\/roveyayinevi.com.tr\/index.php\/wp-json\/wp\/v2\/product_tag?post=784988"}],"curies":[{"name":"wp","href":"https:\/\/api.w.org\/{rel}","templated":true}]}}