{"id":784987,"date":"2026-03-16T22:31:35","date_gmt":"2026-03-16T19:31:35","guid":{"rendered":"https:\/\/roveyayinevi.com.tr\/index.php\/urun\/ibn-miskeveyh-arinma-ve-erdem\/"},"modified":"2026-04-15T03:46:13","modified_gmt":"2026-04-15T00:46:13","slug":"ibn-miskeveyh-arinma-ve-erdem","status":"publish","type":"product","link":"https:\/\/roveyayinevi.com.tr\/index.php\/urun\/ibn-miskeveyh-arinma-ve-erdem\/","title":{"rendered":"\u0130bn Miskeveyh &#8211; Ar\u0131nma ve Erdem"},"content":{"rendered":"<p>Baz\u0131 filozoflar vard\u0131r ki yaln\u0131zca ya\u015fad\u0131klar\u0131 \u00e7a\u011f\u0131n sorunlar\u0131na de\u011fil, insanl\u0131\u011f\u0131n ortak ser\u00fcvenine de seslenirler. Y\u00fczy\u0131llar\u0131 a\u015fan bir d\u00fc\u015f\u00fcnce k\u00f6pr\u00fcs\u00fc kurar, fikrin zamana ba\u011fl\u0131 de\u011fil, zamana e\u015flik eden bir hakikat oldu\u011funu hat\u0131rlat\u0131rlar. \u0130bn Miskeveyh, bu k\u00f6pr\u00fclerin en sa\u011flam mimarlar\u0131ndan biridir. Onun metinleri, yaln\u0131zca bir d\u00f6nemin zihin iklimini de\u011fil, insan\u0131n ahlaki yolculu\u011funun da ele al\u0131r. O, soyut sistemler kuran bir filozoftan ziyade, insan\u0131 merkeze alan bir bilgedir. X. y\u00fczy\u0131l \u0130slam d\u00fcnyas\u0131n\u0131n en parlak entelekt\u00fcel ortam\u0131nda yeti\u015fen \u0130bn Miskeveyh, Aristoteles ve F\u00e2r\u00e2b\u00ee\u2019den sonra el-muallim\u00fc\u2019s-s\u00e2lis (\u00fc\u00e7\u00fcnc\u00fc \u00f6\u011fretmen) \u00fcnvan\u0131yla an\u0131lm\u0131\u015f, ahlak d\u00fc\u015f\u00fcncesini teorik bir alan olmaktan \u00e7\u0131kararak bir \u201cya\u015fam prati\u011fi\u201d h\u00e2line getirmi\u015ftir. Metafizikten psikolojiye, tarihten ahlak felsefesine uzanan geni\u015f d\u00fc\u015f\u00fcnce alan\u0131 i\u00e7inde onun as\u0131l oda\u011f\u0131 insan olmu\u015ftur. Bu nedenle modern \u00e7a\u011f\u0131n karma\u015fas\u0131nda dahi \u0130bn Miskeveyh\u2019in sesi yank\u0131lanmaya devam eder. Yay\u0131n dan\u0131\u015fmanl\u0131\u011f\u0131n\u0131 ahlak d\u00fc\u015f\u00fcncesi alan\u0131ndaki \u00e7al\u0131\u015fmalar\u0131yla tan\u0131nan Prof. Dr. \u00d6mer T\u00fcrker\u2019in \u00fcstlendi\u011fi \u201cAhlak Kitapl\u0131\u011f\u0131\u201d, ahlak alan\u0131nda kal\u0131c\u0131 ve referans niteli\u011finde bir k\u00fclliyat olu\u015fturmay\u0131 hedeflemektedir. Serinin ilk kitaplar\u0131ndan biri olan \u0130bn Miskeveyh: Ar\u0131nma ve Erdem, \u0130bn Miskeveyh \u00fczerine \u00f6nemli \u00e7al\u0131\u015fmalara imza atan Prof. Dr. M\u00fcfit Selim Saruhan taraf\u0131ndan sade ve anla\u015f\u0131l\u0131r bir dille kaleme al\u0131nm\u0131\u015ft\u0131r.<\/p>\n","protected":false},"excerpt":{"rendered":"<p>Baz\u0131 filozoflar vard\u0131r ki yaln\u0131zca ya\u015fad\u0131klar\u0131 \u00e7a\u011f\u0131n sorunlar\u0131na de\u011fil, insanl\u0131\u011f\u0131n ortak ser\u00fcvenine de seslenirler. Y\u00fczy\u0131llar\u0131 a\u015fan bir d\u00fc\u015f\u00fcnce k\u00f6pr\u00fcs\u00fc kurar, fikrin zamana ba\u011fl\u0131 de\u011fil, zamana e\u015flik<span class=\"excerpt-hellip\"> [\u2026]<\/span><\/p>\n","protected":false},"featured_media":0,"template":"","meta":{"_monsterinsights_skip_tracking":false,"_monsterinsights_sitenote_active":false,"_monsterinsights_sitenote_note":"","_monsterinsights_sitenote_category":0},"product_brand":[],"product_cat":[12718,12719],"product_tag":[],"class_list":{"0":"post-784987","1":"product","2":"type-product","3":"status-publish","5":"product_cat-din","6":"product_cat-islam","7":"pa_cilt-ciltsiz","8":"pa_tur-kitap","9":"pa_yayinevi-sufi-kitap","10":"pa_yazar-mufit-selim-saruhan","12":"first","13":"instock","14":"sale","15":"shipping-taxable","16":"purchasable","17":"product-type-simple"},"_links":{"self":[{"href":"https:\/\/roveyayinevi.com.tr\/index.php\/wp-json\/wp\/v2\/product\/784987","targetHints":{"allow":["GET"]}}],"collection":[{"href":"https:\/\/roveyayinevi.com.tr\/index.php\/wp-json\/wp\/v2\/product"}],"about":[{"href":"https:\/\/roveyayinevi.com.tr\/index.php\/wp-json\/wp\/v2\/types\/product"}],"wp:attachment":[{"href":"https:\/\/roveyayinevi.com.tr\/index.php\/wp-json\/wp\/v2\/media?parent=784987"}],"wp:term":[{"taxonomy":"product_brand","embeddable":true,"href":"https:\/\/roveyayinevi.com.tr\/index.php\/wp-json\/wp\/v2\/product_brand?post=784987"},{"taxonomy":"product_cat","embeddable":true,"href":"https:\/\/roveyayinevi.com.tr\/index.php\/wp-json\/wp\/v2\/product_cat?post=784987"},{"taxonomy":"product_tag","embeddable":true,"href":"https:\/\/roveyayinevi.com.tr\/index.php\/wp-json\/wp\/v2\/product_tag?post=784987"}],"curies":[{"name":"wp","href":"https:\/\/api.w.org\/{rel}","templated":true}]}}