{"id":784985,"date":"2026-03-16T22:31:30","date_gmt":"2026-03-16T19:31:30","guid":{"rendered":"https:\/\/roveyayinevi.com.tr\/index.php\/urun\/futuvvet-erdemli-insan\/"},"modified":"2026-04-15T03:46:13","modified_gmt":"2026-04-15T00:46:13","slug":"futuvvet-erdemli-insan","status":"publish","type":"product","link":"https:\/\/roveyayinevi.com.tr\/index.php\/urun\/futuvvet-erdemli-insan\/","title":{"rendered":"F\u00fct\u00fcvvet &#8211; Erdemli \u0130nsan"},"content":{"rendered":"<p>F\u00fct\u00fcvvet, Hz. Peygamber\u2019in (sav) t\u00fcm insanl\u0131\u011fa \u00f6\u011fretmek i\u00e7in g\u00f6nderildi\u011fi en g\u00fczel ahlakt\u0131r. F\u00fct\u00fcvvet, S\u00fcnnet\u2019in zahir (beden) ve bat\u0131n (kalp) boyutlar\u0131n\u0131 uygulamas\u0131d\u0131r. F\u00fct\u00fcvvet, mek\u00e2rimi\u2019l-ahl\u00e2kt\u0131r yani ahl\u00e2k\u0131n en \u00fcst seviyesidir. F\u00fct\u00fcvvet, uygulamal\u0131 tasavvuftur. Buradan hareketle f\u00fct\u00fcvvet, Hz. \u00c2dem\u2019den (as) Hz. Muhammed\u2019e (sav) kadar gelmi\u015f t\u00fcm peygamberlerin, onlar\u0131n takip eden ashablar\u0131n\u0131n, uleman\u0131n, evliyan\u0131n ve takva sahibi M\u00fcsl\u00fcmanlar\u0131n ahl\u00e2k\u0131d\u0131r. Toplum ve medeniyet din \u00fczerine bina edilir. Nitekim Peygamberimiz (sav) \u201cBen g\u00fczel ahl\u00e2k\u0131 tamamlamak i\u00e7in g\u00f6nderildim.\u201d buyurarak toplumu \u0131slah\u0131, \u00fcmmeti ve medeniyeti in\u015fay\u0131 \u00f6nce ahl\u00e2ktan ba\u015flatm\u0131\u015ft\u0131r. Erdem bilmek de\u011fil, olmakt\u0131r. Daha a\u00e7\u0131k bir ifadeyle erdem sadece do\u011frunun ne oldu\u011funu bilmek de\u011fil, do\u011fru olmakt\u0131r. \u0130nsan\u0131 erdemli olmaya g\u00f6t\u00fcren yol, f\u00fct\u00fcvvet yoludur. F\u00fct\u00fcvvet yolu, Mevl\u00e2n\u00e2, Yunus Emre, Somuncu Baba, Hac\u0131 Bayram-\u0131 Veli, Hac\u0131 Bekta\u015f Veli, Ahi Evren, E\u015frefo\u011flu Rumi, Aziz Mahmut H\u00fcd\u00e2yi, Osman Gazi ve Fatih Sultan Mehmet gibi say\u0131s\u0131z b\u00fcy\u00fcklerimizin yoludur. Yay\u0131n dan\u0131\u015fmanl\u0131\u011f\u0131n\u0131, ahlak d\u00fc\u015f\u00fcncesi alan\u0131ndaki \u00e7al\u0131\u015fmalar\u0131yla tan\u0131nan Prof. Dr. \u00d6mer T\u00fcrker\u2019in \u00fcstlendi\u011fi \u201cAhlak Kitapl\u0131\u011f\u0131\u201d, ahlak alan\u0131nda kal\u0131c\u0131 ve referans niteli\u011fi ta\u015f\u0131yan bir k\u00fclliyat olu\u015fturmay\u0131 hedeflemektedir. Serinin ilk kitaplar\u0131ndan biri olan F\u00fct\u00fcvvet, erdemli bir toplum in\u015fas\u0131n\u0131n her zaman m\u00fcmk\u00fcn oldu\u011funu savunan Prof. Dr. Recep \u015eent\u00fcrk taraf\u0131ndan sade ve kolay anla\u015f\u0131l\u0131r bir dille kaleme al\u0131nd\u0131.<\/p>\n","protected":false},"excerpt":{"rendered":"<p>F\u00fct\u00fcvvet, Hz. Peygamber\u2019in (sav) t\u00fcm insanl\u0131\u011fa \u00f6\u011fretmek i\u00e7in g\u00f6nderildi\u011fi en g\u00fczel ahlakt\u0131r. F\u00fct\u00fcvvet, S\u00fcnnet\u2019in zahir (beden) ve bat\u0131n (kalp) boyutlar\u0131n\u0131 uygulamas\u0131d\u0131r. F\u00fct\u00fcvvet, mek\u00e2rimi\u2019l-ahl\u00e2kt\u0131r yani ahl\u00e2k\u0131n en<span class=\"excerpt-hellip\"> [\u2026]<\/span><\/p>\n","protected":false},"featured_media":0,"template":"","meta":{"_monsterinsights_skip_tracking":false,"_monsterinsights_sitenote_active":false,"_monsterinsights_sitenote_note":"","_monsterinsights_sitenote_category":0},"product_brand":[],"product_cat":[12718,12719],"product_tag":[],"class_list":{"0":"post-784985","1":"product","2":"type-product","3":"status-publish","5":"product_cat-din","6":"product_cat-islam","7":"pa_cilt-ciltsiz","8":"pa_tur-kitap","9":"pa_yayinevi-sufi-kitap","10":"pa_yazar-recep-senturk","12":"first","13":"instock","14":"sale","15":"shipping-taxable","16":"purchasable","17":"product-type-simple"},"_links":{"self":[{"href":"https:\/\/roveyayinevi.com.tr\/index.php\/wp-json\/wp\/v2\/product\/784985","targetHints":{"allow":["GET"]}}],"collection":[{"href":"https:\/\/roveyayinevi.com.tr\/index.php\/wp-json\/wp\/v2\/product"}],"about":[{"href":"https:\/\/roveyayinevi.com.tr\/index.php\/wp-json\/wp\/v2\/types\/product"}],"wp:attachment":[{"href":"https:\/\/roveyayinevi.com.tr\/index.php\/wp-json\/wp\/v2\/media?parent=784985"}],"wp:term":[{"taxonomy":"product_brand","embeddable":true,"href":"https:\/\/roveyayinevi.com.tr\/index.php\/wp-json\/wp\/v2\/product_brand?post=784985"},{"taxonomy":"product_cat","embeddable":true,"href":"https:\/\/roveyayinevi.com.tr\/index.php\/wp-json\/wp\/v2\/product_cat?post=784985"},{"taxonomy":"product_tag","embeddable":true,"href":"https:\/\/roveyayinevi.com.tr\/index.php\/wp-json\/wp\/v2\/product_tag?post=784985"}],"curies":[{"name":"wp","href":"https:\/\/api.w.org\/{rel}","templated":true}]}}